{"id":551,"date":"2023-02-27T11:36:24","date_gmt":"2023-02-27T11:36:24","guid":{"rendered":"http:\/\/octopus-kemer.com\/tr\/?page_id=551"},"modified":"2024-03-07T09:14:07","modified_gmt":"2024-03-07T09:14:07","slug":"fiyat-listesi","status":"publish","type":"page","link":"https:\/\/octopus-kemer.com\/tr\/fiyat-listesi\/","title":{"rendered":"F\u0130YAT L\u0130STES\u0130"},"content":{"rendered":"\n<div class=\"wp-block-group alignfull is-layout-flow wp-block-group-is-layout-flow\">\n<div class=\"wp-block-group alignfull has-custom-renk-1-background-color has-background is-layout-constrained wp-container-core-group-is-layout-75294154 wp-block-group-is-layout-constrained\" style=\"padding-top:0;padding-right:0;padding-bottom:0;padding-left:0\">\n<div class=\"wp-block-cover alignfull has-parallax\" style=\"padding-top:0;padding-right:0;padding-bottom:0;padding-left:0\"><span aria-hidden=\"true\" class=\"wp-block-cover__background has-background-dim\"><\/span><div role=\"img\" class=\"wp-block-cover__image-background wp-image-41 has-parallax\" style=\"background-position:50% 50%;background-image:url(http:\/\/octopus-kemer.com\/tr\/wp-content\/uploads\/2023\/02\/dsc_1006.jpg)\"><\/div><div class=\"wp-block-cover__inner-container is-layout-flow wp-block-cover-is-layout-flow\">\n<div class=\"wp-block-group is-layout-constrained wp-container-core-group-is-layout-9a0e727f wp-block-group-is-layout-constrained\" style=\"padding-top:100px;padding-right:0px;padding-bottom:100px;padding-left:0px\">\n<div class=\"wp-block-buttons is-content-justification-center is-layout-flex wp-container-core-buttons-is-layout-a89b3969 wp-block-buttons-is-layout-flex\">\n<div class=\"wp-block-button is-style-outline is-style-outline--1\"><a class=\"wp-block-button__link has-white-color has-text-color wp-element-button\" style=\"border-radius:10px\">F\u0130YAT L\u0130STES\u0130<\/a><\/div>\n<\/div>\n\n\n\n<div class=\"wp-block-columns alignwide is-layout-flex wp-container-core-columns-is-layout-28f84493 wp-block-columns-is-layout-flex\">\n<div class=\"wp-block-column is-vertically-aligned-center is-layout-flow wp-block-column-is-layout-flow\" style=\"padding-top:10px;padding-right:10px;padding-bottom:10px;padding-left:10px\">\n<div class=\"wp-block-group alignwide is-layout-constrained wp-container-core-group-is-layout-26420631 wp-block-group-is-layout-constrained\">\n<figure class=\"wp-block-table alignfull\"><table class=\"has-white-color has-text-color\"><tbody><tr><td class=\"has-text-align-center\" data-align=\"center\"><strong>THE PROGRAM<\/strong><\/td><td class=\"has-text-align-center\" data-align=\"center\"><strong>PRICE PERSON<\/strong><\/td><td class=\"has-text-align-center\" data-align=\"center\"><strong>DAYS<\/strong><\/td><td class=\"has-text-align-center\" data-align=\"center\"><strong>COMMENTS<\/strong><\/td><\/tr><tr><td class=\"has-text-align-center\" data-align=\"center\">TRY Dive<\/td><td class=\"has-text-align-center\" data-align=\"center\">55 EURO<\/td><td class=\"has-text-align-center\" data-align=\"center\">1<\/td><td class=\"has-text-align-center\" data-align=\"center\">2 Dives, transfer, lunch, Insurance, equipment<\/td><\/tr><tr><td class=\"has-text-align-center\" data-align=\"center\">Dives for experlenced diver<\/td><td class=\"has-text-align-center\" data-align=\"center\">65 EURO<\/td><td class=\"has-text-align-center\" data-align=\"center\">1<\/td><td class=\"has-text-align-center\" data-align=\"center\">2 Dives, transfer, lunch, Insurance, equipment<\/td><\/tr><tr><td class=\"has-text-align-center\" data-align=\"center\">Guest at the boat (without dives)<\/td><td class=\"has-text-align-center\" data-align=\"center\">20 EURO<\/td><td class=\"has-text-align-center\" data-align=\"center\">1<\/td><td class=\"has-text-align-center\" data-align=\"center\">transfer, lunch, equipment<\/td><\/tr><tr><td class=\"has-text-align-center\" data-align=\"center\">PADI Discover Scuba Diver<\/td><td class=\"has-text-align-center\" data-align=\"center\">195 EURO<\/td><td class=\"has-text-align-center\" data-align=\"center\">1<\/td><td class=\"has-text-align-center\" data-align=\"center\">2 Dives, transfer, lunch, Insurance, equipment, certificate<\/td><\/tr><tr><td class=\"has-text-align-center\" data-align=\"center\">PADI Scuba Diver<\/td><td class=\"has-text-align-center\" data-align=\"center\">355 EURO<\/td><td class=\"has-text-align-center\" data-align=\"center\">2<\/td><td class=\"has-text-align-center\" data-align=\"center\">2 Dives\/day, transfer, lunch, Insurance, equipment<\/td><\/tr><tr><td class=\"has-text-align-center\" data-align=\"center\">PADI Open Water Diver<\/td><td class=\"has-text-align-center\" data-align=\"center\">535 EURO<\/td><td class=\"has-text-align-center\" data-align=\"center\">3<\/td><td class=\"has-text-align-center\" data-align=\"center\">2 Dives\/day, transfer, lunch, Insurance, equipment<\/td><\/tr><tr><td class=\"has-text-align-center\" data-align=\"center\">PADI Advanced Open Water Diver<\/td><td class=\"has-text-align-center\" data-align=\"center\">485 EURO<\/td><td class=\"has-text-align-center\" data-align=\"center\">2<\/td><td class=\"has-text-align-center\" data-align=\"center\">2 Dives\/day, transfer, lunch, Insurance, equipment<\/td><\/tr><tr><td class=\"has-text-align-center\" data-align=\"center\">PADI Adventure Diver (Specialization)<\/td><td class=\"has-text-align-center\" data-align=\"center\">365 EURO<\/td><td class=\"has-text-align-center\" data-align=\"center\">1<\/td><td class=\"has-text-align-center\" data-align=\"center\">2 Dives, transfer, lunch, Insurance, equipment<\/td><\/tr><tr><td class=\"has-text-align-center\" data-align=\"center\">Emergency First Response<\/td><td class=\"has-text-align-center\" data-align=\"center\">270 EURO<\/td><td class=\"has-text-align-center\" data-align=\"center\">1<\/td><td class=\"has-text-align-center\" data-align=\"center\">Training on the boat, tranfer, lunch<\/td><\/tr><tr><td class=\"has-text-align-center\" data-align=\"center\">PADI Rescue Diver<\/td><td class=\"has-text-align-center\" data-align=\"center\">495 EURO<\/td><td class=\"has-text-align-center\" data-align=\"center\">3<\/td><td class=\"has-text-align-center\" data-align=\"center\">2 Dives\/day, transfer, lunch, Insurance, equipment<\/td><\/tr><tr><td class=\"has-text-align-center\" data-align=\"center\">PADI Divemaster<\/td><td class=\"has-text-align-center\" data-align=\"center\">945 EURO<\/td><td class=\"has-text-align-center\" data-align=\"center\">9<\/td><td class=\"has-text-align-center\" data-align=\"center\">2 Dives\/day, transfer, lunch, Insurance, equipment<\/td><\/tr><tr><td class=\"has-text-align-center\" data-align=\"center\">CMAS Diver *<\/td><td class=\"has-text-align-center\" data-align=\"center\">395 EURO<\/td><td class=\"has-text-align-center\" data-align=\"center\">3<\/td><td class=\"has-text-align-center\" data-align=\"center\">2 Dives\/day, transfer, lunch, Insurance, equipment<\/td><\/tr><tr><td class=\"has-text-align-center\" data-align=\"center\">CMAS Diver **<\/td><td class=\"has-text-align-center\" data-align=\"center\">345 EURO<\/td><td class=\"has-text-align-center\" data-align=\"center\">2<\/td><td class=\"has-text-align-center\" data-align=\"center\">2 Dives\/day, transfer, lunch, Insurance, equipment<\/td><\/tr><tr><td class=\"has-text-align-center\" data-align=\"center\">Specializations Deep Navigation &amp; First Aid<\/td><td class=\"has-text-align-center\" data-align=\"center\">185 EURO<\/td><td class=\"has-text-align-center\" data-align=\"center\">1<\/td><td class=\"has-text-align-center\" data-align=\"center\">2 Dives, transfer, lunch, Insurance, equipment<\/td><\/tr><tr><td class=\"has-text-align-center\" data-align=\"center\">CMAS Diver ***<\/td><td class=\"has-text-align-center\" data-align=\"center\">635 EURO<\/td><td class=\"has-text-align-center\" data-align=\"center\">7<\/td><td class=\"has-text-align-center\" data-align=\"center\">2 Dives\/day, transfer, lunch, Insurance, equipment<\/td><\/tr><\/tbody><\/table><figcaption class=\"wp-element-caption\"><strong>ALL LEVEL DIVING COURSE AVIABLE<\/strong><\/figcaption><\/figure>\n<\/div>\n<\/div>\n<\/div>\n<\/div>\n<\/div><\/div>\n<\/div>\n<\/div>\n","protected":false},"excerpt":{"rendered":"","protected":false},"author":1,"featured_media":0,"parent":0,"menu_order":0,"comment_status":"closed","ping_status":"closed","template":"","meta":{"footnotes":""},"class_list":["post-551","page","type-page","status-publish","hentry"],"_links":{"self":[{"href":"https:\/\/octopus-kemer.com\/tr\/wp-json\/wp\/v2\/pages\/551","targetHints":{"allow":["GET"]}}],"collection":[{"href":"https:\/\/octopus-kemer.com\/tr\/wp-json\/wp\/v2\/pages"}],"about":[{"href":"https:\/\/octopus-kemer.com\/tr\/wp-json\/wp\/v2\/types\/page"}],"author":[{"embeddable":true,"href":"https:\/\/octopus-kemer.com\/tr\/wp-json\/wp\/v2\/users\/1"}],"replies":[{"embeddable":true,"href":"https:\/\/octopus-kemer.com\/tr\/wp-json\/wp\/v2\/comments?post=551"}],"version-history":[{"count":29,"href":"https:\/\/octopus-kemer.com\/tr\/wp-json\/wp\/v2\/pages\/551\/revisions"}],"predecessor-version":[{"id":702,"href":"https:\/\/octopus-kemer.com\/tr\/wp-json\/wp\/v2\/pages\/551\/revisions\/702"}],"wp:attachment":[{"href":"https:\/\/octopus-kemer.com\/tr\/wp-json\/wp\/v2\/media?parent=551"}],"curies":[{"name":"wp","href":"https:\/\/api.w.org\/{rel}","templated":true}]}}