{"id":416,"date":"2023-02-26T21:44:48","date_gmt":"2023-02-26T21:44:48","guid":{"rendered":"http:\/\/octopus-kemer.com\/tr\/?page_id=416"},"modified":"2023-02-28T17:55:52","modified_gmt":"2023-02-28T17:55:52","slug":"cmas-kurslari","status":"publish","type":"page","link":"https:\/\/octopus-kemer.com\/tr\/cmas-kurslari\/","title":{"rendered":"CMAS KURSLARI"},"content":{"rendered":"\n<div class=\"wp-block-group alignfull is-layout-flow wp-block-group-is-layout-flow\">\n<div class=\"wp-block-group alignfull has-custom-renk-1-background-color has-background is-layout-constrained wp-container-core-group-is-layout-75294154 wp-block-group-is-layout-constrained\" style=\"padding-top:0;padding-right:0;padding-bottom:0;padding-left:0\">\n<div class=\"wp-block-cover alignfull has-parallax\" style=\"padding-top:0;padding-right:0;padding-bottom:0;padding-left:0\"><span aria-hidden=\"true\" class=\"wp-block-cover__background has-background-dim-80 has-background-dim\"><\/span><div role=\"img\" class=\"wp-block-cover__image-background wp-image-386 has-parallax\" style=\"background-position:50% 50%;background-image:url(http:\/\/octopus-kemer.com\/tr\/wp-content\/uploads\/2023\/02\/sualti.jpg)\"><\/div><div class=\"wp-block-cover__inner-container is-layout-flow wp-block-cover-is-layout-flow\">\n<div class=\"wp-block-group is-layout-constrained wp-container-core-group-is-layout-955c507f wp-block-group-is-layout-constrained\" style=\"padding-top:100px;padding-right:30px;padding-bottom:100px;padding-left:30px\">\n<div class=\"wp-block-buttons is-content-justification-center is-layout-flex wp-container-core-buttons-is-layout-a89b3969 wp-block-buttons-is-layout-flex\">\n<div class=\"wp-block-button is-style-outline is-style-outline--1\"><a class=\"wp-block-button__link wp-element-button\" style=\"border-radius:10px\">CMAS KURSLARI<\/a><\/div>\n<\/div>\n\n\n\n<div class=\"wp-block-columns alignwide is-layout-flex wp-container-core-columns-is-layout-28f84493 wp-block-columns-is-layout-flex\">\n<div class=\"wp-block-column is-vertically-aligned-center is-layout-flow wp-block-column-is-layout-flow\" style=\"padding-top:40px;padding-right:40px;padding-bottom:40px;padding-left:40px\">\n<div class=\"wp-block-group alignwide is-layout-constrained wp-container-core-group-is-layout-26420631 wp-block-group-is-layout-constrained\">\n<p><strong>B\u0130R YILDIZ DALICI KURSU<br><\/strong><br>1) 14 ya\u015f\u0131n\u0131 doldurmu\u015f olmak, (18 ya\u015f\u0131ndan k\u00fc\u00e7\u00fcklerden veli izin belgesi al\u0131n\u0131r.)<br><br>2) Federasyon taraf\u0131ndan haz\u0131rlanm\u0131\u015f yeterli y\u00fczme bildi\u011fine dair beyan\u0131n\u0131 ve dal\u0131\u015f yapmas\u0131nda engel bulunmad\u0131\u011f\u0131na ili\u015fkin sa\u011fl\u0131k bildirim formunu imzalayarak beyan ve ibraz etmek<br><br>3) \u0130lk\u00f6\u011fretim diplomas\u0131 veya e\u015fde\u011fer bir \u00f6\u011frenim belgesine sahip olmak.<br><br>B\u0130R YILDIZ DALICININ G\u00d6REV YETK\u0130 VE SORUMLULUKLARI<br><br>Dal\u0131\u015f donan\u0131mlar\u0131n\u0131 tak\u0131p, s\u00f6k\u00fcp, ku\u015fanabilen, bunlar\u0131 s\u0131\u011f e\u011fitim sular\u0131nda do\u011fru olarak kullan\u0131p dalabilen ve yan\u0131nda en az 3 y\u0131ld\u0131z dal\u0131c\u0131 ile a\u00e7\u0131k deniz dal\u0131\u015flar\u0131 yapmaya haz\u0131r dal\u0131c\u0131d\u0131r. 1 y\u0131ld\u0131z dal\u0131c\u0131 en \u00e7ok 18 metreye kadar dal\u0131\u015f yapabilir.<br><br><br><strong>\u0130K\u0130 YILDIZ DALICI KURSU<\/strong><br><br>1) 15 ya\u015f\u0131n\u0131 bitirmi\u015f olmak (18 ya\u015f\u0131ndan k\u00fc\u00e7\u00fcklerden veli izin belgesi al\u0131n\u0131r.)<br><br>2) Federasyon taraf\u0131ndan haz\u0131rlanm\u0131\u015f dal\u0131\u015f yapmas\u0131nda engel bulunmad\u0131\u011f\u0131na ili\u015fkin sa\u011fl\u0131k bildirim formunu imzalayarak beyan ve ibraz etmek<br><br>3) \u0130lk\u00f6\u011fretim diplomas\u0131 veya e\u015fde\u011fer bir \u00f6\u011frenim belgesine sahip olmak<br><br>4) Federasyonun 1 y\u0131ld\u0131z dal\u0131c\u0131 belgesini veya onaylad\u0131\u011f\u0131 e\u015fde\u011fer bir belgeyi alm\u0131\u015f olmak<br><br>5) 1 y\u0131ld\u0131z dal\u0131c\u0131 belgesini ald\u0131ktan sonra en az 20 a\u00e7\u0131k deniz dal\u0131\u015f\u0131 yapm\u0131\u015f oldu\u011funu dal\u0131\u015f kay\u0131t defteriyle belgelemek.<br><br>\u0130K\u0130 YILDIZ DALICININ G\u00d6REV YETK\u0130 VE SORUMLULUKLARI<br><br>A\u00e7\u0131k deniz dal\u0131\u015f deneyimi olan dal\u0131c\u0131d\u0131r. 2 y\u0131ld\u0131z dal\u0131c\u0131, en az 2 y\u0131ld\u0131z dal\u0131c\u0131 ile birlikte, en \u00e7ok 30 metreye kadar dalabilir. 18 ya\u015f\u0131ndan k\u00fc\u00e7\u00fck 2 y\u0131ld\u0131z dal\u0131c\u0131lar en az 3 y\u0131ld\u0131z dal\u0131c\u0131 liderli\u011finde en \u00e7ok 24 metreye kadar dalabilir. 18 ya\u015f\u0131ndan b\u00fcy\u00fck 2 y\u0131ld\u0131z dal\u0131c\u0131lar e\u011fitim ama\u00e7l\u0131 olarak, e\u011fitmen dal\u0131c\u0131 denetim ve g\u00f6zetiminde en \u00e7ok 42 metreye kadar dal\u0131\u015f yapabilir.<br><br><br><strong>\u00dc\u00c7 YILDIZ DALICI KURSU<\/strong><br><br>1) 18 ya\u015f\u0131n\u0131 doldurmu\u015f olmak<br><br>2) Federasyon taraf\u0131ndan haz\u0131rlanm\u0131\u015f dal\u0131\u015f yapmas\u0131nda engel bulunmad\u0131\u011f\u0131na ili\u015fkin sa\u011fl\u0131k bildirim formunu ilgili uzman doktora imzalatarak beyan ve ibraz etmek<br><br>3) En az lise veya dengi okul mezunu olmak<br><br>4) Federasyonun 2 y\u0131ld\u0131z dal\u0131c\u0131 belgesini veya onaylad\u0131\u011f\u0131 e\u015fde\u011fer bir belgeyi alm\u0131\u015f olmak<br><br>5) 2 y\u0131ld\u0131z dal\u0131c\u0131 belgesini ald\u0131ktan sonra en az 40 dal\u0131\u015f yapt\u0131\u011f\u0131n\u0131 dal\u0131\u015f kay\u0131t defteriyle belgelemek<br><br>6) 2 y\u0131ld\u0131z dal\u0131c\u0131 diploma tarihinden itibaren en az d\u00f6rt ay ge\u00e7mi\u015f olmak.<br><br>\u00dc\u00c7 YILDIZ DALICININ G\u00d6REV YETK\u0130 VE SORUMLULUKLARI<br><br>De\u011fi\u015fik d\u00fczeylerdeki dal\u0131c\u0131lara \u00f6nderlik yapabilecek beceride olan dal\u0131c\u0131d\u0131r. Liderlik yapt\u0131\u011f\u0131 dal\u0131\u015f grubunun g\u00fcvenli dal\u0131\u015f standartlar\u0131na uygun dal\u0131\u015f yapmas\u0131n\u0131 sa\u011flamakla yetkili ve sorumludur. En \u00e7ok 30 metreye kadar dalabilir. E\u011fitim ama\u00e7l\u0131 olarak, e\u011fitmen dal\u0131c\u0131 denetim ve g\u00f6zetiminde 42 metreye dal\u0131\u015f yapabilir.<\/p>\n<\/div>\n<\/div>\n<\/div>\n<\/div>\n<\/div><\/div>\n<\/div>\n<\/div>\n","protected":false},"excerpt":{"rendered":"","protected":false},"author":1,"featured_media":0,"parent":0,"menu_order":0,"comment_status":"closed","ping_status":"closed","template":"","meta":{"footnotes":""},"class_list":["post-416","page","type-page","status-publish","hentry"],"_links":{"self":[{"href":"https:\/\/octopus-kemer.com\/tr\/wp-json\/wp\/v2\/pages\/416","targetHints":{"allow":["GET"]}}],"collection":[{"href":"https:\/\/octopus-kemer.com\/tr\/wp-json\/wp\/v2\/pages"}],"about":[{"href":"https:\/\/octopus-kemer.com\/tr\/wp-json\/wp\/v2\/types\/page"}],"author":[{"embeddable":true,"href":"https:\/\/octopus-kemer.com\/tr\/wp-json\/wp\/v2\/users\/1"}],"replies":[{"embeddable":true,"href":"https:\/\/octopus-kemer.com\/tr\/wp-json\/wp\/v2\/comments?post=416"}],"version-history":[{"count":3,"href":"https:\/\/octopus-kemer.com\/tr\/wp-json\/wp\/v2\/pages\/416\/revisions"}],"predecessor-version":[{"id":619,"href":"https:\/\/octopus-kemer.com\/tr\/wp-json\/wp\/v2\/pages\/416\/revisions\/619"}],"wp:attachment":[{"href":"https:\/\/octopus-kemer.com\/tr\/wp-json\/wp\/v2\/media?parent=416"}],"curies":[{"name":"wp","href":"https:\/\/api.w.org\/{rel}","templated":true}]}}