{"id":407,"date":"2023-02-26T21:33:59","date_gmt":"2023-02-26T21:33:59","guid":{"rendered":"http:\/\/octopus-kemer.com\/tr\/?page_id=407"},"modified":"2023-02-28T17:54:04","modified_gmt":"2023-02-28T17:54:04","slug":"padi-kurslari","status":"publish","type":"page","link":"https:\/\/octopus-kemer.com\/tr\/padi-kurslari\/","title":{"rendered":"PADI KURSLARI"},"content":{"rendered":"\n<div class=\"wp-block-group alignfull is-layout-flow wp-block-group-is-layout-flow\">\n<div class=\"wp-block-group alignfull has-custom-renk-1-background-color has-background is-layout-constrained wp-container-core-group-is-layout-75294154 wp-block-group-is-layout-constrained\" style=\"padding-top:0;padding-right:0;padding-bottom:0;padding-left:0\">\n<div class=\"wp-block-cover alignfull has-parallax\" style=\"padding-top:0;padding-right:0;padding-bottom:0;padding-left:0\"><span aria-hidden=\"true\" class=\"wp-block-cover__background has-background-dim-80 has-background-dim\"><\/span><div role=\"img\" class=\"wp-block-cover__image-background wp-image-386 has-parallax\" style=\"background-position:50% 50%;background-image:url(http:\/\/octopus-kemer.com\/tr\/wp-content\/uploads\/2023\/02\/sualti.jpg)\"><\/div><div class=\"wp-block-cover__inner-container is-layout-flow wp-block-cover-is-layout-flow\">\n<div class=\"wp-block-group is-layout-constrained wp-container-core-group-is-layout-955c507f wp-block-group-is-layout-constrained\" style=\"padding-top:100px;padding-right:30px;padding-bottom:100px;padding-left:30px\">\n<div class=\"wp-block-buttons is-content-justification-center is-layout-flex wp-container-core-buttons-is-layout-a89b3969 wp-block-buttons-is-layout-flex\">\n<div class=\"wp-block-button is-style-outline is-style-outline--1\"><a class=\"wp-block-button__link wp-element-button\" style=\"border-radius:10px\">PADI KURSLARI<\/a><\/div>\n<\/div>\n\n\n\n<div class=\"wp-block-columns alignwide is-layout-flex wp-container-core-columns-is-layout-28f84493 wp-block-columns-is-layout-flex\">\n<div class=\"wp-block-column is-vertically-aligned-center is-layout-flow wp-block-column-is-layout-flow\" style=\"padding-top:40px;padding-right:40px;padding-bottom:40px;padding-left:40px\">\n<div class=\"wp-block-group alignwide is-layout-constrained wp-container-core-group-is-layout-26420631 wp-block-group-is-layout-constrained\">\n<p><strong>DISCOVER SCUBA DIVING<\/strong><br><br>E\u011fer hep sualt\u0131nda nelerin ya\u015fad\u0131\u011f\u0131n\u0131 merak ediyorsan\u0131z i\u015fte \u015fimdi onlar\u0131 g\u00f6rmenin zaman\u0131. Gidece\u011finiz bir tatilde bunu yapmay\u0131 d\u00fc\u015f\u00fcn\u00fcyorsunuz, yada bulundu\u011funuz b\u00f6lgede fakat klasik bir dal\u0131\u015f kursu almak i\u00e7in zaman\u0131z yok. \u015eimdi, \u00f6zellikle sizin i\u00e7in tasarlanm\u0131\u015f kolay ve h\u0131zl\u0131 bir program var! K\u0131sa bir zaman diliminde, bir maske tak\u0131p paletlerinizle suda y\u00fczmeye ve yo\u011fun bir macera ya\u015fama \u015fans\u0131na sahipsiniz. PADI Discover Scuba Diver program\u0131 bir y\u0131lda sadece birka\u00e7 defa dal\u0131\u015f plan\u0131 yapan insanlar veya i\u015f sahipleri i\u00e7in d\u00fczenlenmi\u015f bir programd\u0131r.<br><br><br><strong>SCUBA DIVER<\/strong><br><br>PADI Open Water Diver program\u0131n\u0131n bir alt program\u0131 olan PADI Scuba Diver program\u0131, zaman bask\u0131s\u0131n\u0131 en aza indirerek h\u0131zl\u0131 ve kolayca sertifika alman\u0131z\u0131 sa\u011flar. PADI Scuba Diver sertifikas\u0131 ile gitti\u011finiz bir dal\u0131\u015f turunda veya tatilinizde bir PADI profesyonelin do\u011frudan g\u00f6zetiminde dalabilirsiniz! Bu program tecr\u00fcbeli bir rehber e\u015fli\u011finde rahat ve emniyetli bir \u015fekilde su alt\u0131 d\u00fcnyas\u0131n\u0131 ke\u015ffetmek i\u00e7in harikulade bir f\u0131rsatt\u0131r. \u0130leride bu programda \u00f6\u011frendi\u011finize iki g\u00fcnl\u00fck ek bir \u00e7al\u0131\u015fma ile yapaca\u011f\u0131n\u0131z di\u011fer ilave beceriler ve bilgi ile Open Water Diver olabilirsiniz .<br><br>10 ya\u015f ve \u00fczerindeki herkes PADI Scuba Diver program\u0131na kat\u0131labilir. Haydi sizde dal\u0131\u015f merkezimize gelin ve PADI Scuba Diver ile Open Water Diver programlar\u0131 hakk\u0131nda hemen bug\u00fcn bilgi isteyin!<br><br><br><strong>OPEN WATER DIVER<\/strong><br><br>D\u00fcnyan\u0131n en popular dal\u0131\u015f program\u0131d\u0131r ve bir \u00f6m\u00fcr s\u00fcrebilecek yo\u011fun bir maceraya ba\u015flama biletinizdir.<br><br>Kurs boyunca, dal\u0131\u015f ekipman ve tekniklerini de kapsayan scuba dal\u0131\u015f\u0131n\u0131n esaslar\u0131n\u0131 \u00f6\u011freneceksiniz. T\u00fcm d\u00fcnyada ge\u00e7erli bir PADI Open Water Diver sertifikas\u0131 kazanacaks\u0131n\u0131z. Be\u015f s\u0131\u011f su dal\u0131\u015f\u0131n\u0131, bilgi geli\u015ftirme seanslar\u0131n\u0131 ve d\u00f6rt a\u00e7\u0131k su (deniz) dal\u0131\u015f\u0131 yaparak, bu seviyeyi kazanacaks\u0131n\u0131z.<br><br>Sertifikal\u0131 bir PADI Open Water Diver olarak di\u011fer sertifikal\u0131 bir arkada\u015f\u0131n\u0131z ile kendi kendinize dal\u0131\u015f yapma \u00f6zg\u00fcrl\u00fc\u011f\u00fcne sahip olacaks\u0131n\u0131z.<br><br>Program\u0131n DVD sini evde seyredebilir ve kitab\u0131 evde okuyabilirsiniz ve b\u00f6ylelikle teorik \u00e7al\u0131\u015fmay\u0131 birka\u00e7 saate indirerek direk su \u00e7al\u0131\u015fmalar\u0131na kat\u0131labilirsiniz. A\u00e7\u0131k su e\u011fitim dal\u0131\u015flar\u0131 k\u0131sm\u0131 grupla veya \u00f6zel olarak olabilir. Bu kurs ola\u011fan\u00fcst\u00fc esneklik g\u00f6sterir ve e\u011fitmeninizle tek tek ihtiya\u00e7 duydu\u011funuz i\u015flemleri \u00e7al\u0131\u015fman\u0131za m\u00fcsaade eder.<br><br>Suda rahat olan, sa\u011fl\u0131kl\u0131 olan, fiziki durumu yeterli olan birisi PADI Open Water Diver sertifikas\u0131n\u0131 kazanabilir. 10 ya\u015f\u0131ndan itibaren bu kursa kat\u0131labilirsiniz.<br><br>Haydi bug\u00fcn dal\u0131\u015f merkezimize gelin ve ya\u015fam\u0131 hissedin. Bizim ile dal\u0131\u015f yap\u0131n.<br><br><br><strong>ADVANCE OPEN WATER DIVER<\/strong><br><br>En m\u00fckemmel maceray\u0131m\u0131 ar\u0131yorsunuz yoksa sualt\u0131 d\u00fcnyas\u0131n\u0131n m\u00fckemmel ya\u015fam\u0131n\u0131 ke\u015ffetmek mi istiyorsunuz. Buldunuz! PADI\u2019nin Advance Open Water Diver program\u0131 \u00e7ok g\u00fczel d\u00fczenlenmi\u015f ve farkl\u0131 dal\u0131\u015flar\u0131n hepsini ke\u015ffetmenize izin veren harika bir programd\u0131r. Bu program tam sizin i\u00e7in. Sadece a\u015fa\u011f\u0131daki dal\u0131\u015flar aras\u0131nda se\u00e7im yapman\u0131z yeterli.<br><br>Altitude (\u0130rtifa dal\u0131\u015f\u0131)<br>Boat diver (Bot dal\u0131\u015f\u0131)<br>Drift diver (Ak\u0131nt\u0131 dal\u0131\u015f\u0131)<br>Dry Suit diver (Kuru elbise dal\u0131\u015f\u0131)<br>Multilevel diver (Basamak dal\u0131\u015f\u0131)<br>Peak performance buoyancy (M\u00fckemmel n\u00f6tr y\u00fczerlik)<br>Underwater naturalist (Sualt\u0131 Do\u011fas\u0131 Bilimcisi)<br>Under water photographer (Su alt\u0131 foto\u011frafc\u0131l\u0131\u011f\u0131)<br>AWARE Fish idendification (Bal\u0131k tan\u0131mlama dal\u0131\u015f\u0131)<br>Deep diver (Derin dal\u0131\u015f)<br>Dive propulsion vehicle (Sualt\u0131 motoru kullanma)<br>Night diver (Gece dal\u0131\u015f\u0131)<br>Search and Recovery (Arama ve \u00e7\u0131karma)<br>Underwater videographer (Su alt\u0131 video \u00e7ekimi)<br>Under water navigator ( sualt\u0131nda y\u00f6n bulma)<br>Wreck diver (Bat\u0131k dal\u0131\u015f\u0131)<br>Nitrox dal\u0131\u015f\u0131<br>National Geographic Diver<br><br>12 ya\u015f veya \u00fczerinde ve ayn\u0131 zamanda bir PADI Open Water Diver veya Junior Open Water Diver (veya e\u015fde\u011feri) iseniz PADI Advantures in Diving program\u0131na haz\u0131rs\u0131n\u0131z demektir.<br><br>Daha fazlas\u0131 da var, PADI Adventure Diver program\u0131n\u0131n dal\u0131\u015flar\u0131, PADI uzmanl\u0131k dal\u0131\u015flar\u0131n\u0131 da kapsar. \u00d6rne\u011fin, gece dal\u0131\u015f\u0131n\u0131 severseniz ve PADI gece dal\u0131\u015f uzmanl\u0131\u011f\u0131n\u0131na devam etmek isterseniz, Adventure Diver program\u0131 s\u0131ras\u0131nda yapt\u0131\u011f\u0131n\u0131z gece dal\u0131\u015f\u0131, gece dal\u0131\u015f\u0131 uzmanl\u0131k program\u0131n\u0131n ilk dal\u0131\u015f\u0131 olarak kullan\u0131labilir.<br><br>Sonu\u00e7ta Adventures in Diving program\u0131 sizlere neler teklif ediyor? Yeni deneyimler, yeni beceriler, bir \u00e7ok dal\u0131\u015f ve \u00e7ok heyacanl\u0131 maceralar. Haydi dal\u0131\u015f merkezimize gelin ve PADI Adventure in Diving programlar\u0131 hakk\u0131nda detayl\u0131 bilgi alarak dal\u0131\u015fa ba\u015flay\u0131n.<br><br><br><strong>EMERGENCY FIRST RESPONSE<\/strong><br><br>Emergency First Response, PADI nin kurumsal ba\u011f\u0131 olan Emergencey First Response Corp. taraf\u0131ndan sunulan yeni, kapsaml\u0131, geli\u015ftirilmi\u015f bir CPR ve ilk yard\u0131m program\u0131d\u0131r.<br><br>Geli\u015ftirilmi\u015f program, tek bir kurs olarak birbirine ba\u011flant\u0131l\u0131 verilebilece\u011fi gibi ayr\u0131 ayr\u0131 da verilebilecek iki kurstan olu\u015fmaktad\u0131r.<br><br>Emergency First Response Primary Care (CPR)<br><br>Bu kurs, hayati tehlike i\u00e7eren acil durumlara m\u00fcdahaleleri i\u00e7erir.<br><br>\u2022 Olay de\u011ferlendirmesi.<br>\u2022 Bariyer kullan\u0131m\u0131.<br>\u2022 \u0130lk de\u011ferlendirme.<br>\u2022 Kurtar\u0131c\u0131 \u00f6p\u00fcc\u00fc\u011f\u00fc.<br>\u2022 Bir kurtar\u0131c\u0131 ile yeti\u015fkinlere kalp masaj\u0131.<br>\u2022 Ciddi kanama y\u00f6netimi.<br>\u2022 \u015eok y\u00f6netimi.<br>\u2022 Belkemi\u011fi yaralanma y\u00f6netimi.<br>\u2022 Tavsiye edilen beceriler:<br><br>-Otomatik d\u0131\u015f defibrilat\u00f6r oryantasyonu.<br>-Hava yollar\u0131 t\u0131kan\u0131kl\u0131\u011f\u0131 (bilinci yerinde yeti\u015fkin i\u00e7in)<br>-Acil durum oksijen kullan\u0131m oryantasyonu.<br><br><br><strong>Emergency First Response Secondary Care (First AID)<br><\/strong><br>Bu kurs, ilk anda ya da t\u0131bbi ilk yard\u0131m servisinin gecikti\u011fi durumlarda hayati tehlike ta\u015f\u0131m\u0131yan yaralanmalar\u0131 ve hastal\u0131klar\u0131 kapsar.<br><br>\u2022 Yaralanma y\u00f6netimi.<br>\u2022 Hastal\u0131k y\u00f6netimi.<br>\u2022 Bandaj.<br>\u2022 K\u0131r\u0131k ve \u00e7\u0131k\u0131klar\u0131 sabitleme.<br><br><br><strong>RESCUE DIVER<\/strong><br><br>PADI Rescue program\u0131 bilgi ve becerilerinizi artt\u0131r\u0131p geli\u015ftirir, b\u00f6ylece etkili bir \u015fekilde dal\u0131c\u0131lara yard\u0131m edebilir, onlar\u0131 acil durumlardan kurtar\u0131r, dal\u0131\u015f kazalar\u0131n\u0131 idare edebilir ve ilk yard\u0131m sunabilirsiniz. Program bir dal\u0131c\u0131 olarak bilgi ve becerilerinizi geli\u015ftirmek i\u00e7in \u00f6nemli bir basamakt\u0131r. Ayn\u0131 zamanda PADI Rescue program\u0131 b\u00fct\u00fcn PADI liderlik seviyeleri i\u00e7in gerekli olan k\u0131s\u0131mlardan biridir.<br><br>PADI Rescue program\u0131na kat\u0131labilmek i\u00e7in PADI Advanced Open Water Diver yada e\u015fde\u011feri bir belgeye sahip olmak ve en az 12 ya\u015f\u0131nda olmak gerekir.<br><br>PADI Rescue program\u0131nda i\u015flenen konular \u015funlard\u0131r:<br><br>Kendini kurtarma ve dal\u0131c\u0131larda stres.<br>Acil durum idaresi ve malzemede olabilecekler.<br>Panik olmu\u015f dal\u0131c\u0131ya yard\u0131m.<br>Su i\u00e7inde suni solunum.<br>Dal\u0131\u015f kazalar\u0131 senaryolar\u0131.<br>Sudan \u00e7\u0131k\u0131\u015f teknikleri.<br>PADI Rescue Diver kitab\u0131 ve videosu b\u00fct\u00fcn bu konular\u0131 i\u00e7ermektedir.<br><br><br><strong>DIVEMASTER<\/strong><br><br>Scuba ile dal\u0131\u015f\u0131n profesyonel d\u00fcnyas\u0131na girmek heyecan verici olaylar ve sonsuz olas\u0131l\u0131klar getirir. Profesyonellik; do\u011fadaki \u00e7ok ilgin\u00e7 sualt\u0131 yarat\u0131klar\u0131n\u0131 ke\u015ffetmek i\u00e7in bir \u015fans, ve \u00fcst\u00fcn bilgi ve tecr\u00fcbelerinizi, bunlar\u0131 \u00f6\u011frenmek isteyen \u00f6\u011frencilerle payla\u015fmak i\u00e7in bir f\u0131rsat sunar size. T\u00fcpl\u00fc dal\u0131\u015f \u00e7ok \u00e7abuk bir \u015fekilde d\u00fcnyadaki en pop\u00fcler spor haline gelmektedir. Bilhassa en g\u00fczel r\u00fcyalar\u0131n\u0131zda hayal edebildi\u011finiz bir d\u00fcnyaya girdi\u011finizi hayal edin. Herkesin elde etmek ya da yapmak istedi\u011fi ve sizin de ho\u015fland\u0131\u011f\u0131n\u0131z bir \u015feyi yapman\u0131z i\u00e7in size \u00fccret \u00f6deniyor. Profesyonel dal\u0131c\u0131lar bu hedefi elde etmi\u015flerdir, g\u00fc\u00e7l\u00fc ve s\u0131k\u0131 \u00e7al\u0131\u015fmalar\u0131ndan ve marifetlerinden \u00f6t\u00fcr\u00fc de hem sayg\u0131 duyulurlar, hem de taktir edilirler. Profesyonel dal\u0131c\u0131lar; \u015fehirlerde yada sahil kesiminde dal\u0131\u015f merkezi sahibi olarak ve i\u015fleterek, \u00e7al\u0131\u015farak, \u00f6\u011freterek, ve tropik denizlerde \u00e7al\u0131\u015fan b\u00fcy\u00fck dal\u0131\u015f tekneleri ile seyahat ederek, gerek karada, gerek sualt\u0131nda, \u00e7ok farkl\u0131 e\u011flencelerin ve heyecan verici tecr\u00fcbelerin bir par\u00e7as\u0131 olurlar. Meslek hayat\u0131n\u0131za PADI ile devam etmek, sabah 9dan ak\u015fam 5e kadar olan monoton i\u015f hayat\u0131n\u0131za ara verir, yada macera dolu olas\u0131l\u0131klara part-time yada full-time kap\u0131lar\u0131 a\u00e7ar.<\/p>\n<\/div>\n<\/div>\n<\/div>\n<\/div>\n<\/div><\/div>\n<\/div>\n<\/div>\n","protected":false},"excerpt":{"rendered":"","protected":false},"author":1,"featured_media":0,"parent":0,"menu_order":0,"comment_status":"closed","ping_status":"closed","template":"","meta":{"footnotes":""},"class_list":["post-407","page","type-page","status-publish","hentry"],"_links":{"self":[{"href":"https:\/\/octopus-kemer.com\/tr\/wp-json\/wp\/v2\/pages\/407","targetHints":{"allow":["GET"]}}],"collection":[{"href":"https:\/\/octopus-kemer.com\/tr\/wp-json\/wp\/v2\/pages"}],"about":[{"href":"https:\/\/octopus-kemer.com\/tr\/wp-json\/wp\/v2\/types\/page"}],"author":[{"embeddable":true,"href":"https:\/\/octopus-kemer.com\/tr\/wp-json\/wp\/v2\/users\/1"}],"replies":[{"embeddable":true,"href":"https:\/\/octopus-kemer.com\/tr\/wp-json\/wp\/v2\/comments?post=407"}],"version-history":[{"count":4,"href":"https:\/\/octopus-kemer.com\/tr\/wp-json\/wp\/v2\/pages\/407\/revisions"}],"predecessor-version":[{"id":617,"href":"https:\/\/octopus-kemer.com\/tr\/wp-json\/wp\/v2\/pages\/407\/revisions\/617"}],"wp:attachment":[{"href":"https:\/\/octopus-kemer.com\/tr\/wp-json\/wp\/v2\/media?parent=407"}],"curies":[{"name":"wp","href":"https:\/\/api.w.org\/{rel}","templated":true}]}}