{"id":357,"date":"2023-02-26T19:10:16","date_gmt":"2023-02-26T19:10:16","guid":{"rendered":"http:\/\/octopus-kemer.com\/tr\/?page_id=357"},"modified":"2023-03-11T12:10:21","modified_gmt":"2023-03-11T12:10:21","slug":"teknelerimiz","status":"publish","type":"page","link":"https:\/\/octopus-kemer.com\/tr\/teknelerimiz\/","title":{"rendered":"TEKNELER\u0130M\u0130Z"},"content":{"rendered":"\n<div class=\"wp-block-group alignfull is-layout-flow wp-block-group-is-layout-flow\">\n<div class=\"wp-block-group alignfull has-custom-renk-1-background-color has-background is-layout-constrained wp-container-core-group-is-layout-75294154 wp-block-group-is-layout-constrained\" style=\"padding-top:0;padding-right:0;padding-bottom:0;padding-left:0\">\n<div class=\"wp-block-cover alignfull is-light has-parallax\" style=\"padding-top:0;padding-right:0;padding-bottom:0;padding-left:0\"><span aria-hidden=\"true\" class=\"wp-block-cover__background has-background-dim-40 has-background-dim\"><\/span><div role=\"img\" class=\"wp-block-cover__image-background wp-image-372 has-parallax\" style=\"background-position:50% 50%;background-image:url(http:\/\/octopus-kemer.com\/tr\/wp-content\/uploads\/2023\/02\/DSC_1479-scaled.jpg)\"><\/div><div class=\"wp-block-cover__inner-container is-layout-flow wp-block-cover-is-layout-flow\">\n<div class=\"wp-block-group has-foreground-color has-text-color is-layout-constrained wp-container-core-group-is-layout-955c507f wp-block-group-is-layout-constrained\" style=\"padding-top:100px;padding-right:30px;padding-bottom:100px;padding-left:30px\">\n<div class=\"wp-block-buttons is-content-justification-center is-layout-flex wp-container-core-buttons-is-layout-b5994976 wp-block-buttons-is-layout-flex\">\n<div class=\"wp-block-button is-style-outline is-style-outline--1\"><a class=\"wp-block-button__link wp-element-button\" style=\"border-radius:10px\">TEKNELER\u0130M\u0130Z<\/a><\/div>\n<\/div>\n\n\n\n<div class=\"wp-block-columns alignwide are-vertically-aligned-center is-layout-flex wp-container-core-columns-is-layout-28f84493 wp-block-columns-is-layout-flex\">\n<div class=\"wp-block-column is-vertically-aligned-center is-layout-flow wp-block-column-is-layout-flow\" style=\"padding-top:40px;padding-right:40px;padding-bottom:40px;padding-left:40px\">\n<div class=\"wp-block-group alignwide is-layout-constrained wp-container-core-group-is-layout-26420631 wp-block-group-is-layout-constrained\">\n<p id=\"u2633-2\"><strong>ATLANT\u0130S-M<\/strong><br><br>21 metre uzunlu\u011funda 6 metre eninde<br>TV, DVD, CD \u00c7alar<br>Dal\u0131\u015fa haz\u0131rl\u0131k a\u015famas\u0131 i\u00e7in geni\u015f mekan<br>Su seviyesine yak\u0131n dal\u0131\u015f platformu<br>\u00d6n g\u00fcvertede ve yukar\u0131da minderli g\u00fcne\u015flenme yerleri<br>Alt katta ve \u00fcst katta g\u00f6lgelikli oturma alanlar\u0131<br>Tatl\u0131 su du\u015f imkan\u0131<br>Oksijen t\u00fcp\u00fc, g\u00fcvenlik ekipman\u0131, ilk yard\u0131m \u00e7antas\u0131<br>K\u0131\u015f dal\u0131\u015flar\u0131 i\u00e7in kapanan yan paneller<br>66 ki\u015filik, 2 tuvalet ve soyunma kabini, mutfak ve bar<br><br>Dal\u0131\u015f teknemiz dal\u0131\u015f i\u00e7in dizayn edilmi\u015f ayn\u0131 zamanda y\u00fczme ve g\u00fcne\u015flenmek i\u00e7in son derece rahatt\u0131r.<\/p>\n<\/div>\n<\/div>\n\n\n\n<div class=\"wp-block-column is-vertically-aligned-center is-layout-flow wp-block-column-is-layout-flow\">\n<div class=\"wp-block-group alignwide has-shadow-dark has-white-background-color has-background is-layout-constrained wp-container-core-group-is-layout-d794d2f0 wp-block-group-is-layout-constrained\" style=\"border-width:12px;border-radius:0px;padding-top:0px;padding-right:0px;padding-bottom:0px;padding-left:0px\">\n<div class=\"wp-block-cover is-light has-custom-content-position is-position-bottom-center image-zoom-hover\" style=\"margin-top:0;margin-bottom:0;min-height:500px;aspect-ratio:unset;\"><span aria-hidden=\"true\" class=\"wp-block-cover__background has-background-dim-40 has-background-dim wp-block-cover__gradient-background has-background-gradient\" style=\"background:linear-gradient(180deg,rgba(8,8,8,0.2) 8%,rgb(1,1,1) 100%)\"><\/span><img fetchpriority=\"high\" decoding=\"async\" width=\"2560\" height=\"1920\" class=\"wp-block-cover__image-background wp-image-363\" alt=\"\" src=\"http:\/\/octopus-kemer.com\/tr\/wp-content\/uploads\/2023\/02\/Octopus-DC-Tekne1-scaled.jpg\" data-object-fit=\"cover\" srcset=\"https:\/\/octopus-kemer.com\/tr\/wp-content\/uploads\/2023\/02\/Octopus-DC-Tekne1-scaled.jpg 2560w, https:\/\/octopus-kemer.com\/tr\/wp-content\/uploads\/2023\/02\/Octopus-DC-Tekne1-300x225.jpg 300w, https:\/\/octopus-kemer.com\/tr\/wp-content\/uploads\/2023\/02\/Octopus-DC-Tekne1-1024x768.jpg 1024w, https:\/\/octopus-kemer.com\/tr\/wp-content\/uploads\/2023\/02\/Octopus-DC-Tekne1-768x576.jpg 768w, https:\/\/octopus-kemer.com\/tr\/wp-content\/uploads\/2023\/02\/Octopus-DC-Tekne1-1536x1152.jpg 1536w, https:\/\/octopus-kemer.com\/tr\/wp-content\/uploads\/2023\/02\/Octopus-DC-Tekne1-2048x1536.jpg 2048w\" sizes=\"(max-width: 2560px) 100vw, 2560px\" \/><div class=\"wp-block-cover__inner-container is-layout-flow wp-block-cover-is-layout-flow\">\n<p class=\"has-text-align-center has-large-font-size\"><\/p>\n<\/div><\/div>\n<\/div>\n<\/div>\n<\/div>\n\n\n\n<div class=\"wp-block-columns alignwide are-vertically-aligned-center is-layout-flex wp-container-core-columns-is-layout-28f84493 wp-block-columns-is-layout-flex\">\n<div class=\"wp-block-column is-vertically-aligned-center is-layout-flow wp-block-column-is-layout-flow\" style=\"padding-top:40px;padding-right:40px;padding-bottom:40px;padding-left:40px\">\n<div class=\"wp-block-group alignwide is-layout-constrained wp-container-core-group-is-layout-26420631 wp-block-group-is-layout-constrained\">\n<p id=\"u2633-2\"><strong>AL\u0130 HOCA<\/strong><br><br>19 metre uzunlu\u011funda 5 metre eninde<br>TV, DVD, CD \u00c7alar<br>Dal\u0131\u015fa haz\u0131rl\u0131k a\u015famas\u0131 i\u00e7in geni\u015f mekan<br>Su seviyesine yak\u0131n dal\u0131\u015f pilatformu<br>\u00d6n g\u00fcvertede ve yukar\u0131da minderli g\u00fcne\u015flenme yerleri<br>Alt katta ve \u00fcst katta g\u00f6lgelikli oturma alanlar\u0131<br>Tatl\u0131 su du\u015f imkan\u0131<br>Oksijen t\u00fcp\u00fc, g\u00fcvenlik ekipman\u0131, ilk yard\u0131m \u00e7antas\u0131<br>K\u0131\u015f dal\u0131\u015flar\u0131 i\u00e7in kapanan yan paneller<br>52 ki\u015filik, 1 tuvalet ve soyunma kabini, mutfak ve bar<br>Dal\u0131\u015f teknemiz dal\u0131\u015f i\u00e7in dizayn edilmi\u015f ayn\u0131 zamanda y\u00fczme ve g\u00fcne\u015flenmek i\u00e7in son derece rahatt\u0131r.<\/p>\n<\/div>\n<\/div>\n\n\n\n<div class=\"wp-block-column is-vertically-aligned-center is-layout-flow wp-block-column-is-layout-flow\">\n<div class=\"wp-block-group alignwide has-shadow-dark has-white-background-color has-background is-layout-constrained wp-container-core-group-is-layout-d794d2f0 wp-block-group-is-layout-constrained\" style=\"border-width:12px;border-radius:0px;padding-top:0px;padding-right:0px;padding-bottom:0px;padding-left:0px\">\n<div class=\"wp-block-cover is-light has-custom-content-position is-position-bottom-center image-zoom-hover\" style=\"margin-top:0;margin-bottom:0;min-height:500px;aspect-ratio:unset;\"><span aria-hidden=\"true\" class=\"wp-block-cover__background has-background-dim-40 has-background-dim wp-block-cover__gradient-background has-background-gradient\" style=\"background:linear-gradient(180deg,rgba(8,8,8,0.2) 8%,rgb(1,1,1) 100%)\"><\/span><img decoding=\"async\" width=\"1280\" height=\"960\" class=\"wp-block-cover__image-background wp-image-656\" alt=\"\" src=\"http:\/\/octopus-kemer.com\/tr\/wp-content\/uploads\/2023\/03\/photo_2023-03-09-11.47.36.jpeg\" style=\"object-position:58% 90%\" data-object-fit=\"cover\" data-object-position=\"58% 90%\" srcset=\"https:\/\/octopus-kemer.com\/tr\/wp-content\/uploads\/2023\/03\/photo_2023-03-09-11.47.36.jpeg 1280w, https:\/\/octopus-kemer.com\/tr\/wp-content\/uploads\/2023\/03\/photo_2023-03-09-11.47.36-300x225.jpeg 300w, https:\/\/octopus-kemer.com\/tr\/wp-content\/uploads\/2023\/03\/photo_2023-03-09-11.47.36-1024x768.jpeg 1024w, https:\/\/octopus-kemer.com\/tr\/wp-content\/uploads\/2023\/03\/photo_2023-03-09-11.47.36-768x576.jpeg 768w\" sizes=\"(max-width: 1280px) 100vw, 1280px\" \/><div class=\"wp-block-cover__inner-container is-layout-flow wp-block-cover-is-layout-flow\">\n<p class=\"has-text-align-center has-large-font-size\"><\/p>\n<\/div><\/div>\n<\/div>\n<\/div>\n<\/div>\n\n\n\n<div class=\"wp-block-columns alignwide are-vertically-aligned-center is-layout-flex wp-container-core-columns-is-layout-28f84493 wp-block-columns-is-layout-flex\">\n<div class=\"wp-block-column is-vertically-aligned-center is-layout-flow wp-block-column-is-layout-flow\" style=\"padding-top:40px;padding-right:40px;padding-bottom:40px;padding-left:40px\">\n<div class=\"wp-block-group alignwide is-layout-constrained wp-container-core-group-is-layout-26420631 wp-block-group-is-layout-constrained\">\n<p id=\"u2633-2\"><strong>OCTOPUS<\/strong><br><br>44 ki\u015filik 1 tuvalet bir soyunma kabini mutfak ve bar<br>\u00d6n g\u00fcvertede ve yukar\u0131da minderli g\u00fcne\u015flenme yerleri<br>Alt katta ve \u00fcst katta g\u00f6lgelikli oturma alanlar\u0131<br>Dal\u0131\u015f Platformu olan 2 katl\u0131 ah\u015fap tekne TV,<br>DVD, CD \u00c7alar<br>Tatl\u0131 su du\u015f imkan\u0131<br>Hem scuba dal\u0131\u015f hem de gezinti (Yat turu) amac\u0131na uygundur.<br><br>Oksijen t\u00fcp\u00fc, g\u00fcvenlik ekipman\u0131, ilk yard\u0131m \u00e7antas\u0131<br>K\u0131\u015f dal\u0131\u015flar\u0131 i\u00e7in kapanan yan paneller<\/p>\n<\/div>\n<\/div>\n\n\n\n<div class=\"wp-block-column is-vertically-aligned-center is-layout-flow wp-block-column-is-layout-flow\">\n<div class=\"wp-block-group alignwide has-shadow-dark has-white-background-color has-background is-layout-constrained wp-container-core-group-is-layout-d794d2f0 wp-block-group-is-layout-constrained\" style=\"border-width:12px;border-radius:0px;padding-top:0px;padding-right:0px;padding-bottom:0px;padding-left:0px\">\n<div class=\"wp-block-cover is-light has-custom-content-position is-position-bottom-center image-zoom-hover\" style=\"margin-top:0;margin-bottom:0;min-height:500px;aspect-ratio:unset;\"><span aria-hidden=\"true\" class=\"wp-block-cover__background has-background-dim-40 has-background-dim wp-block-cover__gradient-background has-background-gradient\" style=\"background:linear-gradient(180deg,rgba(8,8,8,0.2) 8%,rgb(1,1,1) 100%)\"><\/span><img decoding=\"async\" width=\"1280\" height=\"720\" class=\"wp-block-cover__image-background wp-image-368\" alt=\"\" src=\"http:\/\/octopus-kemer.com\/tr\/wp-content\/uploads\/2023\/02\/IMG_1500.jpg\" data-object-fit=\"cover\" srcset=\"https:\/\/octopus-kemer.com\/tr\/wp-content\/uploads\/2023\/02\/IMG_1500.jpg 1280w, https:\/\/octopus-kemer.com\/tr\/wp-content\/uploads\/2023\/02\/IMG_1500-300x169.jpg 300w, https:\/\/octopus-kemer.com\/tr\/wp-content\/uploads\/2023\/02\/IMG_1500-1024x576.jpg 1024w, https:\/\/octopus-kemer.com\/tr\/wp-content\/uploads\/2023\/02\/IMG_1500-768x432.jpg 768w\" sizes=\"(max-width: 1280px) 100vw, 1280px\" \/><div class=\"wp-block-cover__inner-container is-layout-flow wp-block-cover-is-layout-flow\">\n<p class=\"has-text-align-center has-large-font-size\"><\/p>\n<\/div><\/div>\n<\/div>\n<\/div>\n<\/div>\n\n\n\n<div class=\"wp-block-columns alignwide are-vertically-aligned-center is-layout-flex wp-container-core-columns-is-layout-28f84493 wp-block-columns-is-layout-flex\">\n<div class=\"wp-block-column is-vertically-aligned-center is-layout-flow wp-block-column-is-layout-flow\" style=\"padding-top:40px;padding-right:40px;padding-bottom:40px;padding-left:40px\">\n<div class=\"wp-block-group alignwide is-layout-constrained wp-container-core-group-is-layout-26420631 wp-block-group-is-layout-constrained\">\n<p id=\"u2633-2\"><strong>KUZEY YILDIZI<\/strong><br><br>12 ki\u015filik 1 tuvalet ve soyunma kabini mutfak ve bar<br>14 metre uzunlu\u011funda 4 metre geni\u015fli\u011finde<br>Suya giri\u015f-\u00e7\u0131k\u0131\u015f platformu olan iki katl\u0131 ah\u015fap tekne<br>Alt katta ve \u00fcst katta g\u00f6lgelikli oturma alanlar\u0131<br>ve minderli g\u00fcne\u015flenme yerleri.<br><br>Keyif bal\u0131k\u00e7\u0131l\u0131\u011f\u0131 i\u00e7in ideal bir teknedir.<br><br>Oksijen t\u00fcp\u00fc, g\u00fcvenlik ekipman\u0131, ilk yard\u0131m \u00e7antas\u0131<\/p>\n<\/div>\n<\/div>\n\n\n\n<div class=\"wp-block-column is-vertically-aligned-center is-layout-flow wp-block-column-is-layout-flow\">\n<div class=\"wp-block-group alignwide has-shadow-dark has-white-background-color has-background is-layout-constrained wp-container-core-group-is-layout-d794d2f0 wp-block-group-is-layout-constrained\" style=\"border-width:12px;border-radius:0px;padding-top:0px;padding-right:0px;padding-bottom:0px;padding-left:0px\">\n<div class=\"wp-block-cover is-light has-custom-content-position is-position-bottom-center image-zoom-hover\" style=\"margin-top:0;margin-bottom:0;min-height:500px;aspect-ratio:unset;\"><span aria-hidden=\"true\" class=\"wp-block-cover__background has-background-dim-40 has-background-dim wp-block-cover__gradient-background has-background-gradient\" style=\"background:linear-gradient(180deg,rgba(8,8,8,0.2) 8%,rgb(1,1,1) 100%)\"><\/span><img loading=\"lazy\" decoding=\"async\" width=\"2560\" height=\"1707\" class=\"wp-block-cover__image-background wp-image-370\" alt=\"\" src=\"http:\/\/octopus-kemer.com\/tr\/wp-content\/uploads\/2023\/02\/IMG_5010-scaled.jpg\" data-object-fit=\"cover\" srcset=\"https:\/\/octopus-kemer.com\/tr\/wp-content\/uploads\/2023\/02\/IMG_5010-scaled.jpg 2560w, https:\/\/octopus-kemer.com\/tr\/wp-content\/uploads\/2023\/02\/IMG_5010-300x200.jpg 300w, https:\/\/octopus-kemer.com\/tr\/wp-content\/uploads\/2023\/02\/IMG_5010-1024x683.jpg 1024w, https:\/\/octopus-kemer.com\/tr\/wp-content\/uploads\/2023\/02\/IMG_5010-768x512.jpg 768w, https:\/\/octopus-kemer.com\/tr\/wp-content\/uploads\/2023\/02\/IMG_5010-1536x1024.jpg 1536w, https:\/\/octopus-kemer.com\/tr\/wp-content\/uploads\/2023\/02\/IMG_5010-2048x1365.jpg 2048w\" sizes=\"(max-width: 2560px) 100vw, 2560px\" \/><div class=\"wp-block-cover__inner-container is-layout-flow wp-block-cover-is-layout-flow\">\n<p class=\"has-text-align-center has-large-font-size\"><\/p>\n<\/div><\/div>\n<\/div>\n<\/div>\n<\/div>\n<\/div>\n<\/div><\/div>\n<\/div>\n<\/div>\n","protected":false},"excerpt":{"rendered":"","protected":false},"author":1,"featured_media":0,"parent":0,"menu_order":0,"comment_status":"closed","ping_status":"closed","template":"","meta":{"footnotes":""},"class_list":["post-357","page","type-page","status-publish","hentry"],"_links":{"self":[{"href":"https:\/\/octopus-kemer.com\/tr\/wp-json\/wp\/v2\/pages\/357","targetHints":{"allow":["GET"]}}],"collection":[{"href":"https:\/\/octopus-kemer.com\/tr\/wp-json\/wp\/v2\/pages"}],"about":[{"href":"https:\/\/octopus-kemer.com\/tr\/wp-json\/wp\/v2\/types\/page"}],"author":[{"embeddable":true,"href":"https:\/\/octopus-kemer.com\/tr\/wp-json\/wp\/v2\/users\/1"}],"replies":[{"embeddable":true,"href":"https:\/\/octopus-kemer.com\/tr\/wp-json\/wp\/v2\/comments?post=357"}],"version-history":[{"count":12,"href":"https:\/\/octopus-kemer.com\/tr\/wp-json\/wp\/v2\/pages\/357\/revisions"}],"predecessor-version":[{"id":664,"href":"https:\/\/octopus-kemer.com\/tr\/wp-json\/wp\/v2\/pages\/357\/revisions\/664"}],"wp:attachment":[{"href":"https:\/\/octopus-kemer.com\/tr\/wp-json\/wp\/v2\/media?parent=357"}],"curies":[{"name":"wp","href":"https:\/\/api.w.org\/{rel}","templated":true}]}}