{"id":341,"date":"2023-02-26T18:10:48","date_gmt":"2023-02-26T18:10:48","guid":{"rendered":"http:\/\/octopus-kemer.com\/tr\/?page_id=341"},"modified":"2023-03-08T09:24:44","modified_gmt":"2023-03-08T09:24:44","slug":"dalis-ekibi","status":"publish","type":"page","link":"https:\/\/octopus-kemer.com\/tr\/dalis-ekibi\/","title":{"rendered":"DALI\u015e EK\u0130B\u0130"},"content":{"rendered":"\n<div class=\"wp-block-group alignfull is-layout-flow wp-block-group-is-layout-flow\">\n<div class=\"wp-block-group alignfull has-custom-renk-1-background-color has-background is-layout-constrained wp-container-core-group-is-layout-75294154 wp-block-group-is-layout-constrained\" style=\"padding-top:0;padding-right:0;padding-bottom:0;padding-left:0\">\n<div class=\"wp-block-cover alignfull has-parallax\" style=\"padding-top:0;padding-right:0;padding-bottom:0;padding-left:0\"><span aria-hidden=\"true\" class=\"wp-block-cover__background has-background-dim-70 has-background-dim\"><\/span><div role=\"img\" class=\"wp-block-cover__image-background wp-image-23 has-parallax\" style=\"background-position:50% 50%;background-image:url(http:\/\/octopus-kemer.com\/tr\/wp-content\/uploads\/2023\/02\/dsc_6025.jpg)\"><\/div><div class=\"wp-block-cover__inner-container is-layout-flow wp-block-cover-is-layout-flow\">\n<div class=\"wp-block-group is-layout-constrained wp-container-core-group-is-layout-955c507f wp-block-group-is-layout-constrained\" style=\"padding-top:100px;padding-right:30px;padding-bottom:100px;padding-left:30px\">\n<div class=\"wp-block-buttons is-content-justification-center is-layout-flex wp-container-core-buttons-is-layout-b5994976 wp-block-buttons-is-layout-flex\">\n<div class=\"wp-block-button is-style-outline is-style-outline--1\"><a class=\"wp-block-button__link wp-element-button\" style=\"border-radius:10px\">DALI\u015e EK\u0130B\u0130<\/a><\/div>\n<\/div>\n\n\n\n<div class=\"wp-block-columns alignwide are-vertically-aligned-center is-layout-flex wp-container-core-columns-is-layout-28f84493 wp-block-columns-is-layout-flex\">\n<div class=\"wp-block-column is-vertically-aligned-center is-layout-flow wp-block-column-is-layout-flow\" style=\"padding-top:40px;padding-right:40px;padding-bottom:40px;padding-left:40px\">\n<div class=\"wp-block-group alignwide is-layout-constrained wp-container-core-group-is-layout-26420631 wp-block-group-is-layout-constrained\">\n<p id=\"u2633-2\"><strong>AL\u0130 S\u0130VR\u0130KAYA<\/strong><br><br>71 y\u0131l\u0131 Antalya-Kemer do\u011fumlu \u201cAli Hoca\u201d lakapl\u0131 Ali Sivrikaya. Hacettepe Alman Dili \u00d6\u011fretmenli\u011fi B\u00f6l\u00fcm\u00fcnden de mezun olarak, kurucusu ve sahibi oldu\u011fu Octopus Dal\u0131\u015f Merkezi\u2019nde (177 Sicil Nolu) 2002 y\u0131l\u0131ndan bu yana Dal\u0131\u015f E\u011fitmeni (CMAS 3*, Engelli e\u011fitmeni, PADI ve SSI e\u011fitmeni) ve Rehber Bal\u0131kadam olarak dal\u0131\u015f turizmine hizmet etmektedir.<\/p>\n<\/div>\n<\/div>\n\n\n\n<div class=\"wp-block-column is-vertically-aligned-center is-layout-flow wp-block-column-is-layout-flow\">\n<div class=\"wp-block-group alignwide has-shadow-dark has-white-background-color has-background is-layout-constrained wp-container-core-group-is-layout-d794d2f0 wp-block-group-is-layout-constrained\" style=\"border-width:12px;border-radius:0px;padding-top:0px;padding-right:0px;padding-bottom:0px;padding-left:0px\">\n<div class=\"wp-block-cover has-custom-content-position is-position-bottom-center image-zoom-hover\" style=\"margin-top:0;margin-bottom:0;min-height:500px;aspect-ratio:unset;\"><span aria-hidden=\"true\" class=\"wp-block-cover__background has-background-dim-40 has-background-dim wp-block-cover__gradient-background has-background-gradient\" style=\"background:linear-gradient(180deg,rgba(8,8,8,0.2) 8%,rgb(1,1,1) 100%)\"><\/span><img fetchpriority=\"high\" decoding=\"async\" width=\"2560\" height=\"1920\" class=\"wp-block-cover__image-background wp-image-352\" alt=\"\" src=\"http:\/\/octopus-kemer.com\/tr\/wp-content\/uploads\/2023\/02\/UWDays-2008-Ali-scaled.jpg\" data-object-fit=\"cover\" srcset=\"https:\/\/octopus-kemer.com\/tr\/wp-content\/uploads\/2023\/02\/UWDays-2008-Ali-scaled.jpg 2560w, https:\/\/octopus-kemer.com\/tr\/wp-content\/uploads\/2023\/02\/UWDays-2008-Ali-300x225.jpg 300w, https:\/\/octopus-kemer.com\/tr\/wp-content\/uploads\/2023\/02\/UWDays-2008-Ali-1024x768.jpg 1024w, https:\/\/octopus-kemer.com\/tr\/wp-content\/uploads\/2023\/02\/UWDays-2008-Ali-768x576.jpg 768w, https:\/\/octopus-kemer.com\/tr\/wp-content\/uploads\/2023\/02\/UWDays-2008-Ali-1536x1152.jpg 1536w, https:\/\/octopus-kemer.com\/tr\/wp-content\/uploads\/2023\/02\/UWDays-2008-Ali-2048x1536.jpg 2048w\" sizes=\"(max-width: 2560px) 100vw, 2560px\" \/><div class=\"wp-block-cover__inner-container is-layout-flow wp-block-cover-is-layout-flow\">\n<p class=\"has-text-align-center has-large-font-size\"><\/p>\n<\/div><\/div>\n<\/div>\n<\/div>\n<\/div>\n\n\n\n<div class=\"wp-block-columns alignwide are-vertically-aligned-center is-layout-flex wp-container-core-columns-is-layout-28f84493 wp-block-columns-is-layout-flex\">\n<div class=\"wp-block-column is-vertically-aligned-center is-layout-flow wp-block-column-is-layout-flow\" style=\"padding-top:40px;padding-right:40px;padding-bottom:40px;padding-left:40px\">\n<div class=\"wp-block-group alignwide is-layout-constrained wp-container-core-group-is-layout-26420631 wp-block-group-is-layout-constrained\">\n<p id=\"u2633-2\"><strong>KIVAN\u00c7 ERDO\u011eAN<\/strong><br><br>94 Yalova do\u011fumlu \u201cFAV Diver\u201d lakapl\u0131 K\u0131van\u00e7 Erdo\u011fan, \u0130stanbul \u015eehir \u00dcniversitesi Sinema ve TV b\u00f6l\u00fcm\u00fcnden mezun olarak bir\u00e7ok reklam ve sinema projesinde Yard\u0131mc\u0131 Y\u00f6netmenlik yapt\u0131ktan sonra, \u00e7ocuklu\u011fundan beri ilgilendi\u011fi serbest dal\u0131\u015f\u0131n devam\u0131nda, 2017 y\u0131l\u0131nda T\u00fcpl\u00fc Dal\u0131\u015fla Ayval\u0131k\u2019ta tan\u0131\u015ft\u0131. 2020 y\u0131l\u0131nda PADI OWSI (A\u00e7\u0131k Su Dal\u0131\u015f E\u011fitmeni) olduktan sonra Octopus Dal\u0131\u015f Merkezi b\u00fcnyesinde PADI MSDT (Master T\u00fcpl\u00fc Dal\u0131\u015f E\u011fitmeni) olarak turizme hizmet vermeye devam etmektedir.<\/p>\n<\/div>\n<\/div>\n\n\n\n<div class=\"wp-block-column is-vertically-aligned-center is-layout-flow wp-block-column-is-layout-flow\">\n<div class=\"wp-block-group alignwide has-shadow-dark has-white-background-color has-background is-layout-constrained wp-container-core-group-is-layout-d794d2f0 wp-block-group-is-layout-constrained\" style=\"border-width:12px;border-radius:0px;padding-top:0px;padding-right:0px;padding-bottom:0px;padding-left:0px\">\n<div class=\"wp-block-cover is-light has-custom-content-position is-position-bottom-center image-zoom-hover\" style=\"margin-top:0;margin-bottom:0;min-height:500px;aspect-ratio:unset;\"><span aria-hidden=\"true\" class=\"wp-block-cover__background has-background-dim-40 has-background-dim wp-block-cover__gradient-background has-background-gradient\" style=\"background:linear-gradient(180deg,rgba(8,8,8,0.2) 8%,rgb(1,1,1) 100%)\"><\/span><img decoding=\"async\" width=\"1536\" height=\"2048\" class=\"wp-block-cover__image-background wp-image-624\" alt=\"\" src=\"https:\/\/octopus-kemer.com\/tr\/wp-content\/uploads\/2023\/03\/WhatsApp-Image-2023-03-03-at-14.35.34.jpeg\" data-object-fit=\"cover\" srcset=\"https:\/\/octopus-kemer.com\/tr\/wp-content\/uploads\/2023\/03\/WhatsApp-Image-2023-03-03-at-14.35.34.jpeg 1536w, https:\/\/octopus-kemer.com\/tr\/wp-content\/uploads\/2023\/03\/WhatsApp-Image-2023-03-03-at-14.35.34-225x300.jpeg 225w, https:\/\/octopus-kemer.com\/tr\/wp-content\/uploads\/2023\/03\/WhatsApp-Image-2023-03-03-at-14.35.34-768x1024.jpeg 768w, https:\/\/octopus-kemer.com\/tr\/wp-content\/uploads\/2023\/03\/WhatsApp-Image-2023-03-03-at-14.35.34-1152x1536.jpeg 1152w\" sizes=\"(max-width: 1536px) 100vw, 1536px\" \/><div class=\"wp-block-cover__inner-container is-layout-flow wp-block-cover-is-layout-flow\">\n<p class=\"has-text-align-center has-large-font-size\"><\/p>\n<\/div><\/div>\n<\/div>\n<\/div>\n<\/div>\n\n\n\n<div class=\"wp-block-columns alignwide are-vertically-aligned-center is-layout-flex wp-container-core-columns-is-layout-28f84493 wp-block-columns-is-layout-flex\">\n<div class=\"wp-block-column is-vertically-aligned-center is-layout-flow wp-block-column-is-layout-flow\" style=\"padding-top:40px;padding-right:40px;padding-bottom:40px;padding-left:40px\">\n<div class=\"wp-block-group alignwide is-layout-constrained wp-container-core-group-is-layout-26420631 wp-block-group-is-layout-constrained\">\n<p id=\"u2633-2\"><strong>MEHMET AL\u0130 \u00c7ET\u0130NTA\u015e<\/strong><br><br>01 y\u0131l\u0131 Mersin do\u011fumlu Mehmet Ali \u00c7etinta\u015f Mersin&#8217;deki lise \u00f6\u011frenimi s\u0131ras\u0131nda y\u00fczme sporuyla u\u011fra\u015fmas\u0131n\u0131n ard\u0131ndan 2022 sezonunda dal\u0131\u015f ile kemer&#8217;de tan\u0131\u015fm\u0131\u015ft\u0131r.Mehmet Ali hali haz\u0131rda \u00dc\u00e7 Y\u0131ld\u0131z ve Tan\u0131t\u0131m Dal\u0131\u015f\u0131 Uzman\u0131 ayn\u0131 zamanda Gemi Adam\u0131 Belgeli olarak Octopus Dal\u0131\u015f Merkezinde turizme hizmet etmektedir.<\/p>\n<\/div>\n<\/div>\n\n\n\n<div class=\"wp-block-column is-vertically-aligned-center is-layout-flow wp-block-column-is-layout-flow\">\n<div class=\"wp-block-group alignwide has-shadow-dark has-white-background-color has-background is-layout-constrained wp-container-core-group-is-layout-d794d2f0 wp-block-group-is-layout-constrained\" style=\"border-width:12px;border-radius:0px;padding-top:0px;padding-right:0px;padding-bottom:0px;padding-left:0px\">\n<div class=\"wp-block-cover is-light has-custom-content-position is-position-bottom-center image-zoom-hover\" style=\"margin-top:0;margin-bottom:0;min-height:500px;aspect-ratio:unset;\"><span aria-hidden=\"true\" class=\"wp-block-cover__background has-background-dim-40 has-background-dim wp-block-cover__gradient-background has-background-gradient\" style=\"background:linear-gradient(180deg,rgba(8,8,8,0.2) 8%,rgb(1,1,1) 100%)\"><\/span><img decoding=\"async\" width=\"1152\" height=\"1401\" class=\"wp-block-cover__image-background wp-image-626\" alt=\"\" src=\"https:\/\/octopus-kemer.com\/tr\/wp-content\/uploads\/2023\/03\/WhatsApp-Image-2023-03-03-at-16.50.47.jpeg\" style=\"object-position:45% 13%\" data-object-fit=\"cover\" data-object-position=\"45% 13%\" srcset=\"https:\/\/octopus-kemer.com\/tr\/wp-content\/uploads\/2023\/03\/WhatsApp-Image-2023-03-03-at-16.50.47.jpeg 1152w, https:\/\/octopus-kemer.com\/tr\/wp-content\/uploads\/2023\/03\/WhatsApp-Image-2023-03-03-at-16.50.47-247x300.jpeg 247w, https:\/\/octopus-kemer.com\/tr\/wp-content\/uploads\/2023\/03\/WhatsApp-Image-2023-03-03-at-16.50.47-842x1024.jpeg 842w, https:\/\/octopus-kemer.com\/tr\/wp-content\/uploads\/2023\/03\/WhatsApp-Image-2023-03-03-at-16.50.47-768x934.jpeg 768w\" sizes=\"(max-width: 1152px) 100vw, 1152px\" \/><div class=\"wp-block-cover__inner-container is-layout-flow wp-block-cover-is-layout-flow\">\n<p class=\"has-text-align-center has-large-font-size\"><\/p>\n<\/div><\/div>\n<\/div>\n<\/div>\n<\/div>\n\n\n\n<div class=\"wp-block-columns alignwide are-vertically-aligned-center is-layout-flex wp-container-core-columns-is-layout-28f84493 wp-block-columns-is-layout-flex\">\n<div class=\"wp-block-column is-vertically-aligned-center is-layout-flow wp-block-column-is-layout-flow\" style=\"padding-top:40px;padding-right:40px;padding-bottom:40px;padding-left:40px\">\n<div class=\"wp-block-group alignwide is-layout-constrained wp-container-core-group-is-layout-26420631 wp-block-group-is-layout-constrained\">\n<p id=\"u2633-2\"><strong>VEYSEL TURGUT<\/strong><br><br>94 Adana do\u011fumlu \u2018\u2018HOLY Diver\u2019\u2019 lakapl\u0131 Veysel Turgut Adana Teknik Meslek lisesi mezunu. 2012 y\u0131l\u0131nda dal\u0131\u015fa ba\u015flayan ve Holy Diver 2017 y\u0131l\u0131ndan itibaren Octopus dal\u0131\u015f okulunda Tan\u0131t\u0131m Dal\u0131\u015f\u0131 uzman\u0131,Dal\u0131\u015f Rehberi ve ayn\u0131 zamanda Yat Kaptan\u0131 olarak \u00e7al\u0131\u015fmaktad\u0131r.<\/p>\n<\/div>\n<\/div>\n\n\n\n<div class=\"wp-block-column is-vertically-aligned-center is-layout-flow wp-block-column-is-layout-flow\">\n<div class=\"wp-block-group alignwide has-shadow-dark has-white-background-color has-background is-layout-constrained wp-container-core-group-is-layout-d794d2f0 wp-block-group-is-layout-constrained\" style=\"border-width:12px;border-radius:0px;padding-top:0px;padding-right:0px;padding-bottom:0px;padding-left:0px\">\n<div class=\"wp-block-cover is-light has-custom-content-position is-position-bottom-center image-zoom-hover\" style=\"margin-top:0;margin-bottom:0;min-height:500px;aspect-ratio:unset;\"><span aria-hidden=\"true\" class=\"wp-block-cover__background has-background-dim-40 has-background-dim wp-block-cover__gradient-background has-background-gradient\" style=\"background:linear-gradient(180deg,rgba(8,8,8,0.2) 8%,rgb(1,1,1) 100%)\"><\/span><img loading=\"lazy\" decoding=\"async\" width=\"1284\" height=\"1577\" class=\"wp-block-cover__image-background wp-image-631\" alt=\"\" src=\"https:\/\/octopus-kemer.com\/tr\/wp-content\/uploads\/2023\/03\/WhatsApp-Image-2023-03-08-at-02.34.14.jpeg\" style=\"object-position:71% 14%\" data-object-fit=\"cover\" data-object-position=\"71% 14%\" srcset=\"https:\/\/octopus-kemer.com\/tr\/wp-content\/uploads\/2023\/03\/WhatsApp-Image-2023-03-08-at-02.34.14.jpeg 1284w, https:\/\/octopus-kemer.com\/tr\/wp-content\/uploads\/2023\/03\/WhatsApp-Image-2023-03-08-at-02.34.14-244x300.jpeg 244w, https:\/\/octopus-kemer.com\/tr\/wp-content\/uploads\/2023\/03\/WhatsApp-Image-2023-03-08-at-02.34.14-834x1024.jpeg 834w, https:\/\/octopus-kemer.com\/tr\/wp-content\/uploads\/2023\/03\/WhatsApp-Image-2023-03-08-at-02.34.14-768x943.jpeg 768w, https:\/\/octopus-kemer.com\/tr\/wp-content\/uploads\/2023\/03\/WhatsApp-Image-2023-03-08-at-02.34.14-1251x1536.jpeg 1251w\" sizes=\"(max-width: 1284px) 100vw, 1284px\" \/><div class=\"wp-block-cover__inner-container is-layout-flow wp-block-cover-is-layout-flow\">\n<p class=\"has-text-align-center has-large-font-size\"><\/p>\n<\/div><\/div>\n<\/div>\n<\/div>\n<\/div>\n<\/div>\n<\/div><\/div>\n<\/div>\n<\/div>\n","protected":false},"excerpt":{"rendered":"","protected":false},"author":1,"featured_media":0,"parent":0,"menu_order":0,"comment_status":"closed","ping_status":"closed","template":"","meta":{"footnotes":""},"class_list":["post-341","page","type-page","status-publish","hentry"],"_links":{"self":[{"href":"https:\/\/octopus-kemer.com\/tr\/wp-json\/wp\/v2\/pages\/341","targetHints":{"allow":["GET"]}}],"collection":[{"href":"https:\/\/octopus-kemer.com\/tr\/wp-json\/wp\/v2\/pages"}],"about":[{"href":"https:\/\/octopus-kemer.com\/tr\/wp-json\/wp\/v2\/types\/page"}],"author":[{"embeddable":true,"href":"https:\/\/octopus-kemer.com\/tr\/wp-json\/wp\/v2\/users\/1"}],"replies":[{"embeddable":true,"href":"https:\/\/octopus-kemer.com\/tr\/wp-json\/wp\/v2\/comments?post=341"}],"version-history":[{"count":9,"href":"https:\/\/octopus-kemer.com\/tr\/wp-json\/wp\/v2\/pages\/341\/revisions"}],"predecessor-version":[{"id":632,"href":"https:\/\/octopus-kemer.com\/tr\/wp-json\/wp\/v2\/pages\/341\/revisions\/632"}],"wp:attachment":[{"href":"https:\/\/octopus-kemer.com\/tr\/wp-json\/wp\/v2\/media?parent=341"}],"curies":[{"name":"wp","href":"https:\/\/api.w.org\/{rel}","templated":true}]}}