{"id":300,"date":"2023-02-26T17:27:03","date_gmt":"2023-02-26T17:27:03","guid":{"rendered":"http:\/\/octopus-kemer.com\/tr\/?page_id=300"},"modified":"2023-02-28T17:36:23","modified_gmt":"2023-02-28T17:36:23","slug":"dalis-noktalari","status":"publish","type":"page","link":"https:\/\/octopus-kemer.com\/tr\/dalis-noktalari\/","title":{"rendered":"DALI\u015e NOKTALARI"},"content":{"rendered":"\n<div class=\"wp-block-group alignfull is-layout-flow wp-block-group-is-layout-flow\">\n<div class=\"wp-block-group alignfull has-custom-renk-1-background-color has-background is-layout-constrained wp-container-core-group-is-layout-75294154 wp-block-group-is-layout-constrained\" style=\"padding-top:0;padding-right:0;padding-bottom:0;padding-left:0\">\n<div class=\"wp-block-cover alignfull has-parallax\" style=\"padding-top:0;padding-right:0;padding-bottom:0;padding-left:0\"><span aria-hidden=\"true\" class=\"wp-block-cover__background has-background-dim-70 has-background-dim\"><\/span><div role=\"img\" class=\"wp-block-cover__image-background wp-image-41 has-parallax\" style=\"background-position:50% 50%;background-image:url(http:\/\/octopus-kemer.com\/tr\/wp-content\/uploads\/2023\/02\/dsc_1006.jpg)\"><\/div><div class=\"wp-block-cover__inner-container is-layout-flow wp-block-cover-is-layout-flow\">\n<div class=\"wp-block-group is-layout-constrained wp-container-core-group-is-layout-955c507f wp-block-group-is-layout-constrained\" style=\"padding-top:100px;padding-right:30px;padding-bottom:100px;padding-left:30px\">\n<div class=\"wp-block-buttons is-content-justification-center is-layout-flex wp-container-core-buttons-is-layout-b5994976 wp-block-buttons-is-layout-flex\">\n<div class=\"wp-block-button is-style-outline is-style-outline--1\"><a class=\"wp-block-button__link wp-element-button\" style=\"border-radius:10px\">DALI\u015e NOKTALARI<\/a><\/div>\n<\/div>\n\n\n\n<div class=\"wp-block-columns alignwide are-vertically-aligned-center is-layout-flex wp-container-core-columns-is-layout-28f84493 wp-block-columns-is-layout-flex\">\n<div class=\"wp-block-column is-vertically-aligned-center is-layout-flow wp-block-column-is-layout-flow\" style=\"padding-top:40px;padding-right:40px;padding-bottom:40px;padding-left:40px\">\n<div class=\"wp-block-group alignwide is-layout-constrained wp-container-core-group-is-layout-26420631 wp-block-group-is-layout-constrained\">\n<p id=\"u2633-2\"><strong>1. AKVARYUM KOYU<\/strong><br><br>Kemer civar\u0131ndaki en g\u00fczel dal\u0131\u015f noktalar\u0131ndan biri olan bu koy hem dal\u0131\u015fa yeni ba\u015flayanlar, hem de beraberindeki aile \u00fcyeleri ve arkada\u015flar\u0131 i\u00e7in y\u00fczme, \u015fnorkel yapma ve g\u00fcne\u015flenme olanaklar\u0131 itibar\u0131yla idealdir. Akvaryum Koyu, Kemer Yat Liman\u0131\u2019na 23 dk. mesafede olup buraya sadece denizden ula\u015f\u0131m sa\u011flanmaktad\u0131r. Sarp kayalar ve \u00e7am a\u011fa\u00e7lar\u0131yla \u00e7evrili olan koyda bulunan g\u00fczel bir \u00e7ak\u0131l plaj\u0131 da t\u00fcm ziyaret\u00e7ilerin do\u011fayla i\u00e7 i\u00e7e ho\u015f\u00e7a vakit ge\u00e7irmelerinde \u00f6nemli bir rol oynamaktad\u0131r. R\u00fczgar ve dalgaya kar\u015f\u0131 korunakl\u0131 ve mevcut plaj\u0131ndan dolay\u0131 istenen her t\u00fcrl\u00fc s\u0131\u011fl\u0131kta dal\u0131\u015fa ba\u015flamaya elveri\u015fli olan bu koyda bir\u00e7ok t\u00fcrden bal\u0131k ve sualt\u0131 canl\u0131s\u0131na rastlanmaktad\u0131r. Bunlar aras\u0131nda tekir, kupes, karag\u00f6z, kefal, sargoz, papaz, sarpa, g\u00fcnbal\u0131\u011f\u0131, orfoz, ahtapot, denizkestansi, denizy\u0131ld\u0131z\u0131, bazen barakuda, kalamar ve vatoz da bulunmaktad\u0131r.<br><br>Koyun en derin yeri 12 metre olup deniz taban\u0131 yer yer \u00e7ak\u0131l ve kum aras\u0131nda de\u011fi\u015fiklik g\u00f6stermektedir. Ayr\u0131ca \u00fczerleri renkli s\u00fcnger ve mercanlarla kapl\u0131 b\u00fcy\u00fck kayalar aras\u0131nda bal\u0131klarla birlikte dola\u015fmak ve tabii ki bal\u0131klar\u0131 elden beslemek tarifi ya\u015fanmad\u0131k\u00e7a anla\u015f\u0131lmaz b\u00fcy\u00fck bir keyif vermektedir.<\/p>\n<\/div>\n<\/div>\n\n\n\n<div class=\"wp-block-column is-vertically-aligned-center is-layout-flow wp-block-column-is-layout-flow\">\n<div class=\"wp-block-group alignwide has-shadow-dark has-white-background-color has-background is-layout-constrained wp-container-core-group-is-layout-d794d2f0 wp-block-group-is-layout-constrained\" style=\"border-width:12px;border-radius:0px;padding-top:0px;padding-right:0px;padding-bottom:0px;padding-left:0px\">\n<div class=\"wp-block-cover is-light has-custom-content-position is-position-bottom-center image-zoom-hover\" style=\"margin-top:0;margin-bottom:0;min-height:500px;aspect-ratio:unset;\"><span aria-hidden=\"true\" class=\"wp-block-cover__background has-background-dim-40 has-background-dim wp-block-cover__gradient-background has-background-gradient\" style=\"background:linear-gradient(180deg,rgba(8,8,8,0.2) 8%,rgb(1,1,1) 100%)\"><\/span><img fetchpriority=\"high\" decoding=\"async\" width=\"760\" height=\"380\" class=\"wp-block-cover__image-background wp-image-314\" alt=\"\" src=\"http:\/\/octopus-kemer.com\/tr\/wp-content\/uploads\/2023\/02\/cam-berrakliginda-bir-deniz-akvaryum-koyu.jpg\" data-object-fit=\"cover\" srcset=\"https:\/\/octopus-kemer.com\/tr\/wp-content\/uploads\/2023\/02\/cam-berrakliginda-bir-deniz-akvaryum-koyu.jpg 760w, https:\/\/octopus-kemer.com\/tr\/wp-content\/uploads\/2023\/02\/cam-berrakliginda-bir-deniz-akvaryum-koyu-300x150.jpg 300w\" sizes=\"(max-width: 760px) 100vw, 760px\" \/><div class=\"wp-block-cover__inner-container is-layout-flow wp-block-cover-is-layout-flow\">\n<p class=\"has-text-align-center has-large-font-size\"><\/p>\n<\/div><\/div>\n<\/div>\n<\/div>\n<\/div>\n\n\n\n<div class=\"wp-block-columns alignwide are-vertically-aligned-center is-layout-flex wp-container-core-columns-is-layout-28f84493 wp-block-columns-is-layout-flex\">\n<div class=\"wp-block-column is-vertically-aligned-center is-layout-flow wp-block-column-is-layout-flow\" style=\"padding-top:40px;padding-right:40px;padding-bottom:40px;padding-left:40px\">\n<div class=\"wp-block-group alignwide is-layout-constrained wp-container-core-group-is-layout-26420631 wp-block-group-is-layout-constrained\">\n<p id=\"u2633-2\"><strong>2. K\u0130R\u0130\u015e MA\u011eARA KOYU<\/strong><br><br>R\u00fczgar ve dalgaya kar\u015f\u0131 korunakl\u0131 olan bu koy, Kemer Yat\u00a0 Liman\u0131\u2019ndan dal\u0131\u015f teknesiyle 18 dk. mesafedir. Bu koyun s\u0131\u011f ba\u015flamas\u0131 ve uzant\u0131s\u0131n\u0131n 18 metreye varan bir derinli\u011fe sahip olmas\u0131 itibar\u0131yla hem yeni ba\u015flayan, hem de sertifikal\u0131 dalg\u0131\u00e7lar i\u00e7in \u00e7ok uygun bir dal\u0131\u015f noktas\u0131d\u0131r. Sarp kayalarla \u00e7evrili bu koy, ismini d\u0131\u015fardan da kolayca g\u00f6r\u00fclen, i\u00e7i yar\u0131 hava, yar\u0131 su ile dolu 2 k\u00fc\u00e7\u00fck ma\u011faradan almaktad\u0131r. Ayn\u0131 zamanda sualt\u0131nda da g\u00f6r\u00fclmeye de\u011fer k\u00fc\u00e7\u00fck ma\u011faralar\u0131n ve t\u00fcnellerin olu\u015fu ve en \u00f6nemlisi bu koydan Kabarc\u0131k Ma\u011faras\u0131\u2019na sualt\u0131ndan rahatl\u0131kla ula\u015f\u0131labilmesi de buna etkendir. Sualt\u0131n\u0131n yer yer kaya, ta\u015f, \u00e7ak\u0131l ve kumdan olu\u015ftu\u011fu bu koyda, sargoz, karag\u00f6z, papaz, kefal, g\u00fcnbal\u0131\u011f\u0131, sokar, kayabal\u0131\u011f\u0131, kertenkele bal\u0131\u011f\u0131, m\u00fcren, orfoz, kupes, barbunya, tekir gibi \u00e7ok \u00e7e\u015fitli bal\u0131k t\u00fcrlerine ve yenge\u00e7, deniz y\u0131ld\u0131z\u0131, deniz kestanesi, karides, m\u00fcrekkepbal\u0131\u011f\u0131, ahtapot gibi di\u011fer deniz canl\u0131lar\u0131na rastlanmaktad\u0131r. Bal\u0131klar\u0131n bitmek bilmez bir i\u015ftahla dalg\u0131\u00e7lar taraf\u0131ndan sunulan ekmek par\u00e7alar\u0131n\u0131 hep kabul etmeleri ve mutluluklar\u0131n\u0131 ifade edercesine dalg\u0131\u00e7lar\u0131n etraf\u0131nda d\u00f6n\u00fcp durmalar\u0131 foto\u011fraf karelerine s\u0131\u011fmayacak \u00e7ok ilgin\u00e7, do\u011fal g\u00f6r\u00fcnt\u00fcler olu\u015fturmaktad\u0131r.Dalmayanlar i\u00e7in de koyu \u00e7evreleyen sarp kayalardaki yaban ke\u00e7ilerinin gayesizce gezini\u015fleri do\u011frusu heyecan vericidir ve ilgiyle izlemeye de\u011fer.<\/p>\n<\/div>\n<\/div>\n\n\n\n<div class=\"wp-block-column is-vertically-aligned-center is-layout-flow wp-block-column-is-layout-flow\">\n<div class=\"wp-block-group alignwide has-shadow-dark has-white-background-color has-background is-layout-constrained wp-container-core-group-is-layout-d794d2f0 wp-block-group-is-layout-constrained\" style=\"border-width:12px;border-radius:0px;padding-top:0px;padding-right:0px;padding-bottom:0px;padding-left:0px\">\n<div class=\"wp-block-cover has-custom-content-position is-position-bottom-center image-zoom-hover\" style=\"margin-top:0;margin-bottom:0;min-height:500px;aspect-ratio:unset;\"><span aria-hidden=\"true\" class=\"wp-block-cover__background has-background-dim-40 has-background-dim wp-block-cover__gradient-background has-background-gradient\" style=\"background:linear-gradient(180deg,rgba(8,8,8,0.2) 8%,rgb(1,1,1) 100%)\"><\/span><img decoding=\"async\" width=\"800\" height=\"532\" class=\"wp-block-cover__image-background wp-image-326\" alt=\"\" src=\"http:\/\/octopus-kemer.com\/tr\/wp-content\/uploads\/2023\/02\/kemer-dalis-turu2.webp\" data-object-fit=\"cover\" srcset=\"https:\/\/octopus-kemer.com\/tr\/wp-content\/uploads\/2023\/02\/kemer-dalis-turu2.webp 800w, https:\/\/octopus-kemer.com\/tr\/wp-content\/uploads\/2023\/02\/kemer-dalis-turu2-300x200.webp 300w, https:\/\/octopus-kemer.com\/tr\/wp-content\/uploads\/2023\/02\/kemer-dalis-turu2-768x511.webp 768w\" sizes=\"(max-width: 800px) 100vw, 800px\" \/><div class=\"wp-block-cover__inner-container is-layout-flow wp-block-cover-is-layout-flow\">\n<p class=\"has-text-align-center has-large-font-size\"><\/p>\n<\/div><\/div>\n<\/div>\n<\/div>\n<\/div>\n\n\n\n<div class=\"wp-block-columns alignwide are-vertically-aligned-center is-layout-flex wp-container-core-columns-is-layout-28f84493 wp-block-columns-is-layout-flex\">\n<div class=\"wp-block-column is-vertically-aligned-center is-layout-flow wp-block-column-is-layout-flow\" style=\"padding-top:40px;padding-right:40px;padding-bottom:40px;padding-left:40px\">\n<div class=\"wp-block-group alignwide is-layout-constrained wp-container-core-group-is-layout-26420631 wp-block-group-is-layout-constrained\">\n<p id=\"u2633-2\"><strong>3. FENER (T\u00dcNEL)<\/strong><br><br>Her seviyeden dalg\u0131\u00e7lara uygun olan bu g\u00fczel dal\u0131\u015f noktas\u0131, Kemer Yat Liman\u0131\u2019na sadece 8 dk. mesafededir ve Limandan kolayl\u0131kla g\u00f6r\u00fclmektedir. B\u00f6lgenin kayal\u0131k olmas\u0131 itibar\u0131yla burada bir\u00e7ok irili ufakl\u0131 t\u00fcnel ve kaya olu\u015fumlar\u0131na rastlanmaktad\u0131r ve en \u00f6nemlisi de bu dal\u0131\u015f noktas\u0131na ad\u0131n\u0131 veren L-Resifi ve T\u00fcneldir. Resif su y\u00fczeyinin 3 metre alt\u0131ndan ba\u015flar 18 metreye kadar devam eder.Resifin ba\u015flad\u0131\u011f\u0131 yerde derinli\u011fi 9m. ve uzunlu\u011fu 5m. olan geni\u015f bir T\u00fcnel vard\u0131r ki \u00fczerinde bar\u0131nd\u0131rd\u0131\u011f\u0131 onlarca deniz canl\u0131s\u0131ndan dolay\u0131 dakikalarca g\u00f6r\u00fclmeye de\u011fer\u2026<br><br>Mercanlar, denizlaleri, renkli s\u00fcngerler, t\u00fcpl\u00fc kurtlar, istiridyeler ve tunikatlarla kapl\u0131 olan t\u00fcnelde m\u00fcrene, ahtapota, karavidaya, deniz akrebine, yengece, denizh\u0131yar\u0131na, deniztav\u015fan\u0131na, orfoza, papazbal\u0131\u011f\u0131na ve bir\u00e7ok bal\u0131k t\u00fcr\u00fcne rastlanmaktad\u0131r.<\/p>\n<\/div>\n<\/div>\n\n\n\n<div class=\"wp-block-column is-vertically-aligned-center is-layout-flow wp-block-column-is-layout-flow\">\n<div class=\"wp-block-group alignwide has-shadow-dark has-white-background-color has-background is-layout-constrained wp-container-core-group-is-layout-d794d2f0 wp-block-group-is-layout-constrained\" style=\"border-width:12px;border-radius:0px;padding-top:0px;padding-right:0px;padding-bottom:0px;padding-left:0px\">\n<div class=\"wp-block-cover has-custom-content-position is-position-bottom-center image-zoom-hover\" style=\"margin-top:0;margin-bottom:0;min-height:500px;aspect-ratio:unset;\"><span aria-hidden=\"true\" class=\"wp-block-cover__background has-background-dim-40 has-background-dim wp-block-cover__gradient-background has-background-gradient\" style=\"background:linear-gradient(180deg,rgba(8,8,8,0.2) 8%,rgb(1,1,1) 100%)\"><\/span><img decoding=\"async\" width=\"800\" height=\"600\" class=\"wp-block-cover__image-background wp-image-175\" alt=\"\" src=\"http:\/\/octopus-kemer.com\/tr\/wp-content\/uploads\/2023\/02\/dsc01620.jpg\" style=\"object-position:7% 24%\" data-object-fit=\"cover\" data-object-position=\"7% 24%\" srcset=\"https:\/\/octopus-kemer.com\/tr\/wp-content\/uploads\/2023\/02\/dsc01620.jpg 800w, https:\/\/octopus-kemer.com\/tr\/wp-content\/uploads\/2023\/02\/dsc01620-300x225.jpg 300w, https:\/\/octopus-kemer.com\/tr\/wp-content\/uploads\/2023\/02\/dsc01620-768x576.jpg 768w\" sizes=\"(max-width: 800px) 100vw, 800px\" \/><div class=\"wp-block-cover__inner-container is-layout-flow wp-block-cover-is-layout-flow\">\n<p class=\"has-text-align-center has-large-font-size\"><\/p>\n<\/div><\/div>\n<\/div>\n<\/div>\n<\/div>\n\n\n\n<div class=\"wp-block-columns alignwide are-vertically-aligned-center is-layout-flex wp-container-core-columns-is-layout-28f84493 wp-block-columns-is-layout-flex\">\n<div class=\"wp-block-column is-vertically-aligned-center is-layout-flow wp-block-column-is-layout-flow\" style=\"padding-top:40px;padding-right:40px;padding-bottom:40px;padding-left:40px\">\n<div class=\"wp-block-group alignwide is-layout-constrained wp-container-core-group-is-layout-26420631 wp-block-group-is-layout-constrained\">\n<p id=\"u2633-2\"><strong>4. BATIK (PAR\u0130S)<\/strong><br><br>Kemer Yat Liman\u0131\u2019ndan 7 dk. mesafede, 21-31 m. derinlikte, tamamen kumdan olu\u015fan deniz taban\u0131nda y\u00fczer vaziyette, bir inci gibi duran Frans\u0131z Bat\u0131\u011f\u0131 \u201cParis\u201d 1917 y\u0131l\u0131n\u0131n Eyl\u00fcl ay\u0131nda, Mustafa Ertu\u011frul komutas\u0131ndaki k\u00fc\u00e7\u00fck bir T\u00fcrk askeri birli\u011finin Kocaburun Tepe\u2019sinden a\u00e7t\u0131\u011f\u0131 top ate\u015fi sonucu sanca\u011f\u0131ndaki 10 farkl\u0131 noktadan yaralanmas\u0131yla batm\u0131\u015ft\u0131r. Uzunlu\u011fu 65 m., geni\u015fli\u011fi ise 14 m. y\u0131llard\u0131r sualt\u0131nda yatan bu gemi enkaz\u0131 \u00e7e\u015fitli renklerde s\u00fcnger ve mercanlarla kapl\u0131 olup, ayn\u0131 zamanda da m\u00fcren, iskorpit, karavida, orfoz,aslan bal\u0131\u011f\u0131 gibi bir\u00e7ok canl\u0131ya ev sahipli\u011fi yapmaktad\u0131r.Zaman\u0131n teknolojisinin bir sonucu olarak gemi per\u00e7inli in\u015fa edilmi\u015fti ve buharla \u00e7al\u0131\u015fmaktayd\u0131. Enkaz\u0131n tam ortas\u0131ndaki b\u00fcy\u00fck buhar kazan\u0131 ve etrafa sa\u00e7\u0131lm\u0131\u015f \u00e7ok miktardaki briket, k\u00f6m\u00fcrler bizi tarihin derinliklerine g\u00f6t\u00fcrmeye yetmektedir. Ayr\u0131ca enkaz\u0131n ortas\u0131nda ve k\u0131\u00e7\u0131nda \u00e7ok miktardaki top mermilerinden de Paris\u2019in 1. D\u00fcnya Sava\u015f\u0131 y\u0131llar\u0131nda aktif g\u00f6rev yapt\u0131\u011f\u0131n\u0131 anlamaktay\u0131z. \u201cParis\u201d enkaz\u0131 dal\u0131\u015f\u0131 sadece sertifikal\u0131 ve deneyimli dalg\u0131\u00e7lar i\u00e7indir. Bu bat\u0131k 18 metreden derinde yatt\u0131\u011f\u0131 i\u00e7in derin dal\u0131\u015fa girer ve minimum uluslararas\u0131 2.derece seviyede belgeye sahip olmay\u0131 gerektirir<em>. <\/em>\u0130ni\u015f ve \u00e7\u0131k\u0131\u015fta dal\u0131\u015flar, enkaz\u0131n ba\u015f\u0131nda ba\u011fl\u0131 olan klavuz ipinden yap\u0131l\u0131r.<\/p>\n<\/div>\n<\/div>\n\n\n\n<div class=\"wp-block-column is-vertically-aligned-center is-layout-flow wp-block-column-is-layout-flow\">\n<div class=\"wp-block-group alignwide has-shadow-dark has-white-background-color has-background is-layout-constrained wp-container-core-group-is-layout-d794d2f0 wp-block-group-is-layout-constrained\" style=\"border-width:12px;border-radius:0px;padding-top:0px;padding-right:0px;padding-bottom:0px;padding-left:0px\">\n<div class=\"wp-block-cover has-custom-content-position is-position-bottom-center image-zoom-hover\" style=\"margin-top:0;margin-bottom:0;min-height:500px;aspect-ratio:unset;\"><span aria-hidden=\"true\" class=\"wp-block-cover__background has-background-dim-40 has-background-dim wp-block-cover__gradient-background has-background-gradient\" style=\"background:linear-gradient(180deg,rgba(8,8,8,0.2) 8%,rgb(1,1,1) 100%)\"><\/span><img loading=\"lazy\" decoding=\"async\" width=\"2560\" height=\"1700\" class=\"wp-block-cover__image-background wp-image-41\" alt=\"\" src=\"http:\/\/octopus-kemer.com\/tr\/wp-content\/uploads\/2023\/02\/dsc_1006.jpg\" data-object-fit=\"cover\" srcset=\"https:\/\/octopus-kemer.com\/tr\/wp-content\/uploads\/2023\/02\/dsc_1006.jpg 2560w, https:\/\/octopus-kemer.com\/tr\/wp-content\/uploads\/2023\/02\/dsc_1006-300x199.jpg 300w, https:\/\/octopus-kemer.com\/tr\/wp-content\/uploads\/2023\/02\/dsc_1006-1024x680.jpg 1024w, https:\/\/octopus-kemer.com\/tr\/wp-content\/uploads\/2023\/02\/dsc_1006-768x510.jpg 768w, https:\/\/octopus-kemer.com\/tr\/wp-content\/uploads\/2023\/02\/dsc_1006-1536x1020.jpg 1536w, https:\/\/octopus-kemer.com\/tr\/wp-content\/uploads\/2023\/02\/dsc_1006-2048x1360.jpg 2048w\" sizes=\"(max-width: 2560px) 100vw, 2560px\" \/><div class=\"wp-block-cover__inner-container is-layout-flow wp-block-cover-is-layout-flow\">\n<p class=\"has-text-align-center has-large-font-size\"><\/p>\n<\/div><\/div>\n<\/div>\n<\/div>\n<\/div>\n\n\n\n<div class=\"wp-block-columns alignwide are-vertically-aligned-center is-layout-flex wp-container-core-columns-is-layout-28f84493 wp-block-columns-is-layout-flex\">\n<div class=\"wp-block-column is-vertically-aligned-center is-layout-flow wp-block-column-is-layout-flow\" style=\"padding-top:40px;padding-right:40px;padding-bottom:40px;padding-left:40px\">\n<div class=\"wp-block-group alignwide is-layout-constrained wp-container-core-group-is-layout-26420631 wp-block-group-is-layout-constrained\">\n<p id=\"u2633-2\"><strong>5. BATIK (PAT\u0130)<\/strong><br><br>2001 Y\u0131l\u0131n\u0131n so\u011fuk ve f\u0131rt\u0131nal\u0131 1 Ocak gecesinde, b\u00fcy\u00fck azg\u0131n dalgalarla Kiri\u015f Akvaryum Koyu\u2019nun a\u00e7\u0131\u011f\u0131ndaki kayalara s\u00fcr\u00fcklenen PAT\u0130 ismindeki G\u00fcrcistan bandral\u0131 gemi ortas\u0131ndan ikiye ayr\u0131lm\u0131\u015f, Pakistan ve Sri Lanka\u2019l\u0131 m\u00fcltecilerin de i\u00e7inde bulundu\u011fu PAT\u0130\u2019nin ba\u015f taraf\u0131 hemen sulara g\u00f6m\u00fclm\u00fc\u015f, k\u0131\u00e7 taraf\u0131 ise k\u0131y\u0131da kayalara oturmu\u015f 2004\u2019\u00fcn k\u0131\u015f\u0131nda da tamamen batm\u0131\u015ft\u0131r.15 m.uzunlu\u011fundaki demir gemi enkaz\u0131, 5-13 m. derinlikte ve kum zemin \u00fczerindedir. Tecr\u00fcbeli dalg\u0131\u00e7lara uygun bir dal\u0131\u015f noktas\u0131d\u0131r. Geminin direkleri, zincir ve \u00e7apa gibi baz\u0131 par\u00e7alar\u0131 etraf\u0131na sa\u00e7\u0131lm\u0131\u015f haldedir. 22 y\u0131ll\u0131k bir ge\u00e7mi\u015fe sahip olan bu enkazda orfoz, m\u00fcren, aslan bal\u0131\u011f\u0131 gibi baz\u0131 bal\u0131klar yuvalanm\u0131\u015flard\u0131r. Bunun d\u0131\u015f\u0131nda enkaz\u0131n etraf\u0131nda vatoz, deniz y\u0131ld\u0131z\u0131, deniz tav\u015fan\u0131 gibi canl\u0131lara ve ender olarak da ton bal\u0131klar\u0131na rastlanmaktad\u0131r.<\/p>\n<\/div>\n<\/div>\n\n\n\n<div class=\"wp-block-column is-vertically-aligned-center is-layout-flow wp-block-column-is-layout-flow\">\n<div class=\"wp-block-group alignwide has-shadow-dark has-white-background-color has-background is-layout-constrained wp-container-core-group-is-layout-d794d2f0 wp-block-group-is-layout-constrained\" style=\"border-width:12px;border-radius:0px;padding-top:0px;padding-right:0px;padding-bottom:0px;padding-left:0px\">\n<div class=\"wp-block-cover has-custom-content-position is-position-bottom-center image-zoom-hover\" style=\"margin-top:0;margin-bottom:0;min-height:500px;aspect-ratio:unset;\"><span aria-hidden=\"true\" class=\"wp-block-cover__background has-background-dim-40 has-background-dim wp-block-cover__gradient-background has-background-gradient\" style=\"background:linear-gradient(180deg,rgba(8,8,8,0.2) 8%,rgb(1,1,1) 100%)\"><\/span><img loading=\"lazy\" decoding=\"async\" width=\"800\" height=\"600\" class=\"wp-block-cover__image-background wp-image-96\" alt=\"\" src=\"http:\/\/octopus-kemer.com\/tr\/wp-content\/uploads\/2023\/02\/img_5004.jpg\" data-object-fit=\"cover\" srcset=\"https:\/\/octopus-kemer.com\/tr\/wp-content\/uploads\/2023\/02\/img_5004.jpg 800w, https:\/\/octopus-kemer.com\/tr\/wp-content\/uploads\/2023\/02\/img_5004-300x225.jpg 300w, https:\/\/octopus-kemer.com\/tr\/wp-content\/uploads\/2023\/02\/img_5004-768x576.jpg 768w\" sizes=\"(max-width: 800px) 100vw, 800px\" \/><div class=\"wp-block-cover__inner-container is-layout-flow wp-block-cover-is-layout-flow\">\n<p class=\"has-text-align-center has-large-font-size\"><\/p>\n<\/div><\/div>\n<\/div>\n<\/div>\n<\/div>\n\n\n\n<div class=\"wp-block-columns alignwide are-vertically-aligned-center is-layout-flex wp-container-core-columns-is-layout-28f84493 wp-block-columns-is-layout-flex\">\n<div class=\"wp-block-column is-vertically-aligned-center is-layout-flow wp-block-column-is-layout-flow\" style=\"padding-top:40px;padding-right:40px;padding-bottom:40px;padding-left:40px\">\n<div class=\"wp-block-group alignwide is-layout-constrained wp-container-core-group-is-layout-26420631 wp-block-group-is-layout-constrained\">\n<p id=\"u2633-2\"><strong>6. \u00dc\u00c7 ADALAR<\/strong><br><br>Tekirova sahillerinde b\u00f6lgede isimleri Mart\u0131, Ma\u011fara, Piknik ve K\u00fc\u00e7\u00fck ada olarak an\u0131lan d\u00f6rt ada bulunmaktad\u0131r. Bu adalar d\u00fcnya kriterlerine uygun nadir dal\u0131\u015f merkezlerinden biridir. Sualt\u0131 zenginliklerini ke\u015ffetmek isteyen insanlar i\u00e7in cezbedici bir f\u0131rsat yaratmaktad\u0131r. Bu dal\u0131\u015f merkezlerine 90 dakikal\u0131k bir tekne yolculu\u011fu ile var\u0131labilmektedir<\/p>\n<\/div>\n<\/div>\n\n\n\n<div class=\"wp-block-column is-vertically-aligned-center is-layout-flow wp-block-column-is-layout-flow\">\n<div class=\"wp-block-group alignwide has-shadow-dark has-white-background-color has-background is-layout-constrained wp-container-core-group-is-layout-d794d2f0 wp-block-group-is-layout-constrained\" style=\"border-width:12px;border-radius:0px;padding-top:0px;padding-right:0px;padding-bottom:0px;padding-left:0px\">\n<div class=\"wp-block-cover has-custom-content-position is-position-bottom-center image-zoom-hover\" style=\"margin-top:0;margin-bottom:0;min-height:500px;aspect-ratio:unset;\"><span aria-hidden=\"true\" class=\"wp-block-cover__background has-background-dim-40 has-background-dim wp-block-cover__gradient-background has-background-gradient\" style=\"background:linear-gradient(180deg,rgba(8,8,8,0.2) 8%,rgb(1,1,1) 100%)\"><\/span><img loading=\"lazy\" decoding=\"async\" width=\"800\" height=\"572\" class=\"wp-block-cover__image-background wp-image-604\" alt=\"\" src=\"http:\/\/octopus-kemer.com\/tr\/wp-content\/uploads\/2023\/02\/131-201608041120391.jpg\" data-object-fit=\"cover\" srcset=\"https:\/\/octopus-kemer.com\/tr\/wp-content\/uploads\/2023\/02\/131-201608041120391.jpg 800w, https:\/\/octopus-kemer.com\/tr\/wp-content\/uploads\/2023\/02\/131-201608041120391-300x215.jpg 300w, https:\/\/octopus-kemer.com\/tr\/wp-content\/uploads\/2023\/02\/131-201608041120391-768x549.jpg 768w\" sizes=\"(max-width: 800px) 100vw, 800px\" \/><div class=\"wp-block-cover__inner-container is-layout-flow wp-block-cover-is-layout-flow\">\n<p class=\"has-text-align-center has-large-font-size\"><\/p>\n<\/div><\/div>\n<\/div>\n<\/div>\n<\/div>\n<\/div>\n<\/div><\/div>\n<\/div>\n<\/div>\n","protected":false},"excerpt":{"rendered":"","protected":false},"author":1,"featured_media":0,"parent":0,"menu_order":0,"comment_status":"closed","ping_status":"closed","template":"","meta":{"footnotes":""},"class_list":["post-300","page","type-page","status-publish","hentry"],"_links":{"self":[{"href":"https:\/\/octopus-kemer.com\/tr\/wp-json\/wp\/v2\/pages\/300","targetHints":{"allow":["GET"]}}],"collection":[{"href":"https:\/\/octopus-kemer.com\/tr\/wp-json\/wp\/v2\/pages"}],"about":[{"href":"https:\/\/octopus-kemer.com\/tr\/wp-json\/wp\/v2\/types\/page"}],"author":[{"embeddable":true,"href":"https:\/\/octopus-kemer.com\/tr\/wp-json\/wp\/v2\/users\/1"}],"replies":[{"embeddable":true,"href":"https:\/\/octopus-kemer.com\/tr\/wp-json\/wp\/v2\/comments?post=300"}],"version-history":[{"count":26,"href":"https:\/\/octopus-kemer.com\/tr\/wp-json\/wp\/v2\/pages\/300\/revisions"}],"predecessor-version":[{"id":605,"href":"https:\/\/octopus-kemer.com\/tr\/wp-json\/wp\/v2\/pages\/300\/revisions\/605"}],"wp:attachment":[{"href":"https:\/\/octopus-kemer.com\/tr\/wp-json\/wp\/v2\/media?parent=300"}],"curies":[{"name":"wp","href":"https:\/\/api.w.org\/{rel}","templated":true}]}}