{"id":253,"date":"2023-02-25T18:42:33","date_gmt":"2023-02-25T18:42:33","guid":{"rendered":"http:\/\/octopus-kemer.com\/tr\/?page_id=253"},"modified":"2023-02-28T17:32:08","modified_gmt":"2023-02-28T17:32:08","slug":"gunluk-dalis-turu","status":"publish","type":"page","link":"https:\/\/octopus-kemer.com\/tr\/gunluk-dalis-turu\/","title":{"rendered":"G\u00dcNL\u00dcK DALI\u015e TURU"},"content":{"rendered":"\n<div class=\"wp-block-group alignfull is-layout-flow wp-block-group-is-layout-flow\">\n<div class=\"wp-block-group alignfull has-custom-renk-1-background-color has-background is-layout-constrained wp-container-core-group-is-layout-75294154 wp-block-group-is-layout-constrained\" style=\"padding-top:0;padding-right:0;padding-bottom:0;padding-left:0\">\n<div class=\"wp-block-cover alignfull has-parallax\" style=\"padding-top:0;padding-right:0;padding-bottom:0;padding-left:0\"><span aria-hidden=\"true\" class=\"wp-block-cover__background has-background-dim-80 has-background-dim\"><\/span><div role=\"img\" class=\"wp-block-cover__image-background wp-image-62 has-parallax\" style=\"background-position:50% 50%;background-image:url(http:\/\/octopus-kemer.com\/tr\/wp-content\/uploads\/2023\/02\/ado_5841.jpg)\"><\/div><div class=\"wp-block-cover__inner-container is-layout-flow wp-block-cover-is-layout-flow\">\n<div class=\"wp-block-group is-layout-constrained wp-container-core-group-is-layout-955c507f wp-block-group-is-layout-constrained\" style=\"padding-top:100px;padding-right:30px;padding-bottom:100px;padding-left:30px\">\n<div class=\"wp-block-buttons is-content-justification-center is-layout-flex wp-container-core-buttons-is-layout-a89b3969 wp-block-buttons-is-layout-flex\">\n<div class=\"wp-block-button is-style-outline is-style-outline--1\"><a class=\"wp-block-button__link wp-element-button\" style=\"border-radius:10px\">G\u00dcNL\u00dcK DALI\u015e TURU<\/a><\/div>\n<\/div>\n\n\n\n<div class=\"wp-block-columns alignwide is-layout-flex wp-container-core-columns-is-layout-28f84493 wp-block-columns-is-layout-flex\">\n<div class=\"wp-block-column is-vertically-aligned-center is-layout-flow wp-block-column-is-layout-flow\" style=\"padding-top:40px;padding-right:40px;padding-bottom:40px;padding-left:40px\">\n<div class=\"wp-block-group alignwide is-layout-constrained wp-container-core-group-is-layout-26420631 wp-block-group-is-layout-constrained\">\n<p>8:30: Beldibi ve Tekirova\u2019dan transferlerin ba\u015flamas\u0131<br><br>9:30: Kemer Yat Liman\u0131; dal\u0131\u015f teknesine var\u0131\u015f ve kay\u0131tlar<br><br>10:00: Dal\u0131\u015f teknesinin limandan 18 dk. mesafedeki Kiri\u015f Ma\u011fara Koyu\u2019na hareket etmesiyle birlikte konuklar\u0131m\u0131za g\u00fcnl\u00fck dal\u0131\u015f ve tur program\u0131 hakk\u0131nda bilgi verilmesi<br><br>10:20: Teknenin Kiri\u015f Ma\u011fara Koyu\u2019na var\u0131\u015f\u0131 itibar\u0131yla Dal\u0131\u015f E\u011fitmenleri taraf\u0131ndan konuklar\u0131m\u0131za, kendi dillerinde, dal\u0131\u015f esnas\u0131nda bilmeleri ve uygulamalar\u0131 gereken dal\u0131\u015f kurallar\u0131 hakk\u0131nda e\u011fitim verilmesi. Temel e\u011fitimin ard\u0131ndan yeni ba\u015flayanlara birebir,tecr\u00fcbelilere en fazla 5\u2019erli gruplar halinde dal\u0131\u015flara koyun en s\u0131\u011f yerinden ba\u015flanmas\u0131yla birlikte birinci dal\u0131\u015flar\u0131n yap\u0131lmas\u0131. Her grupta en az 1 E\u011fitmen ve 1 Rehber Bal\u0131kadam dalg\u0131\u00e7lara e\u015flik etmektedir. Dal\u0131\u015flar esnas\u0131nda sualt\u0131 Foto\u011fraf ve Video \u00e7ekimleri istenmesi halinde yap\u0131lmaktad\u0131r.<br><br>10:45: Dal\u0131\u015flar\u0131n ba\u015flamas\u0131.<br><br>13:00: \u00d6\u011fle yeme\u011fi (salata, pilav ve tavuk \u015fnitzel)<br><br>14:15: \u0130kinci dal\u0131\u015flar i\u00e7in Mustafa Ertu\u011frul Dal\u0131\u015f noktas\u0131na var\u0131\u015f ve burada 2. dal\u0131\u015flar\u0131n yap\u0131lmas\u0131<br><br>16:45: Dal\u0131\u015flar\u0131n tamamlanmas\u0131yla Kemer Yat Liman\u0131\u2019na do\u011fru hareket edilmesi D\u00f6n\u00fc\u015f yolunda dal\u0131\u015f kursu alm\u0131\u015f olan konuklar\u0131m\u0131za almaya hak kazand\u0131klar\u0131 sertifikalar\u0131 t\u00f6ren e\u015fli\u011finde takdim edilir.<br><br>17:00: Kemer Yat Liman\u0131\u2019na var\u0131\u015fa m\u00fcteakiben veda konu\u015fmas\u0131n\u0131n yap\u0131lmas\u0131<br><br>17:20: Servis ara\u00e7lar\u0131na binilip Kemer Yat Liman\u0131\u2019ndan hareket edilmesi<br><br>NOT: Dal\u0131\u015f yapmayan misafirlerimiz de t\u00fcm dal\u0131\u015f turu s\u00fcresince y\u00fczme, \u015fnorkel yapma g\u00fcne\u015flenme ve b\u00f6ylece en g\u00fczel bi\u00e7imde dinlenme olana\u011f\u0131na sahiptirler. Yemek, tekne yak\u0131t\u0131, du\u015fta kullan\u0131lan temiz su ve sigorta fiyata dahildir. Her g\u00fcn iki farkl\u0131 dal\u0131\u015f yerinde 1 sabah ve 1 \u00f6\u011fleden sonra olmak \u00fczere 2 dal\u0131\u015f uygulamas\u0131 yap\u0131lmaktad\u0131r<br><br>Acemi (Beginner) Dalg\u0131\u00e7lar\u0131: Sabahki dal\u0131\u015f\u0131m\u0131zda; acemi dalg\u0131\u00e7lar brifing al\u0131p e\u011fitmenlerle beraber dal\u0131\u015f uygulamas\u0131n\u0131 tamaml\u0131yorlar. Acemiler maximum 5m derinli\u011fe en az 15-20 dakika s\u00fcre ile dal\u0131yorlar. Yemek molas\u0131ndan sonra ayn\u0131 uygulama farkl\u0131 bir dal\u0131\u015f b\u00f6lgesinde tekrarlan\u0131yor.<br><br>Tecr\u00fcbeli (Diver) Dalg\u0131\u00e7lar: Tecr\u00fcbeli dalg\u0131\u00e7lar acemi dalg\u0131\u00e7 program\u0131nda oldu\u011fu gibi 2 ayr\u0131 b\u00f6lgede bir sabah birde \u00f6\u011fleden sonra olmak \u015fart\u0131yla 2 kere dal\u0131\u015f yaparlar. 5 tecr\u00fcbeli dal\u011f\u0131ca 1 e\u011fitmen d\u00fc\u015fecek \u015fekilde dalarlar. Maximum dal\u0131\u015f derinli\u011fi 30m dir. Dal\u0131\u015f derinli\u011fi ve plan\u0131 dalg\u0131\u00e7lar\u0131n tecr\u00fcbesine g\u00f6re d\u00fczenlenir. Dal\u0131\u015f 50 bar hava ile bitecek \u015fekilde planlan\u0131r.<\/p>\n<\/div>\n<\/div>\n<\/div>\n<\/div>\n<\/div><\/div>\n<\/div>\n<\/div>\n","protected":false},"excerpt":{"rendered":"","protected":false},"author":1,"featured_media":0,"parent":0,"menu_order":0,"comment_status":"closed","ping_status":"closed","template":"","meta":{"footnotes":""},"class_list":["post-253","page","type-page","status-publish","hentry"],"_links":{"self":[{"href":"https:\/\/octopus-kemer.com\/tr\/wp-json\/wp\/v2\/pages\/253","targetHints":{"allow":["GET"]}}],"collection":[{"href":"https:\/\/octopus-kemer.com\/tr\/wp-json\/wp\/v2\/pages"}],"about":[{"href":"https:\/\/octopus-kemer.com\/tr\/wp-json\/wp\/v2\/types\/page"}],"author":[{"embeddable":true,"href":"https:\/\/octopus-kemer.com\/tr\/wp-json\/wp\/v2\/users\/1"}],"replies":[{"embeddable":true,"href":"https:\/\/octopus-kemer.com\/tr\/wp-json\/wp\/v2\/comments?post=253"}],"version-history":[{"count":10,"href":"https:\/\/octopus-kemer.com\/tr\/wp-json\/wp\/v2\/pages\/253\/revisions"}],"predecessor-version":[{"id":598,"href":"https:\/\/octopus-kemer.com\/tr\/wp-json\/wp\/v2\/pages\/253\/revisions\/598"}],"wp:attachment":[{"href":"https:\/\/octopus-kemer.com\/tr\/wp-json\/wp\/v2\/media?parent=253"}],"curies":[{"name":"wp","href":"https:\/\/api.w.org\/{rel}","templated":true}]}}