{"id":140,"date":"2023-02-25T10:34:28","date_gmt":"2023-02-25T10:34:28","guid":{"rendered":"http:\/\/octopus-kemer.com\/tr\/?page_id=140"},"modified":"2024-01-13T18:48:00","modified_gmt":"2024-01-13T18:48:00","slug":"kemerde-dalis","status":"publish","type":"page","link":"https:\/\/octopus-kemer.com\/tr\/kemerde-dalis\/","title":{"rendered":"KEMER&#8217;DE DALI\u015e"},"content":{"rendered":"\n<div class=\"wp-block-group alignfull is-layout-flow wp-block-group-is-layout-flow\" style=\"padding-top:0;padding-right:0;padding-bottom:0;padding-left:0\">\n<div class=\"wp-block-group alignfull has-custom-renk-1-background-color has-background is-layout-constrained wp-container-core-group-is-layout-75294154 wp-block-group-is-layout-constrained\" style=\"padding-top:0;padding-right:0;padding-bottom:0;padding-left:0\">\n<div class=\"wp-block-cover alignfull has-parallax\" style=\"padding-top:0;padding-right:0;padding-bottom:0;padding-left:0\"><span aria-hidden=\"true\" class=\"wp-block-cover__background has-background-dim-70 has-background-dim\"><\/span><div role=\"img\" class=\"wp-block-cover__image-background wp-image-60 has-parallax\" style=\"background-position:50% 50%;background-image:url(http:\/\/octopus-kemer.com\/tr\/wp-content\/uploads\/2023\/02\/gopr5328.jpg)\"><\/div><div class=\"wp-block-cover__inner-container is-layout-flow wp-block-cover-is-layout-flow\">\n<div class=\"wp-block-group is-layout-constrained wp-container-core-group-is-layout-955c507f wp-block-group-is-layout-constrained\" style=\"padding-top:100px;padding-right:30px;padding-bottom:100px;padding-left:30px\">\n<div class=\"wp-block-buttons is-content-justification-center is-layout-flex wp-container-core-buttons-is-layout-a89b3969 wp-block-buttons-is-layout-flex\">\n<div class=\"wp-block-button is-style-outline is-style-outline--1\"><a class=\"wp-block-button__link wp-element-button\" style=\"border-radius:10px\">KEMER&#8217;DE DALI\u015e<\/a><\/div>\n<\/div>\n\n\n\n<div class=\"wp-block-columns alignwide is-layout-flex wp-container-core-columns-is-layout-28f84493 wp-block-columns-is-layout-flex\">\n<div class=\"wp-block-column is-vertically-aligned-center is-layout-flow wp-block-column-is-layout-flow\" style=\"padding-top:40px;padding-right:40px;padding-bottom:40px;padding-left:40px\">\n<div class=\"wp-block-group alignwide is-layout-constrained wp-container-core-group-is-layout-26420631 wp-block-group-is-layout-constrained\">\n<div class=\"wp-block-group is-nowrap is-layout-flex wp-container-core-group-is-layout-e088cbc5 wp-block-group-is-layout-flex\">\n<h1 class=\"wp-block-heading has-primary-color has-text-color has-medium-font-size\">KEMER SU ALTIYLA DA \u00c7OK G\u00dcZEL!<\/h1>\n<\/div>\n\n\n\n<p id=\"u6880-2\">Hizmet ve emniyet bizden, gelip g\u00f6rmesi sizden!<br><br>Kemer, de\u011fi\u015fken k\u0131y\u0131 yap\u0131s\u0131, antik \u00e7a\u011flardan anforalar\u0131, gemi bat\u0131klar\u0131, resif ve ma\u011faralar\u0131 ile Akdeniz B\u00f6lgesi\u2019nde Antalya\u2019n\u0131n g\u00fcneyindeki en \u00f6nemli dal\u0131\u015f merkezlerinden biridir.<br><br>T\u00fcrkiye\u2019de en fazla Mavi Bayrak Antalya\u2019da ve en \u00f6nemlisi Kemer\u2019de bulunmaktad\u0131r. Kemer b\u00f6lgesi berrak turkuaz rengi denizi, flora ve faunas\u0131 ve bir \u00e7o\u011funa sadece denizden tekneyle ula\u015f\u0131labilen koylar\u0131yla m\u00fckemmel dal\u0131\u015f ve e\u011fitim olanaklar\u0131 sunmaktad\u0131r.<br><br>Zengin bir Akdeniz canl\u0131 toplulu\u011funa sahip olan Kemer\u2019de ayn\u0131 zamanda K\u0131z\u0131ldeniz\u2019e ait bal\u0131k t\u00fcrlerine de rastlanmaktad\u0131r.<br><br>Su s\u0131cakl\u0131\u011f\u0131 Ocak ay\u0131 i\u00e7in 19 derece A\u011fustos ay\u0131nda 30 derecedir.<br><br>Kemer B\u00f6lgesi deyince akla Beldibi-Tekirova aras\u0131nda kalan, G\u00f6yn\u00fck, Kemer, Kiri\u015f ve \u00c7amyuva\u2019y\u0131 da kapsayan t\u00fcm beldeler gelir ki dal\u0131\u015f merkezimiz (Octopus Dal\u0131\u015f Merkezi) Kemer merkezde konu\u015flanm\u0131\u015ft\u0131r ve 1 Mart-15 Aral\u0131k tarihleri aras\u0131nda Kemer B\u00f6lgesini su alt\u0131ndan da tan\u0131tmak i\u00e7in hizmetinizdedir.<br><br>G-Marine Kemer Liman\u0131 a\u00e7\u0131klar\u0131nda 31 metre dipte yatan PAR\u0130S Bat\u0131\u011f\u0131, b\u00f6lgedeki \u00f6nemli bat\u0131klardan biridir.<br><br>B\u00f6lgenin zengin bir dal\u0131\u015f noktas\u0131 olan 3 ADALAR\u2019da iri vatozlara, m\u00fcren bal\u0131klar\u0131na, karavidalara, y\u0131l\u0131n belirli zamanlar\u0131nda orkinos s\u00fcr\u00fclerine, barakuda s\u00fcr\u00fclerine ve hatta nesli t\u00fckenmekte olan Akdeniz Foklar\u0131\u2019na da rastlanmaktad\u0131r.<br><br>Kemer&#8217;de dal\u0131\u015f denilince akla gelen ilk adres Octopus.<\/p>\n<\/div>\n<\/div>\n<\/div>\n<\/div>\n<\/div><\/div>\n<\/div>\n<\/div>\n","protected":false},"excerpt":{"rendered":"","protected":false},"author":1,"featured_media":96,"parent":0,"menu_order":0,"comment_status":"closed","ping_status":"closed","template":"","meta":{"footnotes":""},"class_list":["post-140","page","type-page","status-publish","has-post-thumbnail","hentry"],"_links":{"self":[{"href":"https:\/\/octopus-kemer.com\/tr\/wp-json\/wp\/v2\/pages\/140","targetHints":{"allow":["GET"]}}],"collection":[{"href":"https:\/\/octopus-kemer.com\/tr\/wp-json\/wp\/v2\/pages"}],"about":[{"href":"https:\/\/octopus-kemer.com\/tr\/wp-json\/wp\/v2\/types\/page"}],"author":[{"embeddable":true,"href":"https:\/\/octopus-kemer.com\/tr\/wp-json\/wp\/v2\/users\/1"}],"replies":[{"embeddable":true,"href":"https:\/\/octopus-kemer.com\/tr\/wp-json\/wp\/v2\/comments?post=140"}],"version-history":[{"count":28,"href":"https:\/\/octopus-kemer.com\/tr\/wp-json\/wp\/v2\/pages\/140\/revisions"}],"predecessor-version":[{"id":698,"href":"https:\/\/octopus-kemer.com\/tr\/wp-json\/wp\/v2\/pages\/140\/revisions\/698"}],"wp:featuredmedia":[{"embeddable":true,"href":"https:\/\/octopus-kemer.com\/tr\/wp-json\/wp\/v2\/media\/96"}],"wp:attachment":[{"href":"https:\/\/octopus-kemer.com\/tr\/wp-json\/wp\/v2\/media?parent=140"}],"curies":[{"name":"wp","href":"https:\/\/api.w.org\/{rel}","templated":true}]}}