{"id":341,"date":"2023-02-26T18:10:48","date_gmt":"2023-02-26T18:10:48","guid":{"rendered":"http:\/\/octopus-kemer.com\/ru\/?page_id=341"},"modified":"2023-03-08T09:36:04","modified_gmt":"2023-03-08T09:36:04","slug":"ourteam","status":"publish","type":"page","link":"https:\/\/octopus-kemer.com\/ru\/ourteam\/","title":{"rendered":"\u041a\u041e\u041c\u0410\u041d\u0414\u0410"},"content":{"rendered":"\n<div class=\"wp-block-group alignfull is-layout-flow wp-block-group-is-layout-flow\">\n<div class=\"wp-block-group alignfull has-custom-renk-1-background-color has-background is-layout-constrained wp-container-core-group-is-layout-75294154 wp-block-group-is-layout-constrained\" style=\"padding-top:0;padding-right:0;padding-bottom:0;padding-left:0\">\n<div class=\"wp-block-cover alignfull has-parallax\" style=\"padding-top:0;padding-right:0;padding-bottom:0;padding-left:0\"><span aria-hidden=\"true\" class=\"wp-block-cover__background has-background-dim-70 has-background-dim\"><\/span><div role=\"img\" class=\"wp-block-cover__image-background wp-image-23 has-parallax\" style=\"background-position:50% 50%;background-image:url(http:\/\/octopus-kemer.com\/ru\/wp-content\/uploads\/2023\/02\/dsc_6025.jpg)\"><\/div><div class=\"wp-block-cover__inner-container is-layout-flow wp-block-cover-is-layout-flow\">\n<div class=\"wp-block-group is-layout-constrained wp-container-core-group-is-layout-955c507f wp-block-group-is-layout-constrained\" style=\"padding-top:100px;padding-right:30px;padding-bottom:100px;padding-left:30px\">\n<div class=\"wp-block-buttons is-content-justification-center is-layout-flex wp-container-core-buttons-is-layout-b5994976 wp-block-buttons-is-layout-flex\">\n<div class=\"wp-block-button is-style-outline is-style-outline--1\"><a class=\"wp-block-button__link wp-element-button\" style=\"border-radius:10px\">\u041a\u041e\u041c\u0410\u041d\u0414\u0410 \u041f\u041e \u0414\u0410\u0419\u0412\u0418\u041d\u0413\u0423<\/a><\/div>\n<\/div>\n\n\n\n<div class=\"wp-block-columns alignwide are-vertically-aligned-center is-layout-flex wp-container-core-columns-is-layout-28f84493 wp-block-columns-is-layout-flex\">\n<div class=\"wp-block-column is-vertically-aligned-center is-layout-flow wp-block-column-is-layout-flow\" style=\"padding-top:40px;padding-right:40px;padding-bottom:40px;padding-left:40px\">\n<div class=\"wp-block-group alignwide is-layout-constrained wp-container-core-group-is-layout-26420631 wp-block-group-is-layout-constrained\">\n<p id=\"u2633-2\"><strong>AL\u0130 S\u0130VR\u0130KAYA<\/strong><br><br>\u0410\u043b\u0438 \u0421\u0438\u0432\u0440\u0438\u043a\u0430\u0439\u044f \u043f\u043e \u043f\u0440\u043e\u0437\u0432\u0438\u0449\u0443 &#8220;\u0410\u043b\u0438 \u0425\u043e\u0434\u0436\u0430&#8221; \u0440\u043e\u0434\u0438\u043b\u0441\u044f \u0432 1971 \u0433\u043e\u0434\u0443 \u0432 \u0410\u043d\u0442\u0430\u043b\u0438\u0438-\u041a\u0435\u043c\u0435\u0440. \u041e\u043a\u043e\u043d\u0447\u0438\u0432 \u0444\u0430\u043a\u0443\u043b\u044c\u0442\u0435\u0442 \u043f\u0440\u0435\u043f\u043e\u0434\u0430\u0432\u0430\u043d\u0438\u044f \u043d\u0435\u043c\u0435\u0446\u043a\u043e\u0433\u043e \u044f\u0437\u044b\u043a\u0430 \u0432 \u0425\u0430\u0441\u0435\u0442\u0442\u0435\u043f\u0435. \u0410\u043b\u0438 \u0441\u043b\u0443\u0436\u0438\u0442 \u0434\u0430\u0439\u0432\u0438\u043d\u0433-\u0442\u0443\u0440\u0438\u0437\u043c\u0443 \u0432 \u043a\u0430\u0447\u0435\u0441\u0442\u0432\u0435 \u0438\u043d\u0441\u0442\u0440\u0443\u043a\u0442\u043e\u0440\u0430 \u043f\u043e \u0434\u0430\u0439\u0432\u0438\u043d\u0433\u0443 (CMAS 3*, \u0438\u043d\u0441\u0442\u0440\u0443\u043a\u0442\u043e\u0440 \u0434\u043b\u044f \u0438\u043d\u0432\u0430\u043b\u0438\u0434\u043e\u0432, \u0438\u043d\u0441\u0442\u0440\u0443\u043a\u0442\u043e\u0440 PADI \u0438 SSI) \u0438 \u0440\u044b\u0431\u0430\u043a\u0430-\u0433\u0438\u0434\u0430 \u0441 2002 \u0433\u043e\u0434\u0430 \u0432 \u0434\u0430\u0439\u0432\u0438\u043d\u0433-\u0446\u0435\u043d\u0442\u0440\u0435 Octopus (\u0440\u0435\u0433\u0438\u0441\u0442\u0440\u0430\u0446\u0438\u043e\u043d\u043d\u044b\u0439 \u043d\u043e\u043c\u0435\u0440 177), \u043a\u043e\u0442\u043e\u0440\u044b\u0439 \u043e\u043d \u043e\u0441\u043d\u043e\u0432\u0430\u043b \u0438 \u043a\u043e\u0442\u043e\u0440\u044b\u043c \u0432\u043b\u0430\u0434\u0435\u0435\u0442.<\/p>\n<\/div>\n<\/div>\n\n\n\n<div class=\"wp-block-column is-vertically-aligned-center is-layout-flow wp-block-column-is-layout-flow\">\n<div class=\"wp-block-group alignwide has-shadow-dark has-white-background-color has-background is-layout-constrained wp-container-core-group-is-layout-d794d2f0 wp-block-group-is-layout-constrained\" style=\"border-width:12px;border-radius:0px;padding-top:0px;padding-right:0px;padding-bottom:0px;padding-left:0px\">\n<div class=\"wp-block-cover has-custom-content-position is-position-bottom-center image-zoom-hover\" style=\"margin-top:0;margin-bottom:0;min-height:500px;aspect-ratio:unset;\"><span aria-hidden=\"true\" class=\"wp-block-cover__background has-background-dim-40 has-background-dim wp-block-cover__gradient-background has-background-gradient\" style=\"background:linear-gradient(180deg,rgba(8,8,8,0.2) 8%,rgb(1,1,1) 100%)\"><\/span><img fetchpriority=\"high\" decoding=\"async\" width=\"2560\" height=\"1920\" class=\"wp-block-cover__image-background wp-image-352\" alt=\"\" src=\"http:\/\/octopus-kemer.com\/ru\/wp-content\/uploads\/2023\/02\/UWDays-2008-Ali-scaled.jpg\" data-object-fit=\"cover\" srcset=\"https:\/\/octopus-kemer.com\/ru\/wp-content\/uploads\/2023\/02\/UWDays-2008-Ali-scaled.jpg 2560w, https:\/\/octopus-kemer.com\/ru\/wp-content\/uploads\/2023\/02\/UWDays-2008-Ali-300x225.jpg 300w, https:\/\/octopus-kemer.com\/ru\/wp-content\/uploads\/2023\/02\/UWDays-2008-Ali-1024x768.jpg 1024w, https:\/\/octopus-kemer.com\/ru\/wp-content\/uploads\/2023\/02\/UWDays-2008-Ali-768x576.jpg 768w, https:\/\/octopus-kemer.com\/ru\/wp-content\/uploads\/2023\/02\/UWDays-2008-Ali-1536x1152.jpg 1536w, https:\/\/octopus-kemer.com\/ru\/wp-content\/uploads\/2023\/02\/UWDays-2008-Ali-2048x1536.jpg 2048w\" sizes=\"(max-width: 2560px) 100vw, 2560px\" \/><div class=\"wp-block-cover__inner-container is-layout-flow wp-block-cover-is-layout-flow\">\n<p class=\"has-text-align-center has-large-font-size\"><\/p>\n<\/div><\/div>\n<\/div>\n<\/div>\n<\/div>\n<\/div>\n<\/div><\/div>\n<\/div>\n<\/div>\n","protected":false},"excerpt":{"rendered":"","protected":false},"author":1,"featured_media":0,"parent":0,"menu_order":0,"comment_status":"closed","ping_status":"closed","template":"","meta":{"footnotes":""},"class_list":["post-341","page","type-page","status-publish","hentry"],"_links":{"self":[{"href":"https:\/\/octopus-kemer.com\/ru\/wp-json\/wp\/v2\/pages\/341","targetHints":{"allow":["GET"]}}],"collection":[{"href":"https:\/\/octopus-kemer.com\/ru\/wp-json\/wp\/v2\/pages"}],"about":[{"href":"https:\/\/octopus-kemer.com\/ru\/wp-json\/wp\/v2\/types\/page"}],"author":[{"embeddable":true,"href":"https:\/\/octopus-kemer.com\/ru\/wp-json\/wp\/v2\/users\/1"}],"replies":[{"embeddable":true,"href":"https:\/\/octopus-kemer.com\/ru\/wp-json\/wp\/v2\/comments?post=341"}],"version-history":[{"count":9,"href":"https:\/\/octopus-kemer.com\/ru\/wp-json\/wp\/v2\/pages\/341\/revisions"}],"predecessor-version":[{"id":710,"href":"https:\/\/octopus-kemer.com\/ru\/wp-json\/wp\/v2\/pages\/341\/revisions\/710"}],"wp:attachment":[{"href":"https:\/\/octopus-kemer.com\/ru\/wp-json\/wp\/v2\/media?parent=341"}],"curies":[{"name":"wp","href":"https:\/\/api.w.org\/{rel}","templated":true}]}}