{"id":300,"date":"2023-02-26T17:27:03","date_gmt":"2023-02-26T17:27:03","guid":{"rendered":"http:\/\/octopus-kemer.com\/en\/?page_id=300"},"modified":"2023-03-08T10:06:27","modified_gmt":"2023-03-08T10:06:27","slug":"divesites","status":"publish","type":"page","link":"https:\/\/octopus-kemer.com\/en\/divesites\/","title":{"rendered":"DIVE SITES"},"content":{"rendered":"\n<div class=\"wp-block-group alignfull is-layout-flow wp-block-group-is-layout-flow\">\n<div class=\"wp-block-group alignfull has-custom-renk-1-background-color has-background is-layout-constrained wp-container-core-group-is-layout-75294154 wp-block-group-is-layout-constrained\" style=\"padding-top:0;padding-right:0;padding-bottom:0;padding-left:0\">\n<div class=\"wp-block-cover alignfull has-parallax\" style=\"padding-top:0;padding-right:0;padding-bottom:0;padding-left:0\"><span aria-hidden=\"true\" class=\"wp-block-cover__background has-background-dim-70 has-background-dim\"><\/span><div role=\"img\" class=\"wp-block-cover__image-background wp-image-41 has-parallax\" style=\"background-position:50% 50%;background-image:url(http:\/\/octopus-kemer.com\/en\/wp-content\/uploads\/2023\/02\/dsc_1006.jpg)\"><\/div><div class=\"wp-block-cover__inner-container is-layout-flow wp-block-cover-is-layout-flow\">\n<div class=\"wp-block-group is-layout-constrained wp-container-core-group-is-layout-955c507f wp-block-group-is-layout-constrained\" style=\"padding-top:100px;padding-right:30px;padding-bottom:100px;padding-left:30px\">\n<div class=\"wp-block-buttons is-content-justification-center is-layout-flex wp-container-core-buttons-is-layout-b5994976 wp-block-buttons-is-layout-flex\">\n<div class=\"wp-block-button is-style-outline is-style-outline--1\"><a class=\"wp-block-button__link wp-element-button\" style=\"border-radius:10px\">DIVE SITES<\/a><\/div>\n<\/div>\n\n\n\n<div class=\"wp-block-columns alignwide are-vertically-aligned-center is-layout-flex wp-container-core-columns-is-layout-28f84493 wp-block-columns-is-layout-flex\">\n<div class=\"wp-block-column is-vertically-aligned-center is-layout-flow wp-block-column-is-layout-flow\" style=\"padding-top:40px;padding-right:40px;padding-bottom:40px;padding-left:40px\">\n<div class=\"wp-block-group alignwide is-layout-constrained wp-container-core-group-is-layout-26420631 wp-block-group-is-layout-constrained\">\n<p id=\"u2651-2\"><strong>1. AQUARIUM BAY<\/strong><br><br>This bay, one of the most beautiful diving spots in the Kemer region, is ideal for both beginners and their accompanying family members and friends, with opportunities for swimming, snorkeling, and sunbathing. Aquarium Bay is 23 minutes away from Kemer Marina and can only be reached by sea. The bay, surrounded by steep rocks and pine trees, also has a beautiful pebble beach that plays an important role in all visitors&#8217; enjoyment of nature. Due to its sheltered location from wind and waves and its existing beach, it is suitable for diving at any desired depth. Many species of fish and underwater creatures can be found in this bay, including sea bream, mullet, sea bass, sargo, damselfish, octopus, sea urchin, starfish, and sometimes barracuda, squid, and scorpionfish.<br><br>The deepest point of the bay is 12 meters, and the seabed varies between pebbles and sand. Swimming with fish among the large rocks covered in colorful sponges and corals, and of course, feeding the fish by hand, is an indescribable pleasure that must be experienced to be understood.<\/p>\n<\/div>\n<\/div>\n\n\n\n<div class=\"wp-block-column is-vertically-aligned-center is-layout-flow wp-block-column-is-layout-flow\">\n<div class=\"wp-block-group alignwide has-shadow-dark has-white-background-color has-background is-layout-constrained wp-container-core-group-is-layout-d794d2f0 wp-block-group-is-layout-constrained\" style=\"border-width:12px;border-radius:0px;padding-top:0px;padding-right:0px;padding-bottom:0px;padding-left:0px\">\n<div class=\"wp-block-cover is-light has-custom-content-position is-position-bottom-center image-zoom-hover\" style=\"margin-top:0;margin-bottom:0;min-height:500px;aspect-ratio:unset;\"><span aria-hidden=\"true\" class=\"wp-block-cover__background has-background-dim-40 has-background-dim wp-block-cover__gradient-background has-background-gradient\" style=\"background:linear-gradient(180deg,rgba(8,8,8,0.2) 8%,rgb(1,1,1) 100%)\"><\/span><img fetchpriority=\"high\" decoding=\"async\" width=\"760\" height=\"380\" class=\"wp-block-cover__image-background wp-image-314\" alt=\"\" src=\"http:\/\/octopus-kemer.com\/en\/wp-content\/uploads\/2023\/02\/cam-berrakliginda-bir-deniz-akvaryum-koyu.jpg\" data-object-fit=\"cover\" srcset=\"https:\/\/octopus-kemer.com\/en\/wp-content\/uploads\/2023\/02\/cam-berrakliginda-bir-deniz-akvaryum-koyu.jpg 760w, https:\/\/octopus-kemer.com\/en\/wp-content\/uploads\/2023\/02\/cam-berrakliginda-bir-deniz-akvaryum-koyu-300x150.jpg 300w\" sizes=\"(max-width: 760px) 100vw, 760px\" \/><div class=\"wp-block-cover__inner-container is-layout-flow wp-block-cover-is-layout-flow\">\n<p class=\"has-text-align-center has-large-font-size\"><\/p>\n<\/div><\/div>\n<\/div>\n<\/div>\n<\/div>\n\n\n\n<div class=\"wp-block-columns alignwide are-vertically-aligned-center is-layout-flex wp-container-core-columns-is-layout-28f84493 wp-block-columns-is-layout-flex\">\n<div class=\"wp-block-column is-vertically-aligned-center is-layout-flow wp-block-column-is-layout-flow\" style=\"padding-top:40px;padding-right:40px;padding-bottom:40px;padding-left:40px\">\n<div class=\"wp-block-group alignwide is-layout-constrained wp-container-core-group-is-layout-26420631 wp-block-group-is-layout-constrained\">\n<p id=\"u2651-14\"><strong>2. KIRIS CAVE BAY<\/strong><br><br>This bay, which is sheltered from wind and waves, is located 18 minutes away by diving boat from Kemer Yacht Harbor. With its shallow beginning and extension up to a depth of 18 meters, it is a very suitable diving spot for both beginners and certified divers. This bay, surrounded by steep rocks, gets its name from 2 small caves that are easily visible from the outside and are partially filled with air and water. The presence of small underwater caves and tunnels that are worth seeing and, most importantly, the easy access from this bay to the Bubble Cave underwater are also factors contributing to its popularity. In this bay, where the underwater terrain consists of rocks, stones, pebbles, and sand in some places, a variety of fish species such as wrasses, groupers, breams, saddled breams, combers, and lizardfish, as well as crabs, starfish, sea urchins, shrimps, squid, and octopus can be seen. The endless appetite of fish for bread crumbs offered by divers and their expression of happiness by swirling around the divers create very interesting and natural images that cannot fit into a single photograph. Even for non-divers, the aimless wandering of wild goats on the steep rocks surrounding the bay is exciting and worth watching.<\/p>\n<\/div>\n<\/div>\n\n\n\n<div class=\"wp-block-column is-vertically-aligned-center is-layout-flow wp-block-column-is-layout-flow\">\n<div class=\"wp-block-group alignwide has-shadow-dark has-white-background-color has-background is-layout-constrained wp-container-core-group-is-layout-d794d2f0 wp-block-group-is-layout-constrained\" style=\"border-width:12px;border-radius:0px;padding-top:0px;padding-right:0px;padding-bottom:0px;padding-left:0px\">\n<div class=\"wp-block-cover has-custom-content-position is-position-bottom-center image-zoom-hover\" style=\"margin-top:0;margin-bottom:0;min-height:500px;aspect-ratio:unset;\"><span aria-hidden=\"true\" class=\"wp-block-cover__background has-background-dim-40 has-background-dim wp-block-cover__gradient-background has-background-gradient\" style=\"background:linear-gradient(180deg,rgba(8,8,8,0.2) 8%,rgb(1,1,1) 100%)\"><\/span><img decoding=\"async\" width=\"800\" height=\"532\" class=\"wp-block-cover__image-background wp-image-326\" alt=\"\" src=\"http:\/\/octopus-kemer.com\/en\/wp-content\/uploads\/2023\/02\/kemer-dalis-turu2.webp\" data-object-fit=\"cover\" srcset=\"https:\/\/octopus-kemer.com\/en\/wp-content\/uploads\/2023\/02\/kemer-dalis-turu2.webp 800w, https:\/\/octopus-kemer.com\/en\/wp-content\/uploads\/2023\/02\/kemer-dalis-turu2-300x200.webp 300w, https:\/\/octopus-kemer.com\/en\/wp-content\/uploads\/2023\/02\/kemer-dalis-turu2-768x511.webp 768w\" sizes=\"(max-width: 800px) 100vw, 800px\" \/><div class=\"wp-block-cover__inner-container is-layout-flow wp-block-cover-is-layout-flow\">\n<p class=\"has-text-align-center has-large-font-size\"><\/p>\n<\/div><\/div>\n<\/div>\n<\/div>\n<\/div>\n\n\n\n<div class=\"wp-block-columns alignwide are-vertically-aligned-center is-layout-flex wp-container-core-columns-is-layout-28f84493 wp-block-columns-is-layout-flex\">\n<div class=\"wp-block-column is-vertically-aligned-center is-layout-flow wp-block-column-is-layout-flow\" style=\"padding-top:40px;padding-right:40px;padding-bottom:40px;padding-left:40px\">\n<div class=\"wp-block-group alignwide is-layout-constrained wp-container-core-group-is-layout-26420631 wp-block-group-is-layout-constrained\">\n<p id=\"u2651-30\"><strong>3. LIGHTHOUSE (TUNNEL)<\/strong><br><br>This beautiful diving spot is suitable for divers of all levels and is located only 8 minutes away from Kemer Yacht Harbor, making it easy to spot from the harbor. Since the region is rocky, many small and large tunnels and rock formations can be found here, the most important of which is the L-Reef and the Tunnel that gives its name to this diving spot. The reef starts from 3 meters below the water surface and extends up to 18 meters. At the point where the reef starts, there is a wide tunnel with a depth of 9 meters and a length of 5 meters, which is worth seeing for minutes due to the dozens of marine creatures it hosts.<br><br>The tunnel, covered with corals, sea anemones, colorful sponges, tube worms, oysters, and tunicates, is home to moray eels, octopuses, scorpionfish, crabs, sea cucumbers, sea hares, sea rabbits, groupers, and many other fish species.<\/p>\n<\/div>\n<\/div>\n\n\n\n<div class=\"wp-block-column is-vertically-aligned-center is-layout-flow wp-block-column-is-layout-flow\">\n<div class=\"wp-block-group alignwide has-shadow-dark has-white-background-color has-background is-layout-constrained wp-container-core-group-is-layout-d794d2f0 wp-block-group-is-layout-constrained\" style=\"border-width:12px;border-radius:0px;padding-top:0px;padding-right:0px;padding-bottom:0px;padding-left:0px\">\n<div class=\"wp-block-cover has-custom-content-position is-position-bottom-center image-zoom-hover\" style=\"margin-top:0;margin-bottom:0;min-height:500px;aspect-ratio:unset;\"><span aria-hidden=\"true\" class=\"wp-block-cover__background has-background-dim-40 has-background-dim wp-block-cover__gradient-background has-background-gradient\" style=\"background:linear-gradient(180deg,rgba(8,8,8,0.2) 8%,rgb(1,1,1) 100%)\"><\/span><img decoding=\"async\" width=\"800\" height=\"600\" class=\"wp-block-cover__image-background wp-image-175\" alt=\"\" src=\"http:\/\/octopus-kemer.com\/en\/wp-content\/uploads\/2023\/02\/dsc01620.jpg\" style=\"object-position:7% 24%\" data-object-fit=\"cover\" data-object-position=\"7% 24%\" srcset=\"https:\/\/octopus-kemer.com\/en\/wp-content\/uploads\/2023\/02\/dsc01620.jpg 800w, https:\/\/octopus-kemer.com\/en\/wp-content\/uploads\/2023\/02\/dsc01620-300x225.jpg 300w, https:\/\/octopus-kemer.com\/en\/wp-content\/uploads\/2023\/02\/dsc01620-768x576.jpg 768w\" sizes=\"(max-width: 800px) 100vw, 800px\" \/><div class=\"wp-block-cover__inner-container is-layout-flow wp-block-cover-is-layout-flow\">\n<p class=\"has-text-align-center has-large-font-size\"><\/p>\n<\/div><\/div>\n<\/div>\n<\/div>\n<\/div>\n\n\n\n<div class=\"wp-block-columns alignwide are-vertically-aligned-center is-layout-flex wp-container-core-columns-is-layout-28f84493 wp-block-columns-is-layout-flex\">\n<div class=\"wp-block-column is-vertically-aligned-center is-layout-flow wp-block-column-is-layout-flow\" style=\"padding-top:40px;padding-right:40px;padding-bottom:40px;padding-left:40px\">\n<div class=\"wp-block-group alignwide is-layout-constrained wp-container-core-group-is-layout-26420631 wp-block-group-is-layout-constrained\">\n<p id=\"u2651-46\"><strong>4. BATIK (PARIS)<\/strong><br><br>Floating on the sea floor entirely made of sand, at a depth of 21-31 meters and only 7 minutes away from Kemer Marina, the French Wreck &#8220;Paris&#8221; sank in September 1917 after being hit by Turkish artillery fire from Kocaburun Hill, commanded by Mustafa Ertu\u011frul. The ship was 65 meters long and 14 meters wide, and was covered with sponges and corals of various colors, as well as hosting many different species of marine life such as groupers, scorpionfish, crayfish, and lionfish. As a result of the technology of its time, the ship was built with rivets and steam-powered. The large steam boiler in the middle of the wreckage and the scattered bricks and coals around it are enough to take us back in time. We also understand from the large number of cannonballs scattered throughout the wreckage that Paris was on active duty during World War I. Diving to the Paris wreck is only suitable for certified and experienced divers. As it lies at a depth of 18 meters, it requires deep diving and a minimum of an international level 2 certification. Divers make their descent and ascent from a guide rope tied to the wreck.<\/p>\n<\/div>\n<\/div>\n\n\n\n<div class=\"wp-block-column is-vertically-aligned-center is-layout-flow wp-block-column-is-layout-flow\">\n<div class=\"wp-block-group alignwide has-shadow-dark has-white-background-color has-background is-layout-constrained wp-container-core-group-is-layout-d794d2f0 wp-block-group-is-layout-constrained\" style=\"border-width:12px;border-radius:0px;padding-top:0px;padding-right:0px;padding-bottom:0px;padding-left:0px\">\n<div class=\"wp-block-cover has-custom-content-position is-position-bottom-center image-zoom-hover\" style=\"margin-top:0;margin-bottom:0;min-height:500px;aspect-ratio:unset;\"><span aria-hidden=\"true\" class=\"wp-block-cover__background has-background-dim-40 has-background-dim wp-block-cover__gradient-background has-background-gradient\" style=\"background:linear-gradient(180deg,rgba(8,8,8,0.2) 8%,rgb(1,1,1) 100%)\"><\/span><img loading=\"lazy\" decoding=\"async\" width=\"2560\" height=\"1700\" class=\"wp-block-cover__image-background wp-image-41\" alt=\"\" src=\"http:\/\/octopus-kemer.com\/en\/wp-content\/uploads\/2023\/02\/dsc_1006.jpg\" data-object-fit=\"cover\" srcset=\"https:\/\/octopus-kemer.com\/en\/wp-content\/uploads\/2023\/02\/dsc_1006.jpg 2560w, https:\/\/octopus-kemer.com\/en\/wp-content\/uploads\/2023\/02\/dsc_1006-300x199.jpg 300w, https:\/\/octopus-kemer.com\/en\/wp-content\/uploads\/2023\/02\/dsc_1006-1024x680.jpg 1024w, https:\/\/octopus-kemer.com\/en\/wp-content\/uploads\/2023\/02\/dsc_1006-768x510.jpg 768w, https:\/\/octopus-kemer.com\/en\/wp-content\/uploads\/2023\/02\/dsc_1006-1536x1020.jpg 1536w, https:\/\/octopus-kemer.com\/en\/wp-content\/uploads\/2023\/02\/dsc_1006-2048x1360.jpg 2048w\" sizes=\"(max-width: 2560px) 100vw, 2560px\" \/><div class=\"wp-block-cover__inner-container is-layout-flow wp-block-cover-is-layout-flow\">\n<p class=\"has-text-align-center has-large-font-size\"><\/p>\n<\/div><\/div>\n<\/div>\n<\/div>\n<\/div>\n\n\n\n<div class=\"wp-block-columns alignwide are-vertically-aligned-center is-layout-flex wp-container-core-columns-is-layout-28f84493 wp-block-columns-is-layout-flex\">\n<div class=\"wp-block-column is-vertically-aligned-center is-layout-flow wp-block-column-is-layout-flow\" style=\"padding-top:40px;padding-right:40px;padding-bottom:40px;padding-left:40px\">\n<div class=\"wp-block-group alignwide is-layout-constrained wp-container-core-group-is-layout-26420631 wp-block-group-is-layout-constrained\">\n<p id=\"u2633-2\"><strong><strong>5. BATIK (PATI)<\/strong><\/strong><br><br>On the cold and stormy night of January 1, 2001, the Georgian-flagged ship named PATI was swept onto the rocks off the coast of Kiri\u015f Aquarium Bay by large violent waves, and its bow sank immediately, while its stern remained stuck on the rocks until it sank completely in the winter of 2004. The iron wreck, which is 15 meters long, is located at a depth of 5-13 meters on a sandy bottom. It is a suitable diving spot for experienced divers. Some parts of the ship, such as its masts, chains, and anchors, are scattered around it. Some fish such as groupers, scorpionfish, and lionfish have made the 22-year-old wreck their home. In addition, other marine life such as rays, starfish, and sea hares can also be found around the wreckage, and occasionally tuna can also be spotted.<\/p>\n<\/div>\n<\/div>\n\n\n\n<div class=\"wp-block-column is-vertically-aligned-center is-layout-flow wp-block-column-is-layout-flow\">\n<div class=\"wp-block-group alignwide has-shadow-dark has-white-background-color has-background is-layout-constrained wp-container-core-group-is-layout-d794d2f0 wp-block-group-is-layout-constrained\" style=\"border-width:12px;border-radius:0px;padding-top:0px;padding-right:0px;padding-bottom:0px;padding-left:0px\">\n<div class=\"wp-block-cover has-custom-content-position is-position-bottom-center image-zoom-hover\" style=\"margin-top:0;margin-bottom:0;min-height:500px;aspect-ratio:unset;\"><span aria-hidden=\"true\" class=\"wp-block-cover__background has-background-dim-40 has-background-dim wp-block-cover__gradient-background has-background-gradient\" style=\"background:linear-gradient(180deg,rgba(8,8,8,0.2) 8%,rgb(1,1,1) 100%)\"><\/span><img loading=\"lazy\" decoding=\"async\" width=\"2560\" height=\"1700\" class=\"wp-block-cover__image-background wp-image-372\" alt=\"\" src=\"http:\/\/octopus-kemer.com\/en\/wp-content\/uploads\/2023\/02\/DSC_1479-scaled.jpg\" data-object-fit=\"cover\" srcset=\"https:\/\/octopus-kemer.com\/en\/wp-content\/uploads\/2023\/02\/DSC_1479-scaled.jpg 2560w, https:\/\/octopus-kemer.com\/en\/wp-content\/uploads\/2023\/02\/DSC_1479-300x199.jpg 300w, https:\/\/octopus-kemer.com\/en\/wp-content\/uploads\/2023\/02\/DSC_1479-1024x680.jpg 1024w, https:\/\/octopus-kemer.com\/en\/wp-content\/uploads\/2023\/02\/DSC_1479-768x510.jpg 768w, https:\/\/octopus-kemer.com\/en\/wp-content\/uploads\/2023\/02\/DSC_1479-1536x1020.jpg 1536w, https:\/\/octopus-kemer.com\/en\/wp-content\/uploads\/2023\/02\/DSC_1479-2048x1360.jpg 2048w\" sizes=\"(max-width: 2560px) 100vw, 2560px\" \/><div class=\"wp-block-cover__inner-container is-layout-flow wp-block-cover-is-layout-flow\">\n<p class=\"has-text-align-center has-large-font-size\"><\/p>\n<\/div><\/div>\n<\/div>\n<\/div>\n<\/div>\n\n\n\n<div class=\"wp-block-columns alignwide are-vertically-aligned-center is-layout-flex wp-container-core-columns-is-layout-28f84493 wp-block-columns-is-layout-flex\">\n<div class=\"wp-block-column is-vertically-aligned-center is-layout-flow wp-block-column-is-layout-flow\" style=\"padding-top:40px;padding-right:40px;padding-bottom:40px;padding-left:40px\">\n<div class=\"wp-block-group alignwide is-layout-constrained wp-container-core-group-is-layout-26420631 wp-block-group-is-layout-constrained\">\n<p id=\"u2651-62\"><strong>6. THREE ISLANDS<\/strong><br><br>There are four islands located in the Tekirova area, named Mart\u0131 (Seagull), Ma\u011fara (Cave), Piknik (Picnic), and K\u00fc\u00e7\u00fck Ada (Little Island). These islands are one of the rare diving centers in the world that meet international standards. They create an enticing opportunity for those who want to explore the underwater riches. These diving centers can be reached by a 90-minute boat ride.<\/p>\n<\/div>\n<\/div>\n\n\n\n<div class=\"wp-block-column is-vertically-aligned-center is-layout-flow wp-block-column-is-layout-flow\">\n<div class=\"wp-block-group alignwide has-shadow-dark has-white-background-color has-background is-layout-constrained wp-container-core-group-is-layout-d794d2f0 wp-block-group-is-layout-constrained\" style=\"border-width:12px;border-radius:0px;padding-top:0px;padding-right:0px;padding-bottom:0px;padding-left:0px\">\n<div class=\"wp-block-cover has-custom-content-position is-position-bottom-center image-zoom-hover\" style=\"margin-top:0;margin-bottom:0;min-height:500px;aspect-ratio:unset;\"><span aria-hidden=\"true\" class=\"wp-block-cover__background has-background-dim-40 has-background-dim wp-block-cover__gradient-background has-background-gradient\" style=\"background:linear-gradient(180deg,rgba(8,8,8,0.2) 8%,rgb(1,1,1) 100%)\"><\/span><img loading=\"lazy\" decoding=\"async\" width=\"800\" height=\"572\" class=\"wp-block-cover__image-background wp-image-604\" alt=\"\" src=\"http:\/\/octopus-kemer.com\/en\/wp-content\/uploads\/2023\/02\/131-201608041120391.jpg\" data-object-fit=\"cover\" srcset=\"https:\/\/octopus-kemer.com\/en\/wp-content\/uploads\/2023\/02\/131-201608041120391.jpg 800w, https:\/\/octopus-kemer.com\/en\/wp-content\/uploads\/2023\/02\/131-201608041120391-300x215.jpg 300w, https:\/\/octopus-kemer.com\/en\/wp-content\/uploads\/2023\/02\/131-201608041120391-768x549.jpg 768w\" sizes=\"(max-width: 800px) 100vw, 800px\" \/><div class=\"wp-block-cover__inner-container is-layout-flow wp-block-cover-is-layout-flow\">\n<p class=\"has-text-align-center has-large-font-size\"><\/p>\n<\/div><\/div>\n<\/div>\n<\/div>\n<\/div>\n\n\n\n<div class=\"wp-block-columns alignwide are-vertically-aligned-center is-layout-flex wp-container-core-columns-is-layout-28f84493 wp-block-columns-is-layout-flex\">\n<div class=\"wp-block-column is-vertically-aligned-center is-layout-flow wp-block-column-is-layout-flow\" style=\"padding-top:40px;padding-right:40px;padding-bottom:40px;padding-left:40px\">\n<div class=\"wp-block-group alignwide is-layout-constrained wp-container-core-group-is-layout-26420631 wp-block-group-is-layout-constrained\">\n<p id=\"u2651-72\"><strong>7. THE PLANE<\/strong><br><br>The plane was located on the Tekirova coast for a while. That was the military plane \u2013 Douglas C-47, one of the legends of world aviation in 20th century, a member of the Second World War and many local conflicts.<br><br>At the 14th of September, 2013 this plane was sunk near the Three Islands. Now it is at the depth of 21-31 meters and has already attracted a large number of divers.<br><br>If you don\u2019t have an international diver\u2019s certificate then unfortunately you can\u2019t see the wrecks and the plane. But you can do it after passing diving courses in our center.<\/p>\n<\/div>\n<\/div>\n\n\n\n<div class=\"wp-block-column is-vertically-aligned-center is-layout-flow wp-block-column-is-layout-flow\">\n<div class=\"wp-block-group alignwide has-shadow-dark has-white-background-color has-background is-layout-constrained wp-container-core-group-is-layout-d794d2f0 wp-block-group-is-layout-constrained\" style=\"border-width:12px;border-radius:0px;padding-top:0px;padding-right:0px;padding-bottom:0px;padding-left:0px\">\n<div class=\"wp-block-cover has-custom-content-position is-position-bottom-center image-zoom-hover\" style=\"margin-top:0;margin-bottom:0;min-height:500px;aspect-ratio:unset;\"><span aria-hidden=\"true\" class=\"wp-block-cover__background has-background-dim-40 has-background-dim wp-block-cover__gradient-background has-background-gradient\" style=\"background:linear-gradient(180deg,rgba(8,8,8,0.2) 8%,rgb(1,1,1) 100%)\"><\/span><img loading=\"lazy\" decoding=\"async\" width=\"800\" height=\"600\" class=\"wp-block-cover__image-background wp-image-96\" alt=\"\" src=\"http:\/\/octopus-kemer.com\/en\/wp-content\/uploads\/2023\/02\/img_5004.jpg\" style=\"object-position:73% 53%\" data-object-fit=\"cover\" data-object-position=\"73% 53%\" srcset=\"https:\/\/octopus-kemer.com\/en\/wp-content\/uploads\/2023\/02\/img_5004.jpg 800w, https:\/\/octopus-kemer.com\/en\/wp-content\/uploads\/2023\/02\/img_5004-300x225.jpg 300w, https:\/\/octopus-kemer.com\/en\/wp-content\/uploads\/2023\/02\/img_5004-768x576.jpg 768w\" sizes=\"(max-width: 800px) 100vw, 800px\" \/><div class=\"wp-block-cover__inner-container is-layout-flow wp-block-cover-is-layout-flow\">\n<p class=\"has-text-align-center has-large-font-size\"><\/p>\n<\/div><\/div>\n<\/div>\n<\/div>\n<\/div>\n<\/div>\n<\/div><\/div>\n<\/div>\n<\/div>\n","protected":false},"excerpt":{"rendered":"","protected":false},"author":1,"featured_media":0,"parent":0,"menu_order":0,"comment_status":"closed","ping_status":"closed","template":"","meta":{"footnotes":""},"class_list":["post-300","page","type-page","status-publish","hentry"],"_links":{"self":[{"href":"https:\/\/octopus-kemer.com\/en\/wp-json\/wp\/v2\/pages\/300","targetHints":{"allow":["GET"]}}],"collection":[{"href":"https:\/\/octopus-kemer.com\/en\/wp-json\/wp\/v2\/pages"}],"about":[{"href":"https:\/\/octopus-kemer.com\/en\/wp-json\/wp\/v2\/types\/page"}],"author":[{"embeddable":true,"href":"https:\/\/octopus-kemer.com\/en\/wp-json\/wp\/v2\/users\/1"}],"replies":[{"embeddable":true,"href":"https:\/\/octopus-kemer.com\/en\/wp-json\/wp\/v2\/comments?post=300"}],"version-history":[{"count":28,"href":"https:\/\/octopus-kemer.com\/en\/wp-json\/wp\/v2\/pages\/300\/revisions"}],"predecessor-version":[{"id":669,"href":"https:\/\/octopus-kemer.com\/en\/wp-json\/wp\/v2\/pages\/300\/revisions\/669"}],"wp:attachment":[{"href":"https:\/\/octopus-kemer.com\/en\/wp-json\/wp\/v2\/media?parent=300"}],"curies":[{"name":"wp","href":"https:\/\/api.w.org\/{rel}","templated":true}]}}