{"id":17,"date":"2023-02-24T10:24:09","date_gmt":"2023-02-24T10:24:09","guid":{"rendered":"http:\/\/octopus-kemer.com\/en\/?page_id=17"},"modified":"2023-02-28T20:56:36","modified_gmt":"2023-02-28T20:56:36","slug":"contact","status":"publish","type":"page","link":"https:\/\/octopus-kemer.com\/en\/contact\/","title":{"rendered":"CONTACT"},"content":{"rendered":"\n<div class=\"wp-block-group alignfull is-layout-flow wp-block-group-is-layout-flow\">\n<div class=\"wp-block-group alignfull has-custom-renk-1-background-color has-background is-layout-constrained wp-container-core-group-is-layout-75294154 wp-block-group-is-layout-constrained\" style=\"padding-top:0;padding-right:0;padding-bottom:0;padding-left:0\">\n<div class=\"wp-block-cover alignfull has-parallax\" style=\"padding-top:0;padding-right:0;padding-bottom:0;padding-left:0\"><span aria-hidden=\"true\" class=\"wp-block-cover__background has-background-dim-70 has-background-dim\"><\/span><div role=\"img\" class=\"wp-block-cover__image-background wp-image-23 has-parallax\" style=\"background-position:50% 50%;background-image:url(http:\/\/octopus-kemer.com\/en\/wp-content\/uploads\/2023\/02\/dsc_6025.jpg)\"><\/div><div class=\"wp-block-cover__inner-container is-layout-flow wp-block-cover-is-layout-flow\">\n<div class=\"wp-block-group is-layout-constrained wp-container-core-group-is-layout-955c507f wp-block-group-is-layout-constrained\" style=\"padding-top:100px;padding-right:30px;padding-bottom:100px;padding-left:30px\">\n<div class=\"wp-block-buttons is-content-justification-center is-layout-flex wp-container-core-buttons-is-layout-b5994976 wp-block-buttons-is-layout-flex\">\n<div class=\"wp-block-button is-style-outline is-style-outline--1\"><a class=\"wp-block-button__link wp-element-button\" style=\"border-radius:10px\">CONTACT<\/a><\/div>\n<\/div>\n\n\n\n<div class=\"wp-block-columns alignwide are-vertically-aligned-center is-layout-flex wp-container-core-columns-is-layout-28f84493 wp-block-columns-is-layout-flex\">\n<div class=\"wp-block-column is-vertically-aligned-center is-layout-flow wp-block-column-is-layout-flow\" style=\"padding-top:40px;padding-right:40px;padding-bottom:40px;padding-left:40px\">\n<div class=\"wp-block-group alignwide is-layout-constrained wp-container-core-group-is-layout-26420631 wp-block-group-is-layout-constrained\">\n<p id=\"u2633-2\"><strong>AL\u0130 S\u0130VR\u0130KAYA<\/strong><br><br><img decoding=\"async\" width=\"23\" height=\"23\" class=\"wp-image-536\" style=\"width: 23px;\" src=\"http:\/\/octopus-kemer.com\/en\/wp-content\/uploads\/2023\/02\/old-typical-phone.png\" alt=\"\" srcset=\"https:\/\/octopus-kemer.com\/en\/wp-content\/uploads\/2023\/02\/old-typical-phone.png 512w, https:\/\/octopus-kemer.com\/en\/wp-content\/uploads\/2023\/02\/old-typical-phone-300x300.png 300w, https:\/\/octopus-kemer.com\/en\/wp-content\/uploads\/2023\/02\/old-typical-phone-150x150.png 150w\" sizes=\"(max-width: 23px) 100vw, 23px\" \/>    +90 532 454 43 18<br><br><img decoding=\"async\" width=\"25\" height=\"25\" class=\"wp-image-538\" style=\"width: 25px;\" src=\"http:\/\/octopus-kemer.com\/en\/wp-content\/uploads\/2023\/02\/email.png\" alt=\"\" srcset=\"https:\/\/octopus-kemer.com\/en\/wp-content\/uploads\/2023\/02\/email.png 512w, https:\/\/octopus-kemer.com\/en\/wp-content\/uploads\/2023\/02\/email-300x300.png 300w, https:\/\/octopus-kemer.com\/en\/wp-content\/uploads\/2023\/02\/email-150x150.png 150w\" sizes=\"(max-width: 25px) 100vw, 25px\" \/>    ali@octopus-kemer.com<br><br><img decoding=\"async\" width=\"25\" height=\"25\" class=\"wp-image-539\" style=\"width: 25px;\" src=\"http:\/\/octopus-kemer.com\/en\/wp-content\/uploads\/2023\/02\/route.png\" alt=\"\" srcset=\"https:\/\/octopus-kemer.com\/en\/wp-content\/uploads\/2023\/02\/route.png 512w, https:\/\/octopus-kemer.com\/en\/wp-content\/uploads\/2023\/02\/route-300x300.png 300w, https:\/\/octopus-kemer.com\/en\/wp-content\/uploads\/2023\/02\/route-150x150.png 150w\" sizes=\"(max-width: 25px) 100vw, 25px\" \/>    Merkez Mah. Ataturk Caddesi No 66\/1 &#8211; 07980 Kemer \/ Antalya<\/p>\n<\/div>\n<\/div>\n\n\n\n<div class=\"wp-block-column is-vertically-aligned-center is-layout-flow wp-block-column-is-layout-flow\" style=\"border-style:none;border-width:0px\">\n<iframe src=\"https:\/\/www.google.com\/maps\/embed?pb=!1m14!1m8!1m3!1d205016.78489619144!2d30.562117!3d36.592981!3m2!1i1024!2i768!4f13.1!3m3!1m2!1s0x14c3b791a18488bb%3A0x869fc16ab173dca9!2sOctopus%20Dal%C4%B1%C5%9F%20Merkezi!5e0!3m2!1str!2sus!4v1677497354123!5m2!1str!2sus\" width=\"450\" height=\"300\" style=\"border:0;\" allowfullscreen=\"\" loading=\"lazy\" referrerpolicy=\"no-referrer-when-downgrade\"><\/iframe>\n<\/div>\n<\/div>\n<\/div>\n<\/div><\/div>\n<\/div>\n<\/div>\n","protected":false},"excerpt":{"rendered":"","protected":false},"author":1,"featured_media":0,"parent":0,"menu_order":0,"comment_status":"closed","ping_status":"closed","template":"","meta":{"footnotes":""},"class_list":["post-17","page","type-page","status-publish","hentry"],"_links":{"self":[{"href":"https:\/\/octopus-kemer.com\/en\/wp-json\/wp\/v2\/pages\/17","targetHints":{"allow":["GET"]}}],"collection":[{"href":"https:\/\/octopus-kemer.com\/en\/wp-json\/wp\/v2\/pages"}],"about":[{"href":"https:\/\/octopus-kemer.com\/en\/wp-json\/wp\/v2\/types\/page"}],"author":[{"embeddable":true,"href":"https:\/\/octopus-kemer.com\/en\/wp-json\/wp\/v2\/users\/1"}],"replies":[{"embeddable":true,"href":"https:\/\/octopus-kemer.com\/en\/wp-json\/wp\/v2\/comments?post=17"}],"version-history":[{"count":29,"href":"https:\/\/octopus-kemer.com\/en\/wp-json\/wp\/v2\/pages\/17\/revisions"}],"predecessor-version":[{"id":638,"href":"https:\/\/octopus-kemer.com\/en\/wp-json\/wp\/v2\/pages\/17\/revisions\/638"}],"wp:attachment":[{"href":"https:\/\/octopus-kemer.com\/en\/wp-json\/wp\/v2\/media?parent=17"}],"curies":[{"name":"wp","href":"https:\/\/api.w.org\/{rel}","templated":true}]}}