{"id":416,"date":"2023-02-26T21:44:48","date_gmt":"2023-02-26T21:44:48","guid":{"rendered":"http:\/\/octopus-kemer.com\/de\/?page_id=416"},"modified":"2023-03-20T12:33:30","modified_gmt":"2023-03-20T12:33:30","slug":"cmaskurse","status":"publish","type":"page","link":"https:\/\/octopus-kemer.com\/de\/cmaskurse\/","title":{"rendered":"CMAS KURSE"},"content":{"rendered":"\n<div class=\"wp-block-group alignfull is-layout-flow wp-block-group-is-layout-flow\">\n<div class=\"wp-block-group alignfull has-custom-renk-1-background-color has-background is-layout-constrained wp-container-core-group-is-layout-75294154 wp-block-group-is-layout-constrained\" style=\"padding-top:0;padding-right:0;padding-bottom:0;padding-left:0\">\n<div class=\"wp-block-cover alignfull has-parallax\" style=\"padding-top:0;padding-right:0;padding-bottom:0;padding-left:0\"><span aria-hidden=\"true\" class=\"wp-block-cover__background has-background-dim-80 has-background-dim\"><\/span><div role=\"img\" class=\"wp-block-cover__image-background wp-image-386 has-parallax\" style=\"background-position:50% 50%;background-image:url(http:\/\/octopus-kemer.com\/de\/wp-content\/uploads\/2023\/02\/sualti.jpg)\"><\/div><div class=\"wp-block-cover__inner-container is-layout-flow wp-block-cover-is-layout-flow\">\n<div class=\"wp-block-group is-layout-constrained wp-container-core-group-is-layout-955c507f wp-block-group-is-layout-constrained\" style=\"padding-top:100px;padding-right:30px;padding-bottom:100px;padding-left:30px\">\n<div class=\"wp-block-buttons is-content-justification-center is-layout-flex wp-container-core-buttons-is-layout-a89b3969 wp-block-buttons-is-layout-flex\">\n<div class=\"wp-block-button is-style-outline is-style-outline--1\"><a class=\"wp-block-button__link wp-element-button\" style=\"border-radius:10px\">CMAS KURSE<\/a><\/div>\n<\/div>\n\n\n\n<div class=\"wp-block-columns alignwide is-layout-flex wp-container-core-columns-is-layout-28f84493 wp-block-columns-is-layout-flex\">\n<div class=\"wp-block-column is-vertically-aligned-center is-layout-flow wp-block-column-is-layout-flow\" style=\"padding-top:40px;padding-right:40px;padding-bottom:40px;padding-left:40px\">\n<div class=\"wp-block-group alignwide is-layout-constrained wp-container-core-group-is-layout-26420631 wp-block-group-is-layout-constrained\">\n<p>EIN STAR TAUCHER KURS<\/p>\n\n\n\n<p>&nbsp;Mindestens 14 Jahre alt sein, (die Zustimmung der Eltern ist f\u00fcr Personen unter 18 Jahren erforderlich.)<\/p>\n\n\n\n<p>&nbsp;Erkl\u00e4rung und Vorlage eines Gesundheitsmeldeformulars, aus dem hervorgeht, dass sie \u00fcber eine ausreichende Schwimmf\u00e4higkeit verf\u00fcgen, die vom Verband vorbereitet wurde, und dass dem Tauchen keine Hindernisse entgegenstehen.<\/p>\n\n\n\n<p>&nbsp;Inhaber eines Primarschulabschlusses oder eines gleichwertigen Zeugnisses.<\/p>\n\n\n\n<p>&nbsp;EIN STAR TAUCHER VERANTWORTUNG<\/p>\n\n\n\n<p>&nbsp;Ein Ein-Stern-Taucher ist ein Taucher, der in flachen \u00dcbungsgew\u00e4ssern tauchen kann und bereit ist, mit mindestens Drei-Stern-Tauchern bei Tauchg\u00e4ngen im offenen Meer zu tauchen.&nbsp; Ein-Stern-Taucher k\u00f6nnen bis zu einer maximalen Tiefe von 18 Metern tauchen.ZWEI STERNE TAUCHER KURS<\/p>\n\n\n\n<p>&nbsp;Mindestens 15 Jahre alt sein (f\u00fcr Personen unter 18 Jahren ist eine Einverst\u00e4ndniserkl\u00e4rung der Eltern erforderlich)<\/p>\n\n\n\n<p>&nbsp;Unterzeichnung und Vorlage einer Gesundheitserkl\u00e4rung, die besagt, dass es keine Hindernisse f\u00fcr das Tauchen von der F\u00f6deration vorbereitet<\/p>\n\n\n\n<p>&nbsp;Inhaber eines Primarschulabschlusses oder eines gleichwertigen Schulabschlusses<\/p>\n\n\n\n<p>&nbsp;Nach Erhalt des 1-Stern-Taucherzertifikats des Verbandes oder eines gleichwertigen anerkannten Zertifikats<\/p>\n\n\n\n<p>&nbsp;Dokumentation von mindestens 20 Tauchg\u00e4ngen im offenen Meer in einem Tauchlogbuch nach Erhalt des 1-Stern Tauchscheins.<\/p>\n\n\n\n<p>&nbsp;AUFGABEN UND BEFUGNISSE EINES ZWEI-STERNE-TAUCHERS<\/p>\n\n\n\n<p>&nbsp;Ein Zwei-Sterne-Taucher ist ein erfahrener Taucher.&nbsp; Ein 2-Sterne Taucher kann mit mindestens einem weiteren 2-Sterne Taucher bis zu einer maximalen Tiefe von 30 Metern tauchen.&nbsp; Zwei-Sterne-Taucher unter 18 Jahren k\u00f6nnen unter der Leitung von mindestens einem 3-Sterne-Taucher bis zu einer maximalen Tiefe von 24 Metern tauchen.&nbsp; Zwei-Sterne-Taucher ab 18 Jahren k\u00f6nnen zu Trainingszwecken unter Aufsicht eines Tauchlehrers bis zu einer maximalen Tiefe von 42 Metern tauchen.<\/p>\n\n\n\n<p>&nbsp;DREI STERNE TAUCHER KURS<\/p>\n\n\n\n<p>&nbsp;Mindestens 18 Jahre alt sein<\/p>\n\n\n\n<p>&nbsp;Unterzeichnung und Vorlage einer Gesundheitserkl\u00e4rung, die besagt, dass es keine Hindernisse f\u00fcr das Tauchen gibt, unterzeichnet von einem zust\u00e4ndigen medizinischen Sachverst\u00e4ndigen<\/p>\n\n\n\n<p>&nbsp;mindestens \u00fcber einen Sekundarschulabschluss oder einen gleichwertigen Schulabschluss verf\u00fcgen<\/p>\n\n\n\n<p>&nbsp;Nach Erhalt des 2-Sterne-Taucherzertifikats des Verbandes oder eines gleichwertigen anerkannten Zertifikats<\/p>\n\n\n\n<p>&nbsp;Dokumentation von mindestens 40 Tauchg\u00e4ngen in einem Tauchlogbuch nach Erhalt des 2-Sterne Tauchscheins<\/p>\n\n\n\n<p>&nbsp;Mindestens vier Monate sind seit Erhalt des 2-Sterne-Taucherzertifikats vergangen.<\/p>\n\n\n\n<p>&nbsp;VERANTWORTLICHKEITEN UND BEFUGNISSE EINES DREI-STERNE-TAUCHERS<\/p>\n\n\n\n<p>&nbsp;Ein Drei-Sterne-Taucher ist ein Taucher, der Taucher verschiedener Stufen f\u00fchren kann.&nbsp; Der Drei-Sterne-Taucher ist autorisiert und verantwortlich daf\u00fcr, dass die Tauchgruppe, die er leitet, sichere Tauchg\u00e4nge gem\u00e4\u00df den Tauchstandards durchf\u00fchrt.&nbsp; Ein Drei-Sterne-Taucher kann bis zu einer maximalen Tiefe von 30 Metern tauchen.&nbsp; Zu Ausbildungszwecken kann ein Drei-Sterne-Taucher unter Aufsicht eines Tauchlehrers bis zu einer maximalen Tiefe von 42 Metern tauchen.<\/p>\n<\/div>\n<\/div>\n<\/div>\n<\/div>\n<\/div><\/div>\n<\/div>\n<\/div>\n","protected":false},"excerpt":{"rendered":"","protected":false},"author":1,"featured_media":0,"parent":0,"menu_order":0,"comment_status":"closed","ping_status":"closed","template":"","meta":{"footnotes":""},"class_list":["post-416","page","type-page","status-publish","hentry"],"_links":{"self":[{"href":"https:\/\/octopus-kemer.com\/de\/wp-json\/wp\/v2\/pages\/416","targetHints":{"allow":["GET"]}}],"collection":[{"href":"https:\/\/octopus-kemer.com\/de\/wp-json\/wp\/v2\/pages"}],"about":[{"href":"https:\/\/octopus-kemer.com\/de\/wp-json\/wp\/v2\/types\/page"}],"author":[{"embeddable":true,"href":"https:\/\/octopus-kemer.com\/de\/wp-json\/wp\/v2\/users\/1"}],"replies":[{"embeddable":true,"href":"https:\/\/octopus-kemer.com\/de\/wp-json\/wp\/v2\/comments?post=416"}],"version-history":[{"count":4,"href":"https:\/\/octopus-kemer.com\/de\/wp-json\/wp\/v2\/pages\/416\/revisions"}],"predecessor-version":[{"id":710,"href":"https:\/\/octopus-kemer.com\/de\/wp-json\/wp\/v2\/pages\/416\/revisions\/710"}],"wp:attachment":[{"href":"https:\/\/octopus-kemer.com\/de\/wp-json\/wp\/v2\/media?parent=416"}],"curies":[{"name":"wp","href":"https:\/\/api.w.org\/{rel}","templated":true}]}}