{"id":407,"date":"2023-02-26T21:33:59","date_gmt":"2023-02-26T21:33:59","guid":{"rendered":"http:\/\/octopus-kemer.com\/de\/?page_id=407"},"modified":"2023-03-20T12:31:44","modified_gmt":"2023-03-20T12:31:44","slug":"padikurse","status":"publish","type":"page","link":"https:\/\/octopus-kemer.com\/de\/padikurse\/","title":{"rendered":"PADI KURSE"},"content":{"rendered":"\n<div class=\"wp-block-group alignfull is-layout-flow wp-block-group-is-layout-flow\">\n<div class=\"wp-block-group alignfull has-custom-renk-1-background-color has-background is-layout-constrained wp-container-core-group-is-layout-75294154 wp-block-group-is-layout-constrained\" style=\"padding-top:0;padding-right:0;padding-bottom:0;padding-left:0\">\n<div class=\"wp-block-cover alignfull has-parallax\" style=\"padding-top:0;padding-right:0;padding-bottom:0;padding-left:0\"><span aria-hidden=\"true\" class=\"wp-block-cover__background has-background-dim-80 has-background-dim\"><\/span><div role=\"img\" class=\"wp-block-cover__image-background wp-image-386 has-parallax\" style=\"background-position:50% 50%;background-image:url(http:\/\/octopus-kemer.com\/de\/wp-content\/uploads\/2023\/02\/sualti.jpg)\"><\/div><div class=\"wp-block-cover__inner-container is-layout-flow wp-block-cover-is-layout-flow\">\n<div class=\"wp-block-group is-layout-constrained wp-container-core-group-is-layout-955c507f wp-block-group-is-layout-constrained\" style=\"padding-top:100px;padding-right:30px;padding-bottom:100px;padding-left:30px\">\n<div class=\"wp-block-buttons is-content-justification-center is-layout-flex wp-container-core-buttons-is-layout-a89b3969 wp-block-buttons-is-layout-flex\">\n<div class=\"wp-block-button is-style-outline is-style-outline--1\"><a class=\"wp-block-button__link wp-element-button\" style=\"border-radius:10px\">PADI KURSE<\/a><\/div>\n<\/div>\n\n\n\n<div class=\"wp-block-columns alignwide is-layout-flex wp-container-core-columns-is-layout-28f84493 wp-block-columns-is-layout-flex\">\n<div class=\"wp-block-column is-vertically-aligned-center is-layout-flow wp-block-column-is-layout-flow\" style=\"padding-top:40px;padding-right:40px;padding-bottom:40px;padding-left:40px\">\n<div class=\"wp-block-group alignwide is-layout-constrained wp-container-core-group-is-layout-26420631 wp-block-group-is-layout-constrained\">\n<p>ENTDECKEN SIE TAUCHEN<\/p>\n\n\n\n<p>&nbsp;Wenn Sie sich schon immer gefragt haben, was sich unter der Wasseroberfl\u00e4che befindet, ist jetzt die Zeit, es herauszufinden.&nbsp; Egal, ob Sie es im Urlaub oder in Ihrer N\u00e4he tun m\u00f6chten, aber keine Zeit f\u00fcr einen kompletten Tauchkurs haben, es gibt ein einfaches und schnelles Programm, das speziell f\u00fcr Sie entwickelt wurde!&nbsp; In kurzer Zeit werden Sie in der Lage sein, auf einem Maske, schnallen Sie sich die Flossen an und tauchen Sie ein in ein spannendes Abenteuer.&nbsp; Das PADI Discover Scuba Diving Programm ist f\u00fcr Leute gedacht, die nur ein paar Mal im Jahr tauchen wollen oder f\u00fcr Gesch\u00e4ftsinhaber.<\/p>\n\n\n\n<p>&nbsp;TAUCHER<\/p>\n\n\n\n<p>&nbsp;Das PADI Scuba Diver Programm ist ein Unterprogramm des PADI Open Water Diver Programms, das es Ihnen erm\u00f6glicht, schnell und einfach eine Zertifizierung zu erhalten, w\u00e4hrend Sie Zeitbeschr\u00e4nkungen minimieren.&nbsp; Mit einem PADI Scuba Diver Zertifikat kannst du unter der direkten Aufsicht eines PADI Professional auf einem Tauchausflug oder Urlaub tauchen!&nbsp; Dieses Programm ist eine wunderbare Gelegenheit, die Unterwasserwelt bequem und sicher mit einem erfahrenen Guide zu erkunden.&nbsp; Sie k\u00f6nnen zum Open Water Diver Level aufsteigen, indem Sie zus\u00e4tzliche F\u00e4higkeiten und Kenntnisse mit zwei Tagen Weiterbildung absolvieren.<\/p>\n\n\n\n<p>&nbsp;Jeder ab 10 Jahren kann am PADI Scuba Diver Programm teilnehmen.&nbsp; Kommen Sie zu unserem Tauchzentrum und fragen Sie noch heute nach Informationen \u00fcber die PADI Scuba Diver und Open Water Diver Programme!<\/p>\n\n\n\n<p>&nbsp;OPEN WATER TAUCHER<\/p>\n\n\n\n<p>&nbsp;Es ist das beliebteste Tauchprogramm der Welt und Ihre Eintrittskarte f\u00fcr ein Leben voller intensiver Abenteuer.<\/p>\n\n\n\n<p>&nbsp;W\u00e4hrend des Kurses lernen Sie die Grundlagen des Tauchens, einschlie\u00dflich Tauchausr\u00fcstung und -techniken.&nbsp; Du erh\u00e4ltst eine PADI Open Water Diver Zertifizierung, die weltweit anerkannt ist.&nbsp; Durch den Abschluss von f\u00fcnf geschlossenen Wasser-Tauchg\u00e4ngen, Wissensentwicklungs-Sitzungen und vier Open Water (Ozean) Tauchg\u00e4ngen erreichen Sie dieses Zertifizierungsniveau.<\/p>\n\n\n\n<p>&nbsp;Als zertifizierter PADI Open Water Diver haben Sie die Freiheit, unabh\u00e4ngig mit einem anderen zertifizierten Buddy zu tauchen.<\/p>\n\n\n\n<p>&nbsp;Sie k\u00f6nnen sich die Programm-DVD ansehen und das Buch zu Hause studieren, so dass Sie den theoretischen Teil auf ein paar Stunden reduzieren und direkt an den praktischen Wassersitzungen teilnehmen k\u00f6nnen.&nbsp; Die Freiwasser-Trainingstauchg\u00e4nge k\u00f6nnen in einer Gruppe oder privat durchgef\u00fchrt werden.&nbsp; Dieser Kurs ist \u00e4u\u00dferst flexibel, so dass Sie mit Ihrem Lehrer zusammenarbeiten k\u00f6nnen, um die F\u00e4higkeiten, die Sie ben\u00f6tigen, individuell zu \u00fcben.<\/p>\n\n\n\n<p>&nbsp;Jeder, der sich im Wasser wohl f\u00fchlt, gesund ist und k\u00f6rperlich fit ist, kann ein PADI Open Water Diver Zertifikat erwerben.&nbsp; Sie k\u00f6nnen diesen Kurs ab einem Alter von 10 Jahren besuchen.<\/p>\n\n\n\n<p>&nbsp;Kommen Sie heute zu unserem Tauchzentrum und erleben Sie den Nervenkitzel des Tauchens.&nbsp; Tauchen Sie mit uns.ADVANCE OPEN WATER DIVER<\/p>\n\n\n\n<p>Are you looking for the perfect adventure or wanting to explore the amazing life of the underwater world? You&#8217;ve found it! PADI&#8217;s Advance Open Water Diver program is a wonderfully organized program that allows you to explore all different types of dives. This program is perfect for you. All you have to do is choose from the following dives:<\/p>\n\n\n\n<p>Altitude Diver<\/p>\n\n\n\n<p>Boat Diver<\/p>\n\n\n\n<p>Drift Diver<\/p>\n\n\n\n<p>Dry Suit Diver<\/p>\n\n\n\n<p>Multilevel Diver<\/p>\n\n\n\n<p>Peak Performance Buoyancy<\/p>\n\n\n\n<p>Underwater Naturalist<\/p>\n\n\n\n<p>Underwater Photographer<\/p>\n\n\n\n<p>AWARE Fish Identification<\/p>\n\n\n\n<p>Deep Diver<\/p>\n\n\n\n<p>Dive Propulsion Vehicle<\/p>\n\n\n\n<p>Night Diver<\/p>\n\n\n\n<p>Search and Recovery<\/p>\n\n\n\n<p>Underwater Videographer<\/p>\n\n\n\n<p>Underwater Navigator<\/p>\n\n\n\n<p>Wreck Diver<\/p>\n\n\n\n<p>Nitrox Diver<\/p>\n\n\n\n<p>National Geographic Diver<\/p>\n\n\n\n<p>If you are 12 years or older and are also a PADI Open Water Diver or Junior Open Water Diver (or equivalent), then you are ready for the PADI Adventures in Diving program.<\/p>\n\n\n\n<p>There&#8217;s more, the dives in the PADI Adventure Diver program also count towards PADI specialty dives. For example, if you love night diving and want to continue on to the PADI Night Diver specialty, the night dive you did during the Adventure Diver program can count as the first dive of the Night Diver specialty program.Was bietet Ihnen das Adventures in Diving Programm?&nbsp; Neue Erfahrungen, neue F\u00e4higkeiten, viele Tauchg\u00e4nge und spannende Abenteuer.&nbsp; Komm zu unserem Tauchzentrum und erfahre mehr \u00fcber das PADI Adventures in Diving Programm und beginne mit dem Tauchen.<\/p>\n\n\n\n<p>&nbsp;ERSTE NOTFALLREAKTION<\/p>\n\n\n\n<p>&nbsp;Emergency First Response ist ein neues, umfassendes und verbessertes CPR- und Erste-Hilfe-Programm, das von Emergency First Response Corp angeboten wird.<\/p>\n\n\n\n<p>&nbsp;Das verbesserte Programm kann als Einzelkurs oder als zwei separate Kurse, die miteinander verbunden sind, angeboten werden.<\/p>\n\n\n\n<p>&nbsp;Erste Notfallversorgung (CPR)<\/p>\n\n\n\n<p>&nbsp;Dieser Kurs behandelt Eingriffe bei lebensbedrohlichen Notf\u00e4llen.<\/p>\n\n\n\n<p>&nbsp;\u2022 Szenenbewertung.<\/p>\n\n\n\n<p>&nbsp;\u2022 Verwendung von Barrieren.<\/p>\n\n\n\n<p>&nbsp;\u2022 Erstbeurteilung.<\/p>\n\n\n\n<p>&nbsp;\u2022 Rettungsatmung.<\/p>\n\n\n\n<p>&nbsp;\u2022 Herz-Lungen-Wiederbelebung (CPR) mit einem Retter f\u00fcr Erwachsene.<\/p>\n\n\n\n<p>&nbsp;\u2022 Schwerwiegende Behandlung von Blutungen.<\/p>\n\n\n\n<p>&nbsp;\u2022 Schockbew\u00e4ltigung.<\/p>\n\n\n\n<p>&nbsp;\u2022 Behandlung von Wirbels\u00e4ulenverletzungen.<\/p>\n\n\n\n<p>&nbsp;\u2022 Empfohlene Fertigkeiten:<\/p>\n\n\n\n<p>&nbsp;Automatische Ausrichtung des externen Defibrillators (AED).<\/p>\n\n\n\n<p>&nbsp;Ersticken (bewusster Erwachsener).<\/p>\n\n\n\n<p>&nbsp;Notfall-Sauerstoff-Orientierung.<\/p>\n\n\n\n<p>&nbsp;Erste Hilfe Sekund\u00e4re Hilfe (Erste Hilfe)<\/p>\n\n\n\n<p>&nbsp;Dieser Kurs behandelt nicht-lebensbedrohliche Verletzungen und Erkrankungen, die zu Beginn auftreten k\u00f6nnen oder wenn medizinische Erste-Hilfe-Leistungen verz\u00f6gert werden.<\/p>\n\n\n\n<p>&nbsp;\u2022 Beurteilung der Sch\u00e4digung.<\/p>\n\n\n\n<p>&nbsp;\u2022 Beurteilung der Krankheit.<\/p>\n\n\n\n<p>&nbsp;\u2022 Bandagen.<\/p>\n\n\n\n<p>&nbsp;\u2022 Splinting f\u00fcr Versetzungen und Br\u00fcche.<\/p>\n\n\n\n<p>&nbsp;RETTUNGSTAUCHER<\/p>\n\n\n\n<p>&nbsp;Das PADI Rescue Programm erweitert dein Wissen und deine F\u00e4higkeiten, um Taucher effektiv zu unterst\u00fctzen, sie in Notsituationen zu retten, Tauchunf\u00e4lle zu managen und Erste Hilfe zu leisten.&nbsp; Das Programm ist ein wichtiger Schritt, um Ihre F\u00e4higkeiten als Taucher zu entwickeln.&nbsp; Zus\u00e4tzlich ist das PADI Rescue Programm ein notwendiger Bestandteil aller PADI Leadership Levels.<\/p>\n\n\n\n<p>&nbsp;Um am PADI Rescue Programm teilzunehmen, musst du einen PADI Advanced Open Water Diver oder ein gleichwertiges Zertifikat besitzen und mindestens 12 Jahre alt sein.<\/p>\n\n\n\n<p>&nbsp;Die Themen des PADI Rescue Programms umfassen:<\/p>\n\n\n\n<p>&nbsp;Selbstrettung und Tauchstress.<\/p>\n\n\n\n<p>&nbsp;Notfallmanagement und Ausr\u00fcstungs\u00fcberlegungen.<\/p>\n\n\n\n<p>&nbsp;Ich helfe einem panischen Taucher.<\/p>\n\n\n\n<p>&nbsp;Rettungsatmung im Wasser.<\/p>\n\n\n\n<p>&nbsp;Tauchunfall-Szenarien.<\/p>\n\n\n\n<p>&nbsp;Techniken zum Ablassen des Wassers.<\/p>\n\n\n\n<p>&nbsp;Das PADI Rescue Diver Handbuch und Video decken all diese Themen ab.DIVEMASTER<\/p>\n\n\n\n<p>&nbsp;Der Einstieg in die professionelle Welt des Tauchens bringt spannende M\u00f6glichkeiten und endlose M\u00f6glichkeiten.&nbsp; Professionalit\u00e4t bietet die M\u00f6glichkeit, faszinierende Unterwasserwesen in der Natur zu erkunden und Ihre \u00fcberlegenen Kenntnisse und Erfahrungen mit Studenten zu teilen, die lernen wollen.&nbsp; Tauchen hat sich schnell zu einer der beliebtesten Sportarten der Welt entwickelt.&nbsp; Stellen Sie sich vor, Sie betreten eine Welt, von der Sie nur getr\u00e4umt haben, und werden daf\u00fcr bezahlt, etwas zu tun, das jeder tun oder erreichen m\u00f6chte, und das Sie gerne tun.&nbsp; Professionelle Taucher haben dieses Ziel durch ihre starke und flei\u00dfige Arbeit und F\u00e4higkeiten erreicht, die ihnen Respekt und Bewunderung einbringen.&nbsp; Professionelle Taucher k\u00f6nnen Tauchcenter-Eigent\u00fcmer und Betreiber in St\u00e4dten oder K\u00fcstengebieten werden, arbeiten, lehren und reisen auf gro\u00dfen Tauchbooten in tropischen Meeren und werden Teil sehr unterschiedlicher und spannender Erfahrungen sowohl an Land als auch unter Wasser.&nbsp; Die Fortsetzung Ihrer Karriere bei PADI bricht die Monotonie eines 9-zu-5 Jobs oder \u00f6ffnet T\u00fcren zu Teilzeit- oder Vollzeit-Abenteuer-M\u00f6glichkeiten.<\/p>\n<\/div>\n<\/div>\n<\/div>\n<\/div>\n<\/div><\/div>\n<\/div>\n<\/div>\n","protected":false},"excerpt":{"rendered":"","protected":false},"author":1,"featured_media":0,"parent":0,"menu_order":0,"comment_status":"closed","ping_status":"closed","template":"","meta":{"footnotes":""},"class_list":["post-407","page","type-page","status-publish","hentry"],"_links":{"self":[{"href":"https:\/\/octopus-kemer.com\/de\/wp-json\/wp\/v2\/pages\/407","targetHints":{"allow":["GET"]}}],"collection":[{"href":"https:\/\/octopus-kemer.com\/de\/wp-json\/wp\/v2\/pages"}],"about":[{"href":"https:\/\/octopus-kemer.com\/de\/wp-json\/wp\/v2\/types\/page"}],"author":[{"embeddable":true,"href":"https:\/\/octopus-kemer.com\/de\/wp-json\/wp\/v2\/users\/1"}],"replies":[{"embeddable":true,"href":"https:\/\/octopus-kemer.com\/de\/wp-json\/wp\/v2\/comments?post=407"}],"version-history":[{"count":5,"href":"https:\/\/octopus-kemer.com\/de\/wp-json\/wp\/v2\/pages\/407\/revisions"}],"predecessor-version":[{"id":707,"href":"https:\/\/octopus-kemer.com\/de\/wp-json\/wp\/v2\/pages\/407\/revisions\/707"}],"wp:attachment":[{"href":"https:\/\/octopus-kemer.com\/de\/wp-json\/wp\/v2\/media?parent=407"}],"curies":[{"name":"wp","href":"https:\/\/api.w.org\/{rel}","templated":true}]}}