{"id":389,"date":"2023-02-26T21:17:25","date_gmt":"2023-02-26T21:17:25","guid":{"rendered":"http:\/\/octopus-kemer.com\/de\/?page_id=389"},"modified":"2023-03-20T12:28:46","modified_gmt":"2023-03-20T12:28:46","slug":"dietauchenkonnen","status":"publish","type":"page","link":"https:\/\/octopus-kemer.com\/de\/dietauchenkonnen\/","title":{"rendered":"DIE TAUCHEN K\u00d6NNEN"},"content":{"rendered":"\n<div class=\"wp-block-group alignfull is-layout-flow wp-block-group-is-layout-flow\">\n<div class=\"wp-block-group alignfull has-custom-renk-1-background-color has-background is-layout-constrained wp-container-core-group-is-layout-75294154 wp-block-group-is-layout-constrained\" style=\"padding-top:0;padding-right:0;padding-bottom:0;padding-left:0\">\n<div class=\"wp-block-cover alignfull has-parallax\" style=\"padding-top:0;padding-right:0;padding-bottom:0;padding-left:0\"><span aria-hidden=\"true\" class=\"wp-block-cover__background has-background-dim-80 has-background-dim\"><\/span><div role=\"img\" class=\"wp-block-cover__image-background wp-image-109 has-parallax\" style=\"background-position:50% 50%;background-image:url(http:\/\/octopus-kemer.com\/de\/wp-content\/uploads\/2023\/02\/9Z_2101.w026.n002.100B.p1.100-scaled.jpg)\"><\/div><div class=\"wp-block-cover__inner-container is-layout-flow wp-block-cover-is-layout-flow\">\n<div class=\"wp-block-group is-layout-constrained wp-container-core-group-is-layout-955c507f wp-block-group-is-layout-constrained\" style=\"padding-top:100px;padding-right:30px;padding-bottom:100px;padding-left:30px\">\n<div class=\"wp-block-buttons is-content-justification-center is-layout-flex wp-container-core-buttons-is-layout-a89b3969 wp-block-buttons-is-layout-flex\">\n<div class=\"wp-block-button is-style-outline is-style-outline--1\"><a class=\"wp-block-button__link wp-element-button\" style=\"border-radius:10px\">H\u00e4ufig Gestellte Fragen<\/a><\/div>\n<\/div>\n\n\n\n<div class=\"wp-block-aab-group-accordion aagb_accordion_23e94772-f4d8-407a-b268-212957c14aeb\">\n<div class=\"wp-block-aab-accordion-item aagb__accordion_container\" style=\"border:1px solid #cccccc;margin-top:0px;margin-bottom:15px;border-radius:0px\"><div class=\"aagb__accordion_head aab_right_icon\" data-active=\"false\" style=\"color:#000000;background-color:#ffffff;padding:10px 15px 10px 15px\"><div class=\"aagb__accordion_heading aab_right_icon\"><h4 class=\"aagb__accordion_title\" style=\"margin:0;color:#000000\"><strong>DIE TAUCHEN K\u00d6NNEN<\/strong> ?<\/h4><\/div><div class=\"aagb__accordion_icon\" style=\"color:#333333;background-color:transparent\"><span class=\"aagb__icon dashicons dashicons-plus-alt2\"><\/span><\/div><\/div><div class=\"aagb__accordion_body \" role=\"region\" style=\"background-color:transparent;border-top:1px solid #cccccc;padding:10px 15px 10px 15px\">\n<p>Jeder, der mindestens 14 Jahre alt, gesund und willig ist, kann tauchen gehen.&nbsp; Um Tauchsport betreiben zu k\u00f6nnen, ist es notwendig, schwimmen zu k\u00f6nnen und sich im Wasser wohl zu f\u00fchlen.&nbsp; Wenn Sie wissen m\u00f6chten, ob Sie sich beim Tauchen wohlf\u00fchlen oder nicht, k\u00f6nnen Sie an Schnuppertauchg\u00e4ngen teilnehmen oder sich f\u00fcr ein Tauchkursprogramm anmelden.<\/p>\n\n\n\n<p>&nbsp;Da drei Viertel der Welt Wasser sind, gibt es eine ganz andere Welt zu erkunden.<\/p>\n<\/div><\/div>\n\n\n\n<div class=\"wp-block-aab-accordion-item aagb__accordion_container\" style=\"border:1px solid #cccccc;margin-top:0px;margin-bottom:15px;border-radius:0px\"><div class=\"aagb__accordion_head aab_right_icon\" data-active=\"false\" style=\"color:#000000;background-color:#ffffff;padding:10px 15px 10px 15px\"><div class=\"aagb__accordion_heading aab_right_icon\"><h4 class=\"aagb__accordion_title\" style=\"margin:0;color:#000000\">Wenn ich auf den Grund des Pools gehe oder schnorche, tun mir die Ohren weh.\u00a0 H\u00e4lt mich das davon ab, Taucher zu werden?<\/h4><\/div><div class=\"aagb__accordion_icon\" style=\"color:#333333;background-color:transparent\"><span class=\"aagb__icon dashicons dashicons-plus-alt2\"><\/span><\/div><\/div><div class=\"aagb__accordion_body \" role=\"region\" style=\"background-color:transparent;border-top:1px solid #cccccc;padding:10px 15px 10px 15px\">\n<p>Vorausgesetzt, dass Ihre Ohren und Nasennebenh\u00f6hlen nicht gest\u00f6rt sind, nein.\u00a0 Das Unbehagen ist ein normaler Effekt des Wasserdrucks, der Druck auf die Ohren anwendet.\u00a0 Gl\u00fccklicherweise, wie Sie gelernt haben, ist unser K\u00f6rper darauf ausgelegt, Druck\u00e4nderungen anzupassen.<\/p>\n<\/div><\/div>\n\n\n\n<div class=\"wp-block-aab-accordion-item aagb__accordion_container\" style=\"border:1px solid #cccccc;margin-top:0px;margin-bottom:15px;border-radius:0px\"><div class=\"aagb__accordion_head aab_right_icon\" data-active=\"false\" style=\"color:#000000;background-color:#ffffff;padding:10px 15px 10px 15px\"><div class=\"aagb__accordion_heading aab_right_icon\"><h4 class=\"aagb__accordion_title\" style=\"margin:0;color:#000000\"><strong>Was sind die h\u00e4ufigsten Verletzungen und Erkrankungen im Zusammenhang mit dem Tauchen?<\/strong><\/h4><\/div><div class=\"aagb__accordion_icon\" style=\"color:#333333;background-color:transparent\"><span class=\"aagb__icon dashicons dashicons-plus-alt2\"><\/span><\/div><\/div><div class=\"aagb__accordion_body \" role=\"region\" style=\"background-color:transparent;border-top:1px solid #cccccc;padding:10px 15px 10px 15px\">\n<p>Sonnenbrand und Seekrankheit k\u00f6nnen verhindert werden.\u00a0 Die h\u00e4ufigsten Verletzungen, die durch Meereslebewesen verursacht werden, sind Kratzer und Einstiche.\u00a0 Die meisten dieser k\u00f6nnen durch das Tragen eines Tauchanzugs verhindert werden, bleiben weg von der Unterseite, und achten Sie darauf, wo Sie Ihre H\u00e4nde und F\u00fc\u00dfe platzieren.<\/p>\n<\/div><\/div>\n\n\n\n<div class=\"wp-block-aab-accordion-item aagb__accordion_container\" style=\"border:1px solid #cccccc;margin-top:0px;margin-bottom:15px;border-radius:0px\"><div class=\"aagb__accordion_head aab_right_icon\" data-active=\"false\" style=\"color:#000000;background-color:#ffffff;padding:10px 15px 10px 15px\"><div class=\"aagb__accordion_heading aab_right_icon\"><h4 class=\"aagb__accordion_title\" style=\"margin:0;color:#000000\"><strong><strong>Was ist mit Haien?<\/strong><\/strong><\/h4><\/div><div class=\"aagb__accordion_icon\" style=\"color:#333333;background-color:transparent\"><span class=\"aagb__icon dashicons dashicons-plus-alt2\"><\/span><\/div><\/div><div class=\"aagb__accordion_body \" role=\"region\" style=\"background-color:transparent;border-top:1px solid #cccccc;padding:10px 15px 10px 15px\">\n<p>Wenn Sie Gl\u00fcck haben, sehen Sie Haie.\u00a0 Haifischvorf\u00e4lle sind aufgetreten, aber sie sind beim Tauchen sehr selten.\u00a0 Sie kommen vor allem beim Speerangeln und F\u00fcttern von Haien vor.\u00a0 Wenn Sie einen Hai sehen, ist er oft nur auf der Durchreise und ist eine der seltenen und erfreulichen Sichtungen.<\/p>\n<\/div><\/div>\n\n\n\n<div class=\"wp-block-aab-accordion-item aagb__accordion_container\" style=\"border:1px solid #cccccc;margin-top:0px;margin-bottom:15px;border-radius:0px\"><div class=\"aagb__accordion_head aab_right_icon\" data-active=\"false\" style=\"color:#000000;background-color:#ffffff;padding:10px 15px 10px 15px\"><div class=\"aagb__accordion_heading aab_right_icon\"><h4 class=\"aagb__accordion_title\" style=\"margin:0;color:#000000\"><strong><strong>Gibt es besondere Bedenken f\u00fcr Frauen beim Tauchen?<\/strong><\/strong><\/h4><\/div><div class=\"aagb__accordion_icon\" style=\"color:#333333;background-color:transparent\"><span class=\"aagb__icon dashicons dashicons-plus-alt2\"><\/span><\/div><\/div><div class=\"aagb__accordion_body \" role=\"region\" style=\"background-color:transparent;border-top:1px solid #cccccc;padding:10px 15px 10px 15px\">\n<p>Physiologen raten Frauen, w\u00e4hrend der Schwangerschaft oder beim Versuch, schwanger zu werden, nicht zu tauchen, weil sie wenig \u00fcber die Auswirkungen des Tauchens auf den F\u00f6tus wissen.\u00a0 Die Menstruation ist normal und kein Grund zur Besorgnis.<\/p>\n<\/div><\/div>\n\n\n\n<div class=\"wp-block-aab-accordion-item aagb__accordion_container\" style=\"border:1px solid #cccccc;margin-top:0px;margin-bottom:15px;border-radius:0px\"><div class=\"aagb__accordion_head aab_right_icon\" data-active=\"false\" style=\"color:#000000;background-color:#ffffff;padding:10px 15px 10px 15px\"><div class=\"aagb__accordion_heading aab_right_icon\"><h4 class=\"aagb__accordion_title\" style=\"margin:0;color:#000000\"><strong><strong>Wie tief kannst du gehen?<\/strong><\/strong><\/h4><\/div><div class=\"aagb__accordion_icon\" style=\"color:#333333;background-color:transparent\"><span class=\"aagb__icon dashicons dashicons-plus-alt2\"><\/span><\/div><\/div><div class=\"aagb__accordion_body \" role=\"region\" style=\"background-color:transparent;border-top:1px solid #cccccc;padding:10px 15px 10px 15px\">\n<p>Mit der notwendigen Ausbildung und Erfahrung, ist die Grenze f\u00fcr Sporttauchen 40 Meter \/ 130 Fu\u00df.\u00a0 Die Tauchtiefe von Tauchanf\u00e4ngern ist flacher als 18 Meter.\u00a0 Obwohl dies Grenzen sind, sind die beliebtesten Tauchg\u00e4nge nicht tiefer als 12 Meter \/ 40 Fu\u00df, wo das Wasser w\u00e4rmer ist und die Farben lebendiger sind.<\/p>\n<\/div><\/div>\n\n\n\n<div class=\"wp-block-aab-accordion-item aagb__accordion_container\" style=\"border:1px solid #cccccc;margin-top:0px;margin-bottom:15px;border-radius:0px\"><div class=\"aagb__accordion_head aab_right_icon\" data-active=\"false\" style=\"color:#000000;background-color:#ffffff;padding:10px 15px 10px 15px\"><div class=\"aagb__accordion_heading aab_right_icon\"><h4 class=\"aagb__accordion_title\" style=\"margin:0;color:#000000\"><strong><strong>Was passiert, wenn ich meine ganze Luft verbrauche?<\/strong><\/strong><\/h4><\/div><div class=\"aagb__accordion_icon\" style=\"color:#333333;background-color:transparent\"><span class=\"aagb__icon dashicons dashicons-plus-alt2\"><\/span><\/div><\/div><div class=\"aagb__accordion_body \" role=\"region\" style=\"background-color:transparent;border-top:1px solid #cccccc;padding:10px 15px 10px 15px\">\n<p>Das passiert normalerweise nicht, weil Sie immer eine Anzeige haben, die anzeigt, wie viel Luft Sie \u00fcbrig haben.\u00a0 So kehren Sie mit ausreichender Sicherheitsreserve an die Oberfl\u00e4che zur\u00fcck.\u00a0 Wenn Ihnen jedoch die Luft ausgeht, hat Ihr Freund einen Ersatzregler, mit dem Sie die Luft aus einer einzigen Luftquelle teilen k\u00f6nnen, w\u00e4hrend Sie an die Oberfl\u00e4che steigen.\u00a0 Es gibt weitere M\u00f6glichkeiten, die Sie im Training lernen.<\/p>\n<\/div><\/div>\n<\/div>\n<\/div>\n<\/div><\/div>\n<\/div>\n<\/div>\n","protected":false},"excerpt":{"rendered":"","protected":false},"author":1,"featured_media":0,"parent":0,"menu_order":0,"comment_status":"closed","ping_status":"closed","template":"","meta":{"footnotes":""},"class_list":["post-389","page","type-page","status-publish","hentry"],"_links":{"self":[{"href":"https:\/\/octopus-kemer.com\/de\/wp-json\/wp\/v2\/pages\/389","targetHints":{"allow":["GET"]}}],"collection":[{"href":"https:\/\/octopus-kemer.com\/de\/wp-json\/wp\/v2\/pages"}],"about":[{"href":"https:\/\/octopus-kemer.com\/de\/wp-json\/wp\/v2\/types\/page"}],"author":[{"embeddable":true,"href":"https:\/\/octopus-kemer.com\/de\/wp-json\/wp\/v2\/users\/1"}],"replies":[{"embeddable":true,"href":"https:\/\/octopus-kemer.com\/de\/wp-json\/wp\/v2\/comments?post=389"}],"version-history":[{"count":16,"href":"https:\/\/octopus-kemer.com\/de\/wp-json\/wp\/v2\/pages\/389\/revisions"}],"predecessor-version":[{"id":704,"href":"https:\/\/octopus-kemer.com\/de\/wp-json\/wp\/v2\/pages\/389\/revisions\/704"}],"wp:attachment":[{"href":"https:\/\/octopus-kemer.com\/de\/wp-json\/wp\/v2\/media?parent=389"}],"curies":[{"name":"wp","href":"https:\/\/api.w.org\/{rel}","templated":true}]}}