{"id":357,"date":"2023-02-26T19:10:16","date_gmt":"2023-02-26T19:10:16","guid":{"rendered":"http:\/\/octopus-kemer.com\/de\/?page_id=357"},"modified":"2023-03-20T12:10:15","modified_gmt":"2023-03-20T12:10:15","slug":"unsereboote","status":"publish","type":"page","link":"https:\/\/octopus-kemer.com\/de\/unsereboote\/","title":{"rendered":"UNSERE BOOTE"},"content":{"rendered":"\n<div class=\"wp-block-group alignfull is-layout-flow wp-block-group-is-layout-flow\">\n<div class=\"wp-block-group alignfull has-custom-renk-1-background-color has-background is-layout-constrained wp-container-core-group-is-layout-75294154 wp-block-group-is-layout-constrained\" style=\"padding-top:0;padding-right:0;padding-bottom:0;padding-left:0\">\n<div class=\"wp-block-cover alignfull is-light has-parallax\" style=\"padding-top:0;padding-right:0;padding-bottom:0;padding-left:0\"><span aria-hidden=\"true\" class=\"wp-block-cover__background has-background-dim-40 has-background-dim\"><\/span><div role=\"img\" class=\"wp-block-cover__image-background wp-image-372 has-parallax\" style=\"background-position:50% 50%;background-image:url(http:\/\/octopus-kemer.com\/de\/wp-content\/uploads\/2023\/02\/DSC_1479-scaled.jpg)\"><\/div><div class=\"wp-block-cover__inner-container is-layout-flow wp-block-cover-is-layout-flow\">\n<div class=\"wp-block-group has-foreground-color has-text-color is-layout-constrained wp-container-core-group-is-layout-955c507f wp-block-group-is-layout-constrained\" style=\"padding-top:100px;padding-right:30px;padding-bottom:100px;padding-left:30px\">\n<div class=\"wp-block-buttons is-content-justification-center is-layout-flex wp-container-core-buttons-is-layout-b5994976 wp-block-buttons-is-layout-flex\">\n<div class=\"wp-block-button is-style-outline is-style-outline--1\"><a class=\"wp-block-button__link wp-element-button\" style=\"border-radius:10px\">UNSERE BOOTE<\/a><\/div>\n<\/div>\n\n\n\n<div class=\"wp-block-columns alignwide are-vertically-aligned-center is-layout-flex wp-container-core-columns-is-layout-28f84493 wp-block-columns-is-layout-flex\">\n<div class=\"wp-block-column is-vertically-aligned-center is-layout-flow wp-block-column-is-layout-flow\" style=\"padding-top:40px;padding-right:40px;padding-bottom:40px;padding-left:40px\">\n<div class=\"wp-block-group alignwide is-layout-constrained wp-container-core-group-is-layout-26420631 wp-block-group-is-layout-constrained\">\n<p><strong>ATLANTIS-M<\/strong><br>21 Meter lang und 6 Meter breit<br>Fernseher, DVD, CD-Player<br>Gro\u00dfer Platz f\u00fcr Tauchvorbereitung<br>Tauchplattform in der N\u00e4he des Wasserspiegels<br>Liegefl\u00e4chen mit Kissen auf Vorder- und Oberdeck<br>Schattige Sitzbereiche auf den unteren und oberen Decks<br>S\u00fc\u00dfwasserduschen<br>Sauerstoffflasche, Sicherheitsausr\u00fcstung, Erste-Hilfe-Kit<br>Seitenw\u00e4nde, die f\u00fcr Wintertauchen geschlossen werden k\u00f6nnen<br>Platz f\u00fcr 66 Personen, 2 Toiletten und Umkleider\u00e4ume, K\u00fcche und Bar<br>Unser Tauchboot ist zum Tauchen konzipiert und bietet auch eine komfortable Umgebung zum Schwimmen und Sonnenbaden.<\/p>\n<\/div>\n<\/div>\n\n\n\n<div class=\"wp-block-column is-vertically-aligned-center is-layout-flow wp-block-column-is-layout-flow\">\n<div class=\"wp-block-group alignwide has-shadow-dark has-white-background-color has-background is-layout-constrained wp-container-core-group-is-layout-d794d2f0 wp-block-group-is-layout-constrained\" style=\"border-width:12px;border-radius:0px;padding-top:0px;padding-right:0px;padding-bottom:0px;padding-left:0px\">\n<div class=\"wp-block-cover is-light has-custom-content-position is-position-bottom-center image-zoom-hover\" style=\"margin-top:0;margin-bottom:0;min-height:500px;aspect-ratio:unset;\"><span aria-hidden=\"true\" class=\"wp-block-cover__background has-background-dim-40 has-background-dim wp-block-cover__gradient-background has-background-gradient\" style=\"background:linear-gradient(180deg,rgba(8,8,8,0.2) 8%,rgb(1,1,1) 100%)\"><\/span><img fetchpriority=\"high\" decoding=\"async\" width=\"2560\" height=\"1920\" class=\"wp-block-cover__image-background wp-image-363\" alt=\"\" src=\"http:\/\/octopus-kemer.com\/de\/wp-content\/uploads\/2023\/02\/Octopus-DC-Tekne1-scaled.jpg\" data-object-fit=\"cover\" srcset=\"https:\/\/octopus-kemer.com\/de\/wp-content\/uploads\/2023\/02\/Octopus-DC-Tekne1-scaled.jpg 2560w, https:\/\/octopus-kemer.com\/de\/wp-content\/uploads\/2023\/02\/Octopus-DC-Tekne1-300x225.jpg 300w, https:\/\/octopus-kemer.com\/de\/wp-content\/uploads\/2023\/02\/Octopus-DC-Tekne1-1024x768.jpg 1024w, https:\/\/octopus-kemer.com\/de\/wp-content\/uploads\/2023\/02\/Octopus-DC-Tekne1-768x576.jpg 768w, https:\/\/octopus-kemer.com\/de\/wp-content\/uploads\/2023\/02\/Octopus-DC-Tekne1-1536x1152.jpg 1536w, https:\/\/octopus-kemer.com\/de\/wp-content\/uploads\/2023\/02\/Octopus-DC-Tekne1-2048x1536.jpg 2048w\" sizes=\"(max-width: 2560px) 100vw, 2560px\" \/><div class=\"wp-block-cover__inner-container is-layout-flow wp-block-cover-is-layout-flow\">\n<p class=\"has-text-align-center has-large-font-size\"><\/p>\n<\/div><\/div>\n<\/div>\n<\/div>\n<\/div>\n\n\n\n<div class=\"wp-block-columns alignwide are-vertically-aligned-center is-layout-flex wp-container-core-columns-is-layout-28f84493 wp-block-columns-is-layout-flex\">\n<div class=\"wp-block-column is-vertically-aligned-center is-layout-flow wp-block-column-is-layout-flow\" style=\"padding-top:40px;padding-right:40px;padding-bottom:40px;padding-left:40px\">\n<div class=\"wp-block-group alignwide is-layout-constrained wp-container-core-group-is-layout-26420631 wp-block-group-is-layout-constrained\">\n<p><strong>ALI HOCA<br><\/strong>19 Meter lang und 5 Meter breit<br>Fernseher, DVD, CD-Player<br>Gro\u00dfer Platz f\u00fcr Tauchvorbereitung<br>Tauchplattform in der N\u00e4he des Wasserspiegels<br>Liegefl\u00e4chen mit Kissen auf Vorder- und Oberdeck<br>Schattige Sitzbereiche auf den unteren und oberen Decks<br>S\u00fc\u00dfwasserduschen<br>Sauerstoffflasche, Sicherheitsausr\u00fcstung, Erste-Hilfe-Kit<br>Seitenw\u00e4nde, die f\u00fcr Wintertauchen geschlossen werden k\u00f6nnen<br>Platz f\u00fcr 52 Personen, 1 WC und Umkleideraum, K\u00fcche und Bar Unser Tauchboot ist zum Tauchen konzipiert und bietet auch eine komfortable Umgebung zum Schwimmen und Sonnenbaden.<\/p>\n<\/div>\n<\/div>\n\n\n\n<div class=\"wp-block-column is-vertically-aligned-center is-layout-flow wp-block-column-is-layout-flow\">\n<div class=\"wp-block-group alignwide has-shadow-dark has-white-background-color has-background is-layout-constrained wp-container-core-group-is-layout-d794d2f0 wp-block-group-is-layout-constrained\" style=\"border-width:12px;border-radius:0px;padding-top:0px;padding-right:0px;padding-bottom:0px;padding-left:0px\">\n<div class=\"wp-block-cover is-light has-custom-content-position is-position-bottom-center image-zoom-hover\" style=\"margin-top:0;margin-bottom:0;min-height:500px;aspect-ratio:unset;\"><span aria-hidden=\"true\" class=\"wp-block-cover__background has-background-dim-40 has-background-dim wp-block-cover__gradient-background has-background-gradient\" style=\"background:linear-gradient(180deg,rgba(8,8,8,0.2) 8%,rgb(1,1,1) 100%)\"><\/span><img decoding=\"async\" width=\"1280\" height=\"960\" class=\"wp-block-cover__image-background wp-image-656\" alt=\"\" src=\"http:\/\/octopus-kemer.com\/de\/wp-content\/uploads\/2023\/03\/photo_2023-03-09-11.47.36.jpeg\" style=\"object-position:58% 90%\" data-object-fit=\"cover\" data-object-position=\"58% 90%\" srcset=\"https:\/\/octopus-kemer.com\/de\/wp-content\/uploads\/2023\/03\/photo_2023-03-09-11.47.36.jpeg 1280w, https:\/\/octopus-kemer.com\/de\/wp-content\/uploads\/2023\/03\/photo_2023-03-09-11.47.36-300x225.jpeg 300w, https:\/\/octopus-kemer.com\/de\/wp-content\/uploads\/2023\/03\/photo_2023-03-09-11.47.36-1024x768.jpeg 1024w, https:\/\/octopus-kemer.com\/de\/wp-content\/uploads\/2023\/03\/photo_2023-03-09-11.47.36-768x576.jpeg 768w\" sizes=\"(max-width: 1280px) 100vw, 1280px\" \/><div class=\"wp-block-cover__inner-container is-layout-flow wp-block-cover-is-layout-flow\">\n<p class=\"has-text-align-center has-large-font-size\"><\/p>\n<\/div><\/div>\n<\/div>\n<\/div>\n<\/div>\n\n\n\n<div class=\"wp-block-columns alignwide are-vertically-aligned-center is-layout-flex wp-container-core-columns-is-layout-28f84493 wp-block-columns-is-layout-flex\">\n<div class=\"wp-block-column is-vertically-aligned-center is-layout-flow wp-block-column-is-layout-flow\" style=\"padding-top:40px;padding-right:40px;padding-bottom:40px;padding-left:40px\">\n<div class=\"wp-block-group alignwide is-layout-constrained wp-container-core-group-is-layout-26420631 wp-block-group-is-layout-constrained\">\n<p><strong>OKTOPUS<br><\/strong>Bietet Platz f\u00fcr 44 Personen, 1 WC und Umkleideraum, K\u00fcche und Bar<br>Liegefl\u00e4chen mit Kissen auf Vorder- und Oberdeck<br>Schattige Sitzbereiche auf den unteren und oberen Decks<br>Zweist\u00f6ckiges Holzboot mit Tauchplattform, TV, DVD, CD-Player<br>S\u00fc\u00dfwasserduschen<br>Geeignet f\u00fcr Tauchen und Kreuzfahrt (Yachttour) Zwecke<br>Sauerstoffflasche, Sicherheitsausr\u00fcstung, Erste-Hilfe-Kit<br>Seitenw\u00e4nde, die f\u00fcr Wintertauchen geschlossen werden k\u00f6nnen<\/p>\n<\/div>\n<\/div>\n\n\n\n<div class=\"wp-block-column is-vertically-aligned-center is-layout-flow wp-block-column-is-layout-flow\">\n<div class=\"wp-block-group alignwide has-shadow-dark has-white-background-color has-background is-layout-constrained wp-container-core-group-is-layout-d794d2f0 wp-block-group-is-layout-constrained\" style=\"border-width:12px;border-radius:0px;padding-top:0px;padding-right:0px;padding-bottom:0px;padding-left:0px\">\n<div class=\"wp-block-cover is-light has-custom-content-position is-position-bottom-center image-zoom-hover\" style=\"margin-top:0;margin-bottom:0;min-height:500px;aspect-ratio:unset;\"><span aria-hidden=\"true\" class=\"wp-block-cover__background has-background-dim-40 has-background-dim wp-block-cover__gradient-background has-background-gradient\" style=\"background:linear-gradient(180deg,rgba(8,8,8,0.2) 8%,rgb(1,1,1) 100%)\"><\/span><img decoding=\"async\" width=\"1280\" height=\"720\" class=\"wp-block-cover__image-background wp-image-368\" alt=\"\" src=\"http:\/\/octopus-kemer.com\/de\/wp-content\/uploads\/2023\/02\/IMG_1500.jpg\" data-object-fit=\"cover\" srcset=\"https:\/\/octopus-kemer.com\/de\/wp-content\/uploads\/2023\/02\/IMG_1500.jpg 1280w, https:\/\/octopus-kemer.com\/de\/wp-content\/uploads\/2023\/02\/IMG_1500-300x169.jpg 300w, https:\/\/octopus-kemer.com\/de\/wp-content\/uploads\/2023\/02\/IMG_1500-1024x576.jpg 1024w, https:\/\/octopus-kemer.com\/de\/wp-content\/uploads\/2023\/02\/IMG_1500-768x432.jpg 768w\" sizes=\"(max-width: 1280px) 100vw, 1280px\" \/><div class=\"wp-block-cover__inner-container is-layout-flow wp-block-cover-is-layout-flow\">\n<p class=\"has-text-align-center has-large-font-size\"><\/p>\n<\/div><\/div>\n<\/div>\n<\/div>\n<\/div>\n\n\n\n<div class=\"wp-block-columns alignwide are-vertically-aligned-center is-layout-flex wp-container-core-columns-is-layout-28f84493 wp-block-columns-is-layout-flex\">\n<div class=\"wp-block-column is-vertically-aligned-center is-layout-flow wp-block-column-is-layout-flow\" style=\"padding-top:40px;padding-right:40px;padding-bottom:40px;padding-left:40px\">\n<div class=\"wp-block-group alignwide is-layout-constrained wp-container-core-group-is-layout-26420631 wp-block-group-is-layout-constrained\">\n<p><strong>\u00a0N\u00d6RDLICHER STERN<\/strong><br>F\u00fcr 12 Personen, 1 WC und Umkleideraum, K\u00fcche und Bar<br>14 Meter lang und 4 Meter breit<br>Zweist\u00f6ckiges Holzboot mit einer Plattform zum Ein- und Auslaufen des Wassers<br>Schattige Sitzgelegenheiten und gepolsterte Liegefl\u00e4chen auf den unteren und oberen Decks<br>Ideal f\u00fcr Freizeitangeln<br>Sauerstoffflasche, Sicherheitsausr\u00fcstung, Erste-Hilfe-Kit<\/p>\n<\/div>\n<\/div>\n\n\n\n<div class=\"wp-block-column is-vertically-aligned-center is-layout-flow wp-block-column-is-layout-flow\">\n<div class=\"wp-block-group alignwide has-shadow-dark has-white-background-color has-background is-layout-constrained wp-container-core-group-is-layout-d794d2f0 wp-block-group-is-layout-constrained\" style=\"border-width:12px;border-radius:0px;padding-top:0px;padding-right:0px;padding-bottom:0px;padding-left:0px\">\n<div class=\"wp-block-cover is-light has-custom-content-position is-position-bottom-center image-zoom-hover\" style=\"margin-top:0;margin-bottom:0;min-height:500px;aspect-ratio:unset;\"><span aria-hidden=\"true\" class=\"wp-block-cover__background has-background-dim-40 has-background-dim wp-block-cover__gradient-background has-background-gradient\" style=\"background:linear-gradient(180deg,rgba(8,8,8,0.2) 8%,rgb(1,1,1) 100%)\"><\/span><img loading=\"lazy\" decoding=\"async\" width=\"2560\" height=\"1707\" class=\"wp-block-cover__image-background wp-image-370\" alt=\"\" src=\"http:\/\/octopus-kemer.com\/de\/wp-content\/uploads\/2023\/02\/IMG_5010-scaled.jpg\" data-object-fit=\"cover\" srcset=\"https:\/\/octopus-kemer.com\/de\/wp-content\/uploads\/2023\/02\/IMG_5010-scaled.jpg 2560w, https:\/\/octopus-kemer.com\/de\/wp-content\/uploads\/2023\/02\/IMG_5010-300x200.jpg 300w, https:\/\/octopus-kemer.com\/de\/wp-content\/uploads\/2023\/02\/IMG_5010-1024x683.jpg 1024w, https:\/\/octopus-kemer.com\/de\/wp-content\/uploads\/2023\/02\/IMG_5010-768x512.jpg 768w, https:\/\/octopus-kemer.com\/de\/wp-content\/uploads\/2023\/02\/IMG_5010-1536x1024.jpg 1536w, https:\/\/octopus-kemer.com\/de\/wp-content\/uploads\/2023\/02\/IMG_5010-2048x1365.jpg 2048w\" sizes=\"(max-width: 2560px) 100vw, 2560px\" \/><div class=\"wp-block-cover__inner-container is-layout-flow wp-block-cover-is-layout-flow\">\n<p class=\"has-text-align-center has-large-font-size\"><\/p>\n<\/div><\/div>\n<\/div>\n<\/div>\n<\/div>\n<\/div>\n<\/div><\/div>\n<\/div>\n<\/div>\n","protected":false},"excerpt":{"rendered":"","protected":false},"author":1,"featured_media":0,"parent":0,"menu_order":0,"comment_status":"closed","ping_status":"closed","template":"","meta":{"footnotes":""},"class_list":["post-357","page","type-page","status-publish","hentry"],"_links":{"self":[{"href":"https:\/\/octopus-kemer.com\/de\/wp-json\/wp\/v2\/pages\/357","targetHints":{"allow":["GET"]}}],"collection":[{"href":"https:\/\/octopus-kemer.com\/de\/wp-json\/wp\/v2\/pages"}],"about":[{"href":"https:\/\/octopus-kemer.com\/de\/wp-json\/wp\/v2\/types\/page"}],"author":[{"embeddable":true,"href":"https:\/\/octopus-kemer.com\/de\/wp-json\/wp\/v2\/users\/1"}],"replies":[{"embeddable":true,"href":"https:\/\/octopus-kemer.com\/de\/wp-json\/wp\/v2\/comments?post=357"}],"version-history":[{"count":16,"href":"https:\/\/octopus-kemer.com\/de\/wp-json\/wp\/v2\/pages\/357\/revisions"}],"predecessor-version":[{"id":691,"href":"https:\/\/octopus-kemer.com\/de\/wp-json\/wp\/v2\/pages\/357\/revisions\/691"}],"wp:attachment":[{"href":"https:\/\/octopus-kemer.com\/de\/wp-json\/wp\/v2\/media?parent=357"}],"curies":[{"name":"wp","href":"https:\/\/api.w.org\/{rel}","templated":true}]}}