{"id":300,"date":"2023-02-26T17:27:03","date_gmt":"2023-02-26T17:27:03","guid":{"rendered":"http:\/\/octopus-kemer.com\/de\/?page_id=300"},"modified":"2023-03-20T12:01:36","modified_gmt":"2023-03-20T12:01:36","slug":"kemertauchplatze","status":"publish","type":"page","link":"https:\/\/octopus-kemer.com\/de\/kemertauchplatze\/","title":{"rendered":"KEMER TAUCHPL\u00c4TZE"},"content":{"rendered":"\n<div class=\"wp-block-group alignfull is-layout-flow wp-block-group-is-layout-flow\">\n<div class=\"wp-block-group alignfull has-custom-renk-1-background-color has-background is-layout-constrained wp-container-core-group-is-layout-75294154 wp-block-group-is-layout-constrained\" style=\"padding-top:0;padding-right:0;padding-bottom:0;padding-left:0\">\n<div class=\"wp-block-cover alignfull has-parallax\" style=\"padding-top:0;padding-right:0;padding-bottom:0;padding-left:0\"><span aria-hidden=\"true\" class=\"wp-block-cover__background has-background-dim-70 has-background-dim\"><\/span><div role=\"img\" class=\"wp-block-cover__image-background wp-image-41 has-parallax\" style=\"background-position:50% 50%;background-image:url(http:\/\/octopus-kemer.com\/de\/wp-content\/uploads\/2023\/02\/dsc_1006.jpg)\"><\/div><div class=\"wp-block-cover__inner-container is-layout-flow wp-block-cover-is-layout-flow\">\n<div class=\"wp-block-group is-layout-constrained wp-container-core-group-is-layout-955c507f wp-block-group-is-layout-constrained\" style=\"padding-top:100px;padding-right:30px;padding-bottom:100px;padding-left:30px\">\n<div class=\"wp-block-buttons is-content-justification-center is-layout-flex wp-container-core-buttons-is-layout-b5994976 wp-block-buttons-is-layout-flex\">\n<div class=\"wp-block-button is-style-outline is-style-outline--1\"><a class=\"wp-block-button__link wp-element-button\" style=\"border-radius:10px\">KEMER TAUCHPL\u00c4TZE<\/a><\/div>\n<\/div>\n\n\n\n<div class=\"wp-block-columns alignwide are-vertically-aligned-center is-layout-flex wp-container-core-columns-is-layout-28f84493 wp-block-columns-is-layout-flex\">\n<div class=\"wp-block-column is-vertically-aligned-center is-layout-flow wp-block-column-is-layout-flow\" style=\"padding-top:40px;padding-right:40px;padding-bottom:40px;padding-left:40px\">\n<div class=\"wp-block-group alignwide is-layout-constrained wp-container-core-group-is-layout-26420631 wp-block-group-is-layout-constrained\">\n<p id=\"u2633-2\"><strong>AQUARIUMBUCHT<\/strong><\/p>\n\n\n\n<p>&nbsp;Diese Bucht, einer der sch\u00f6nsten Tauchpl\u00e4tze in der Region Kemer, ist ideal f\u00fcr Anf\u00e4nger und ihre begleitenden Familienmitglieder und Freunde, mit M\u00f6glichkeiten zum Schwimmen, Schnorcheln und Sonnenbaden.&nbsp; Aquarium Bay ist 23 Minuten von Kemer Marina entfernt und kann nur \u00fcber das Meer erreicht werden.&nbsp; Die Bucht, umgeben von steilen Felsen und Pinien, hat auch einen sch\u00f6nen Kieselstrand, der eine wichtige Rolle f\u00fcr den Naturgenuss aller Besucher spielt.&nbsp; Aufgrund seiner wind- und wellengesch\u00fctzten Lage und des vorhandenen Strandes ist es zum Tauchen in jeder gew\u00fcnschten Tiefe geeignet.&nbsp; Viele Fischarten und Unterwasserlebewesen k\u00f6nnen in dieser Bucht gefunden werden, darunter Meerbrassen, Meerbarsche, Sargo, Damselfische, Tintenfische, Seeigel, Seesterne und manchmal Barrakudas, Tintenfische und Skorpionfische.<\/p>\n\n\n\n<p>&nbsp;Der tiefste Punkt der Bucht ist 12 Meter, und der Meeresboden variiert zwischen Kiesel und Sand.&nbsp; Das Schwimmen mit Fischen zwischen den gro\u00dfen Felsen, die mit bunten Schw\u00e4mmen und Korallen bedeckt sind, und nat\u00fcrlich das F\u00fcttern der Fische von Hand, ist ein unbeschreibliches Vergn\u00fcgen, das erlebt werden muss, um verstanden zu werden.<\/p>\n<\/div>\n<\/div>\n\n\n\n<div class=\"wp-block-column is-vertically-aligned-center is-layout-flow wp-block-column-is-layout-flow\">\n<div class=\"wp-block-group alignwide has-shadow-dark has-white-background-color has-background is-layout-constrained wp-container-core-group-is-layout-d794d2f0 wp-block-group-is-layout-constrained\" style=\"border-width:12px;border-radius:0px;padding-top:0px;padding-right:0px;padding-bottom:0px;padding-left:0px\">\n<div class=\"wp-block-cover is-light has-custom-content-position is-position-bottom-center image-zoom-hover\" style=\"margin-top:0;margin-bottom:0;min-height:500px;aspect-ratio:unset;\"><span aria-hidden=\"true\" class=\"wp-block-cover__background has-background-dim-40 has-background-dim wp-block-cover__gradient-background has-background-gradient\" style=\"background:linear-gradient(180deg,rgba(8,8,8,0.2) 8%,rgb(1,1,1) 100%)\"><\/span><img fetchpriority=\"high\" decoding=\"async\" width=\"760\" height=\"380\" class=\"wp-block-cover__image-background wp-image-314\" alt=\"\" src=\"http:\/\/octopus-kemer.com\/de\/wp-content\/uploads\/2023\/02\/cam-berrakliginda-bir-deniz-akvaryum-koyu.jpg\" data-object-fit=\"cover\" srcset=\"https:\/\/octopus-kemer.com\/de\/wp-content\/uploads\/2023\/02\/cam-berrakliginda-bir-deniz-akvaryum-koyu.jpg 760w, https:\/\/octopus-kemer.com\/de\/wp-content\/uploads\/2023\/02\/cam-berrakliginda-bir-deniz-akvaryum-koyu-300x150.jpg 300w\" sizes=\"(max-width: 760px) 100vw, 760px\" \/><div class=\"wp-block-cover__inner-container is-layout-flow wp-block-cover-is-layout-flow\">\n<p class=\"has-text-align-center has-large-font-size\"><\/p>\n<\/div><\/div>\n<\/div>\n<\/div>\n<\/div>\n\n\n\n<div class=\"wp-block-columns alignwide are-vertically-aligned-center is-layout-flex wp-container-core-columns-is-layout-28f84493 wp-block-columns-is-layout-flex\">\n<div class=\"wp-block-column is-vertically-aligned-center is-layout-flow wp-block-column-is-layout-flow\" style=\"padding-top:40px;padding-right:40px;padding-bottom:40px;padding-left:40px\">\n<div class=\"wp-block-group alignwide is-layout-constrained wp-container-core-group-is-layout-26420631 wp-block-group-is-layout-constrained\">\n<p><strong>KIRIS H\u00d6HLENBUCHT<\/strong><\/p>\n\n\n\n<p>&nbsp;Diese Bucht, die vor Wind und Wellen gesch\u00fctzt ist, ist 18 Minuten mit dem Tauchboot vom Yachthafen Kemer entfernt.&nbsp; Mit seinem flachen Anfang und der Verl\u00e4ngerung bis zu einer Tiefe von 18 Metern ist es ein sehr geeigneter Tauchplatz f\u00fcr Anf\u00e4nger und zertifizierte Taucher.&nbsp; Diese Bucht, umgeben von steilen Felsen, hat ihren Namen von 2 kleinen H\u00f6hlen, die von au\u00dfen gut sichtbar sind und teilweise mit Luft und Wasser gef\u00fcllt sind.&nbsp; Das Vorhandensein von kleinen Unterwasserh\u00f6hlen und sehenswerten Tunneln und vor allem der einfache Zugang von dieser Bucht zur Bubble Cave unter Wasser sind ebenfalls Faktoren, die zu seiner Beliebtheit beitragen.&nbsp; In dieser Bucht, wo das Unterwassergel\u00e4nde an einigen Stellen aus Felsen, Steinen, Kieselsteinen und Sand besteht, kann man eine Vielzahl von Fischarten wie Wrasen, Zackenbarsche, Brassen, Sattelbrassen, Kammbrassen und Eidechsen sowie Krabben, Seesterne, Seeigel, Garnelen, Tintenfische und Tintenfische sehen.&nbsp; Der unendliche Appetit der Fische auf Brotkrumen, die von Tauchern angeboten werden, und ihr fr\u00f6hlicher Ausdruck, indem sie um die Taucher herumwirbeln, schaffen sehr interessante und nat\u00fcrliche Bilder, die nicht in ein einziges Foto passen.&nbsp; Auch f\u00fcr Nicht-Taucher ist das ziellose Herumwandern der Wildziegen auf den steilen Felsen rund um die Bucht spannend und sehenswert.<\/p>\n<\/div>\n<\/div>\n\n\n\n<div class=\"wp-block-column is-vertically-aligned-center is-layout-flow wp-block-column-is-layout-flow\">\n<div class=\"wp-block-group alignwide has-shadow-dark has-white-background-color has-background is-layout-constrained wp-container-core-group-is-layout-d794d2f0 wp-block-group-is-layout-constrained\" style=\"border-width:12px;border-radius:0px;padding-top:0px;padding-right:0px;padding-bottom:0px;padding-left:0px\">\n<div class=\"wp-block-cover has-custom-content-position is-position-bottom-center image-zoom-hover\" style=\"margin-top:0;margin-bottom:0;min-height:500px;aspect-ratio:unset;\"><span aria-hidden=\"true\" class=\"wp-block-cover__background has-background-dim-40 has-background-dim wp-block-cover__gradient-background has-background-gradient\" style=\"background:linear-gradient(180deg,rgba(8,8,8,0.2) 8%,rgb(1,1,1) 100%)\"><\/span><img decoding=\"async\" width=\"800\" height=\"532\" class=\"wp-block-cover__image-background wp-image-326\" alt=\"\" src=\"http:\/\/octopus-kemer.com\/de\/wp-content\/uploads\/2023\/02\/kemer-dalis-turu2.webp\" data-object-fit=\"cover\" srcset=\"https:\/\/octopus-kemer.com\/de\/wp-content\/uploads\/2023\/02\/kemer-dalis-turu2.webp 800w, https:\/\/octopus-kemer.com\/de\/wp-content\/uploads\/2023\/02\/kemer-dalis-turu2-300x200.webp 300w, https:\/\/octopus-kemer.com\/de\/wp-content\/uploads\/2023\/02\/kemer-dalis-turu2-768x511.webp 768w\" sizes=\"(max-width: 800px) 100vw, 800px\" \/><div class=\"wp-block-cover__inner-container is-layout-flow wp-block-cover-is-layout-flow\">\n<p class=\"has-text-align-center has-large-font-size\"><\/p>\n<\/div><\/div>\n<\/div>\n<\/div>\n<\/div>\n\n\n\n<div class=\"wp-block-columns alignwide are-vertically-aligned-center is-layout-flex wp-container-core-columns-is-layout-28f84493 wp-block-columns-is-layout-flex\">\n<div class=\"wp-block-column is-vertically-aligned-center is-layout-flow wp-block-column-is-layout-flow\" style=\"padding-top:40px;padding-right:40px;padding-bottom:40px;padding-left:40px\">\n<div class=\"wp-block-group alignwide is-layout-constrained wp-container-core-group-is-layout-26420631 wp-block-group-is-layout-constrained\">\n<p><strong>LEUCHTTURM (TUNNEL)<\/strong><\/p>\n\n\n\n<p>&nbsp;Dieser wundersch\u00f6ne Tauchplatz ist f\u00fcr Taucher aller Schwierigkeitsgrade geeignet und liegt nur 8 Minuten vom Yachthafen von Kemer entfernt, so dass es einfach ist, vom Hafen aus zu entdecken.&nbsp; Da die Region felsig ist, finden sich hier viele kleine und gro\u00dfe Tunnels und Felsformationen, von denen die wichtigsten das L-Riff und der Tunnel sind, der dem Tauchplatz seinen Namen gibt.&nbsp; Das Riff beginnt 3 Meter unter der Wasseroberfl\u00e4che und erstreckt sich bis zu 18 Meter.&nbsp; An der Stelle, wo das Riff beginnt, gibt es einen breiten Tunnel mit einer Tiefe von 9 Metern und einer L\u00e4nge von 5 Metern, der wegen der Dutzenden von Meereslebewesen, die es beherbergt, f\u00fcr Minuten sehenswert ist.<\/p>\n\n\n\n<p>&nbsp;Der Tunnel, bedeckt mit Korallen, Seeanemonen, bunten Schw\u00e4mmen, R\u00f6hrenw\u00fcrmern, Austern und Manteltieren, ist Heimat von Mur\u00e4nen, Kraken, Skorpionfischen, Krabben, Seegurken, Seehasen, Meerkaninchen, Zackenbarschen und vielen anderen Fischarten.<\/p>\n<\/div>\n<\/div>\n\n\n\n<div class=\"wp-block-column is-vertically-aligned-center is-layout-flow wp-block-column-is-layout-flow\">\n<div class=\"wp-block-group alignwide has-shadow-dark has-white-background-color has-background is-layout-constrained wp-container-core-group-is-layout-d794d2f0 wp-block-group-is-layout-constrained\" style=\"border-width:12px;border-radius:0px;padding-top:0px;padding-right:0px;padding-bottom:0px;padding-left:0px\">\n<div class=\"wp-block-cover has-custom-content-position is-position-bottom-center image-zoom-hover\" style=\"margin-top:0;margin-bottom:0;min-height:500px;aspect-ratio:unset;\"><span aria-hidden=\"true\" class=\"wp-block-cover__background has-background-dim-40 has-background-dim wp-block-cover__gradient-background has-background-gradient\" style=\"background:linear-gradient(180deg,rgba(8,8,8,0.2) 8%,rgb(1,1,1) 100%)\"><\/span><img decoding=\"async\" width=\"800\" height=\"600\" class=\"wp-block-cover__image-background wp-image-175\" alt=\"\" src=\"http:\/\/octopus-kemer.com\/de\/wp-content\/uploads\/2023\/02\/dsc01620.jpg\" style=\"object-position:7% 24%\" data-object-fit=\"cover\" data-object-position=\"7% 24%\" srcset=\"https:\/\/octopus-kemer.com\/de\/wp-content\/uploads\/2023\/02\/dsc01620.jpg 800w, https:\/\/octopus-kemer.com\/de\/wp-content\/uploads\/2023\/02\/dsc01620-300x225.jpg 300w, https:\/\/octopus-kemer.com\/de\/wp-content\/uploads\/2023\/02\/dsc01620-768x576.jpg 768w\" sizes=\"(max-width: 800px) 100vw, 800px\" \/><div class=\"wp-block-cover__inner-container is-layout-flow wp-block-cover-is-layout-flow\">\n<p class=\"has-text-align-center has-large-font-size\"><\/p>\n<\/div><\/div>\n<\/div>\n<\/div>\n<\/div>\n\n\n\n<div class=\"wp-block-columns alignwide are-vertically-aligned-center is-layout-flex wp-container-core-columns-is-layout-28f84493 wp-block-columns-is-layout-flex\">\n<div class=\"wp-block-column is-vertically-aligned-center is-layout-flow wp-block-column-is-layout-flow\" style=\"padding-top:40px;padding-right:40px;padding-bottom:40px;padding-left:40px\">\n<div class=\"wp-block-group alignwide is-layout-constrained wp-container-core-group-is-layout-26420631 wp-block-group-is-layout-constrained\">\n<p><strong>BATIK (PARIS)<\/strong><\/p>\n\n\n\n<p>&nbsp;Das franz\u00f6sische Wrack &#8220;Paris&#8221; schwebte auf dem Meeresboden in 21-31 Metern Tiefe und nur 7 Minuten von der Kemer Marina entfernt und sank im September 1917 nach einem Beschuss t\u00fcrkischer Artillerie vom Kocaburun-H\u00fcgel unter dem Kommando von Mustafa Ertu\u011frul.&nbsp; Das Schiff war 65 Meter lang und 14 Meter breit und war mit Schw\u00e4mmen und Korallen in verschiedenen Farben bedeckt, sowie beherbergte viele verschiedene Arten von Meereslebewesen wie Zackenbarsche, Skorpionfische, Krebse und L\u00f6wenfische.&nbsp; Als Ergebnis der Technologie seiner Zeit wurde das Schiff mit Nieten gebaut und dampfbetrieben.&nbsp; Der gro\u00dfe Dampfkessel in der Mitte des Wracks und die verstreuten Steine und Kohlen um ihn herum reichen aus, um uns in die Vergangenheit zu versetzen.&nbsp; Aus der gro\u00dfen Anzahl von Kanonenkugeln, die \u00fcber das Wrack verstreut sind, geht auch hervor, dass Paris w\u00e4hrend des Ersten Weltkriegs im aktiven Dienst war.Das Tauchen zum Wrack von Paris ist nur f\u00fcr erfahrene Taucher geeignet.&nbsp; Da es in einer Tiefe von 18 Metern liegt, erfordert es Tieftauchen und mindestens eine internationale Level 2 Zertifizierung.&nbsp; Taucher machen ihren Abstieg und Aufstieg von einem F\u00fchrungsseil, das an das Wrack gebunden ist.<\/p>\n<\/div>\n<\/div>\n\n\n\n<div class=\"wp-block-column is-vertically-aligned-center is-layout-flow wp-block-column-is-layout-flow\">\n<div class=\"wp-block-group alignwide has-shadow-dark has-white-background-color has-background is-layout-constrained wp-container-core-group-is-layout-d794d2f0 wp-block-group-is-layout-constrained\" style=\"border-width:12px;border-radius:0px;padding-top:0px;padding-right:0px;padding-bottom:0px;padding-left:0px\">\n<div class=\"wp-block-cover has-custom-content-position is-position-bottom-center image-zoom-hover\" style=\"margin-top:0;margin-bottom:0;min-height:500px;aspect-ratio:unset;\"><span aria-hidden=\"true\" class=\"wp-block-cover__background has-background-dim-40 has-background-dim wp-block-cover__gradient-background has-background-gradient\" style=\"background:linear-gradient(180deg,rgba(8,8,8,0.2) 8%,rgb(1,1,1) 100%)\"><\/span><img loading=\"lazy\" decoding=\"async\" width=\"2560\" height=\"1700\" class=\"wp-block-cover__image-background wp-image-41\" alt=\"\" src=\"http:\/\/octopus-kemer.com\/de\/wp-content\/uploads\/2023\/02\/dsc_1006.jpg\" data-object-fit=\"cover\" srcset=\"https:\/\/octopus-kemer.com\/de\/wp-content\/uploads\/2023\/02\/dsc_1006.jpg 2560w, https:\/\/octopus-kemer.com\/de\/wp-content\/uploads\/2023\/02\/dsc_1006-300x199.jpg 300w, https:\/\/octopus-kemer.com\/de\/wp-content\/uploads\/2023\/02\/dsc_1006-1024x680.jpg 1024w, https:\/\/octopus-kemer.com\/de\/wp-content\/uploads\/2023\/02\/dsc_1006-768x510.jpg 768w, https:\/\/octopus-kemer.com\/de\/wp-content\/uploads\/2023\/02\/dsc_1006-1536x1020.jpg 1536w, https:\/\/octopus-kemer.com\/de\/wp-content\/uploads\/2023\/02\/dsc_1006-2048x1360.jpg 2048w\" sizes=\"(max-width: 2560px) 100vw, 2560px\" \/><div class=\"wp-block-cover__inner-container is-layout-flow wp-block-cover-is-layout-flow\">\n<p class=\"has-text-align-center has-large-font-size\"><\/p>\n<\/div><\/div>\n<\/div>\n<\/div>\n<\/div>\n\n\n\n<div class=\"wp-block-columns alignwide are-vertically-aligned-center is-layout-flex wp-container-core-columns-is-layout-28f84493 wp-block-columns-is-layout-flex\">\n<div class=\"wp-block-column is-vertically-aligned-center is-layout-flow wp-block-column-is-layout-flow\" style=\"padding-top:40px;padding-right:40px;padding-bottom:40px;padding-left:40px\">\n<div class=\"wp-block-group alignwide is-layout-constrained wp-container-core-group-is-layout-26420631 wp-block-group-is-layout-constrained\">\n<p><strong>BATIK (PATI)<\/strong><\/p>\n\n\n\n<p>In der kalten und st\u00fcrmischen Nacht des 1. Januar 2001 wurde das unter georgischer Flagge fahrende Schiff PATI von gro\u00dfen heftigen Wellen auf die Felsen vor der K\u00fcste der Kiri\u015f Aquarium Bay geschleudert.&nbsp; Das 15 Meter lange Eisenwrack befindet sich in einer Tiefe von 5-13 Metern auf einem sandigen Grund.&nbsp; Es ist ein geeigneter Tauchplatz f\u00fcr erfahrene Taucher.&nbsp; Einige Teile des Schiffes, wie seine Masten, Ketten und Anker, sind um das Schiff herum verstreut.&nbsp; Einige Fische wie Zackenbarsche, Skorpionfische und L\u00f6wenfische haben das 22-j\u00e4hrige Wrack zu ihrem Zuhause gemacht.&nbsp; Dar\u00fcber hinaus k\u00f6nnen andere Meereslebewesen wie Rochen, Seesterne und Seehasen rund um das Wrack gefunden werden, und gelegentlich kann auch Thunfisch gesichtet werden.<\/p>\n<\/div>\n<\/div>\n\n\n\n<div class=\"wp-block-column is-vertically-aligned-center is-layout-flow wp-block-column-is-layout-flow\">\n<div class=\"wp-block-group alignwide has-shadow-dark has-white-background-color has-background is-layout-constrained wp-container-core-group-is-layout-d794d2f0 wp-block-group-is-layout-constrained\" style=\"border-width:12px;border-radius:0px;padding-top:0px;padding-right:0px;padding-bottom:0px;padding-left:0px\">\n<div class=\"wp-block-cover has-custom-content-position is-position-bottom-center image-zoom-hover\" style=\"margin-top:0;margin-bottom:0;min-height:500px;aspect-ratio:unset;\"><span aria-hidden=\"true\" class=\"wp-block-cover__background has-background-dim-40 has-background-dim wp-block-cover__gradient-background has-background-gradient\" style=\"background:linear-gradient(180deg,rgba(8,8,8,0.2) 8%,rgb(1,1,1) 100%)\"><\/span><img loading=\"lazy\" decoding=\"async\" width=\"800\" height=\"600\" class=\"wp-block-cover__image-background wp-image-96\" alt=\"\" src=\"http:\/\/octopus-kemer.com\/de\/wp-content\/uploads\/2023\/02\/img_5004.jpg\" data-object-fit=\"cover\" srcset=\"https:\/\/octopus-kemer.com\/de\/wp-content\/uploads\/2023\/02\/img_5004.jpg 800w, https:\/\/octopus-kemer.com\/de\/wp-content\/uploads\/2023\/02\/img_5004-300x225.jpg 300w, https:\/\/octopus-kemer.com\/de\/wp-content\/uploads\/2023\/02\/img_5004-768x576.jpg 768w\" sizes=\"(max-width: 800px) 100vw, 800px\" \/><div class=\"wp-block-cover__inner-container is-layout-flow wp-block-cover-is-layout-flow\">\n<p class=\"has-text-align-center has-large-font-size\"><\/p>\n<\/div><\/div>\n<\/div>\n<\/div>\n<\/div>\n\n\n\n<div class=\"wp-block-columns alignwide are-vertically-aligned-center is-layout-flex wp-container-core-columns-is-layout-28f84493 wp-block-columns-is-layout-flex\">\n<div class=\"wp-block-column is-vertically-aligned-center is-layout-flow wp-block-column-is-layout-flow\" style=\"padding-top:40px;padding-right:40px;padding-bottom:40px;padding-left:40px\">\n<div class=\"wp-block-group alignwide is-layout-constrained wp-container-core-group-is-layout-26420631 wp-block-group-is-layout-constrained\">\n<p><strong>DREI INSELN<\/strong><\/p>\n\n\n\n<p>&nbsp;Im Tekirova-Gebiet gibt es vier Inseln: Mart\u0131 (M\u00f6we), Ma\u011fara (H\u00f6hle), Piknik (Picknick) und K\u00fc\u00e7\u00fck Ada (Kleine Insel).&nbsp; Diese Inseln sind eine der wenigen Tauchzentren der Welt, die internationalen Standards entsprechen.&nbsp; Sie schaffen eine verlockende Gelegenheit f\u00fcr diejenigen, die die Unterwassersch\u00e4tze erkunden wollen.&nbsp; Diese Tauchzentren erreichen Sie nach einer 90-min\u00fctigen Bootsfahrt.<\/p>\n<\/div>\n<\/div>\n\n\n\n<div class=\"wp-block-column is-vertically-aligned-center is-layout-flow wp-block-column-is-layout-flow\">\n<div class=\"wp-block-group alignwide has-shadow-dark has-white-background-color has-background is-layout-constrained wp-container-core-group-is-layout-d794d2f0 wp-block-group-is-layout-constrained\" style=\"border-width:12px;border-radius:0px;padding-top:0px;padding-right:0px;padding-bottom:0px;padding-left:0px\">\n<div class=\"wp-block-cover has-custom-content-position is-position-bottom-center image-zoom-hover\" style=\"margin-top:0;margin-bottom:0;min-height:500px;aspect-ratio:unset;\"><span aria-hidden=\"true\" class=\"wp-block-cover__background has-background-dim-40 has-background-dim wp-block-cover__gradient-background has-background-gradient\" style=\"background:linear-gradient(180deg,rgba(8,8,8,0.2) 8%,rgb(1,1,1) 100%)\"><\/span><img loading=\"lazy\" decoding=\"async\" width=\"800\" height=\"572\" class=\"wp-block-cover__image-background wp-image-604\" alt=\"\" src=\"http:\/\/octopus-kemer.com\/de\/wp-content\/uploads\/2023\/02\/131-201608041120391.jpg\" data-object-fit=\"cover\" srcset=\"https:\/\/octopus-kemer.com\/de\/wp-content\/uploads\/2023\/02\/131-201608041120391.jpg 800w, https:\/\/octopus-kemer.com\/de\/wp-content\/uploads\/2023\/02\/131-201608041120391-300x215.jpg 300w, https:\/\/octopus-kemer.com\/de\/wp-content\/uploads\/2023\/02\/131-201608041120391-768x549.jpg 768w\" sizes=\"(max-width: 800px) 100vw, 800px\" \/><div class=\"wp-block-cover__inner-container is-layout-flow wp-block-cover-is-layout-flow\">\n<p class=\"has-text-align-center has-large-font-size\"><\/p>\n<\/div><\/div>\n<\/div>\n<\/div>\n<\/div>\n<\/div>\n<\/div><\/div>\n<\/div>\n<\/div>\n","protected":false},"excerpt":{"rendered":"","protected":false},"author":1,"featured_media":0,"parent":0,"menu_order":0,"comment_status":"closed","ping_status":"closed","template":"","meta":{"footnotes":""},"class_list":["post-300","page","type-page","status-publish","hentry"],"_links":{"self":[{"href":"https:\/\/octopus-kemer.com\/de\/wp-json\/wp\/v2\/pages\/300","targetHints":{"allow":["GET"]}}],"collection":[{"href":"https:\/\/octopus-kemer.com\/de\/wp-json\/wp\/v2\/pages"}],"about":[{"href":"https:\/\/octopus-kemer.com\/de\/wp-json\/wp\/v2\/types\/page"}],"author":[{"embeddable":true,"href":"https:\/\/octopus-kemer.com\/de\/wp-json\/wp\/v2\/users\/1"}],"replies":[{"embeddable":true,"href":"https:\/\/octopus-kemer.com\/de\/wp-json\/wp\/v2\/comments?post=300"}],"version-history":[{"count":28,"href":"https:\/\/octopus-kemer.com\/de\/wp-json\/wp\/v2\/pages\/300\/revisions"}],"predecessor-version":[{"id":681,"href":"https:\/\/octopus-kemer.com\/de\/wp-json\/wp\/v2\/pages\/300\/revisions\/681"}],"wp:attachment":[{"href":"https:\/\/octopus-kemer.com\/de\/wp-json\/wp\/v2\/media?parent=300"}],"curies":[{"name":"wp","href":"https:\/\/api.w.org\/{rel}","templated":true}]}}