{"id":253,"date":"2023-02-25T18:42:33","date_gmt":"2023-02-25T18:42:33","guid":{"rendered":"http:\/\/octopus-kemer.com\/de\/?page_id=253"},"modified":"2023-03-20T11:50:54","modified_gmt":"2023-03-20T11:50:54","slug":"taglichetauchtour","status":"publish","type":"page","link":"https:\/\/octopus-kemer.com\/de\/taglichetauchtour\/","title":{"rendered":"T\u00c4GLICHE TAUCHTOUR"},"content":{"rendered":"\n<div class=\"wp-block-group alignfull is-layout-flow wp-block-group-is-layout-flow\">\n<div class=\"wp-block-group alignfull has-custom-renk-1-background-color has-background is-layout-constrained wp-container-core-group-is-layout-75294154 wp-block-group-is-layout-constrained\" style=\"padding-top:0;padding-right:0;padding-bottom:0;padding-left:0\">\n<div class=\"wp-block-cover alignfull has-parallax\" style=\"padding-top:0;padding-right:0;padding-bottom:0;padding-left:0\"><span aria-hidden=\"true\" class=\"wp-block-cover__background has-background-dim-80 has-background-dim\"><\/span><div role=\"img\" class=\"wp-block-cover__image-background wp-image-62 has-parallax\" style=\"background-position:50% 50%;background-image:url(http:\/\/octopus-kemer.com\/de\/wp-content\/uploads\/2023\/02\/ado_5841.jpg)\"><\/div><div class=\"wp-block-cover__inner-container is-layout-flow wp-block-cover-is-layout-flow\">\n<div class=\"wp-block-group is-layout-constrained wp-container-core-group-is-layout-955c507f wp-block-group-is-layout-constrained\" style=\"padding-top:100px;padding-right:30px;padding-bottom:100px;padding-left:30px\">\n<div class=\"wp-block-buttons is-content-justification-center is-layout-flex wp-container-core-buttons-is-layout-a89b3969 wp-block-buttons-is-layout-flex\">\n<div class=\"wp-block-button is-style-outline is-style-outline--1\"><a class=\"wp-block-button__link wp-element-button\" style=\"border-radius:10px\">T\u00c4GLICHE TAUCHTOUR<\/a><\/div>\n<\/div>\n\n\n\n<div class=\"wp-block-columns alignwide is-layout-flex wp-container-core-columns-is-layout-28f84493 wp-block-columns-is-layout-flex\">\n<div class=\"wp-block-column is-vertically-aligned-center is-layout-flow wp-block-column-is-layout-flow\" style=\"padding-top:40px;padding-right:40px;padding-bottom:40px;padding-left:40px\">\n<div class=\"wp-block-group alignwide is-layout-constrained wp-container-core-group-is-layout-26420631 wp-block-group-is-layout-constrained\">\n<p>8:30: Transfer beginnt in Beldibi und Tekirova.<\/p>\n\n\n\n<p>&nbsp;9:30: Ankunft in Kemer Marina; Anmeldung und Einsteigen in das Tauchboot.<\/p>\n\n\n\n<p>&nbsp;10:00 Uhr: Das Boot legt vom Hafen ab und f\u00e4hrt zur H\u00f6hlenbucht von Kiri\u015f, die 18 Minuten entfernt ist, w\u00e4hrend die G\u00e4ste \u00fcber das t\u00e4gliche Tauch- und Tourprogramm informiert werden.<\/p>\n\n\n\n<p>&nbsp;10:20 Uhr: Bei der Ankunft in der Kiri\u015f Cave Bay stellen Tauchlehrer den G\u00e4sten die Tauchregeln vor, die sie w\u00e4hrend des Tauchgangs in ihrer eigenen Sprache kennen und anwenden m\u00fcssen.&nbsp; Nach der Grundausbildung beginnen die ersten Tauchg\u00e4nge im flachsten Bereich mit maximal 5 Tauchern pro Gruppe f\u00fcr erfahrene Taucher und Eins-zu-eins f\u00fcr Anf\u00e4nger.&nbsp; Jede Gruppe wird von mindestens einem Instructor und einem Guide Diver begleitet.&nbsp; Unterwasser-Foto- und Videoaufnahmen sind auf Anfrage w\u00e4hrend der Tauchg\u00e4nge m\u00f6glich.<\/p>\n\n\n\n<p>10:45: Tauchen beginnt<\/p>\n\n\n\n<p>&nbsp;13:00: Mittagessen (Salat, Reis und H\u00fchnchenschnitzel)<\/p>\n\n\n\n<p>&nbsp;14:15: Ankunft am Mustafa Ertu\u011frul Diving Point f\u00fcr den zweiten Tauchgang<\/p>\n\n\n\n<p>&nbsp;16:45: R\u00fcckkehr zur Kemer Marina nach dem Tauchgang.&nbsp; G\u00e4ste, die Tauchkurse absolviert haben, werden im Rahmen einer Zeremonie mit ihren Zertifikaten \u00fcberreicht.<\/p>\n\n\n\n<p>&nbsp;17:00: Abschiedsrede in der Kemer Marina<\/p>\n\n\n\n<p>&nbsp;17:20: Abfahrt von Kemer Marina mit Shuttle-Fahrzeugen<\/p>\n\n\n\n<p>&nbsp;HINWEIS: G\u00e4ste, die nicht tauchen m\u00f6chten, k\u00f6nnen w\u00e4hrend der Tour schwimmen, schnorcheln, sonnenbaden und entspannen.&nbsp; Mittagessen, Bootskraftstoff, sauberes Wasser f\u00fcr Duschen und Versicherung sind im Preis inbegriffen.&nbsp; Jeden Tag werden zwei verschiedene Tauchpl\u00e4tze besucht, mit einem morgendlichen und einem nachmitt\u00e4glichen Tauchgang.<\/p>\n\n\n\n<p>&nbsp;Anf\u00e4nger Taucher: W\u00e4hrend des morgendlichen Tauchgangs erhalten Anf\u00e4nger ein Briefing und \u00dcbungstauchgang mit Tauchlehrern.&nbsp; Sie tauchen bis zu einer maximalen Tiefe von 5m f\u00fcr eine Dauer von mindestens 15-20 Minuten.&nbsp; Die gleiche Prozedur wird in einem anderen Tauchgebiet nach dem Mittagessen wiederholt.<\/p>\n\n\n\n<p>&nbsp;Erfahrene Taucher: Erfahrene Taucher tauchen auch zweimal, einmal morgens und einmal nachmittags, in zwei verschiedenen Bereichen wie im Anf\u00e4nger-Tauchprogramm.&nbsp; F\u00fcnf erfahrene Taucher tauchen mit einem Instruktor.&nbsp; Die maximale Tauchtiefe betr\u00e4gt 30m und der Tauchplan wird entsprechend der Erfahrung des Tauchers angepasst.&nbsp; Es ist geplant, den Tauchgang mit 50 bar Luft zu beenden.<\/p>\n<\/div>\n<\/div>\n<\/div>\n<\/div>\n<\/div><\/div>\n<\/div>\n<\/div>\n","protected":false},"excerpt":{"rendered":"","protected":false},"author":1,"featured_media":0,"parent":0,"menu_order":0,"comment_status":"closed","ping_status":"closed","template":"","meta":{"footnotes":""},"class_list":["post-253","page","type-page","status-publish","hentry"],"_links":{"self":[{"href":"https:\/\/octopus-kemer.com\/de\/wp-json\/wp\/v2\/pages\/253","targetHints":{"allow":["GET"]}}],"collection":[{"href":"https:\/\/octopus-kemer.com\/de\/wp-json\/wp\/v2\/pages"}],"about":[{"href":"https:\/\/octopus-kemer.com\/de\/wp-json\/wp\/v2\/types\/page"}],"author":[{"embeddable":true,"href":"https:\/\/octopus-kemer.com\/de\/wp-json\/wp\/v2\/users\/1"}],"replies":[{"embeddable":true,"href":"https:\/\/octopus-kemer.com\/de\/wp-json\/wp\/v2\/comments?post=253"}],"version-history":[{"count":11,"href":"https:\/\/octopus-kemer.com\/de\/wp-json\/wp\/v2\/pages\/253\/revisions"}],"predecessor-version":[{"id":673,"href":"https:\/\/octopus-kemer.com\/de\/wp-json\/wp\/v2\/pages\/253\/revisions\/673"}],"wp:attachment":[{"href":"https:\/\/octopus-kemer.com\/de\/wp-json\/wp\/v2\/media?parent=253"}],"curies":[{"name":"wp","href":"https:\/\/api.w.org\/{rel}","templated":true}]}}