{"id":140,"date":"2023-02-25T10:34:28","date_gmt":"2023-02-25T10:34:28","guid":{"rendered":"http:\/\/octopus-kemer.com\/de\/?page_id=140"},"modified":"2023-03-20T11:49:33","modified_gmt":"2023-03-20T11:49:33","slug":"taucheninkemer","status":"publish","type":"page","link":"https:\/\/octopus-kemer.com\/de\/taucheninkemer\/","title":{"rendered":"Tauchen in Kemer"},"content":{"rendered":"\n<div class=\"wp-block-group alignfull is-layout-flow wp-block-group-is-layout-flow\" style=\"padding-top:0;padding-right:0;padding-bottom:0;padding-left:0\">\n<div class=\"wp-block-group alignfull has-custom-renk-1-background-color has-background is-layout-constrained wp-container-core-group-is-layout-75294154 wp-block-group-is-layout-constrained\" style=\"padding-top:0;padding-right:0;padding-bottom:0;padding-left:0\">\n<div class=\"wp-block-cover alignfull has-parallax\" style=\"padding-top:0;padding-right:0;padding-bottom:0;padding-left:0\"><span aria-hidden=\"true\" class=\"wp-block-cover__background has-background-dim-70 has-background-dim\"><\/span><div role=\"img\" class=\"wp-block-cover__image-background wp-image-60 has-parallax\" style=\"background-position:50% 50%;background-image:url(http:\/\/octopus-kemer.com\/de\/wp-content\/uploads\/2023\/02\/gopr5328.jpg)\"><\/div><div class=\"wp-block-cover__inner-container is-layout-flow wp-block-cover-is-layout-flow\">\n<div class=\"wp-block-group is-layout-constrained wp-container-core-group-is-layout-955c507f wp-block-group-is-layout-constrained\" style=\"padding-top:100px;padding-right:30px;padding-bottom:100px;padding-left:30px\">\n<div class=\"wp-block-buttons is-content-justification-center is-layout-flex wp-container-core-buttons-is-layout-a89b3969 wp-block-buttons-is-layout-flex\">\n<div class=\"wp-block-button is-style-outline is-style-outline--1\"><a class=\"wp-block-button__link wp-element-button\" style=\"border-radius:10px\">Tauchen in Kemer<\/a><\/div>\n<\/div>\n\n\n\n<div class=\"wp-block-columns alignwide is-layout-flex wp-container-core-columns-is-layout-28f84493 wp-block-columns-is-layout-flex\">\n<div class=\"wp-block-column is-vertically-aligned-center is-layout-flow wp-block-column-is-layout-flow\" style=\"padding-top:40px;padding-right:40px;padding-bottom:40px;padding-left:40px\">\n<div class=\"wp-block-group alignwide is-layout-constrained wp-container-core-group-is-layout-26420631 wp-block-group-is-layout-constrained\">\n<div class=\"wp-block-group is-nowrap is-layout-flex wp-container-core-group-is-layout-e088cbc5 wp-block-group-is-layout-flex\">\n<p class=\"has-medium-font-size\" style=\"letter-spacing:1px\">Service und Sicherheit sind auf uns, kommen Sie und \u00fcberzeugen Sie sich selbst!<\/p>\n<\/div>\n\n\n\n<p>Kemer ist mit seiner variablen K\u00fcste, Amphoren aus der Antike, Schiffswracks, Riffen und H\u00f6hlen eines der wichtigsten Tauchzentren im Mittelmeerraum s\u00fcdlich von Antalya.<\/p>\n\n\n\n<p>In der T\u00fcrkei befinden sich die meisten Str\u00e4nde mit der Blauen Flagge in Antalya und vor allem in Kemer.&nbsp; Die Region Kemer bietet mit ihrem klaren t\u00fcrkisfarbenen Meer, Flora und Fauna und Buchten, die nur mit dem Boot vom Meer aus erreichbar sind, ausgezeichnete Tauch- und Trainingsm\u00f6glichkeiten.<\/p>\n\n\n\n<p>&nbsp;In Kemer gibt es auch Fischarten aus dem Roten Meer.<\/p>\n\n\n\n<p>&nbsp;Die Wassertemperatur betr\u00e4gt 19 Grad Celsius im Januar und 30 Grad Celsius im August.<\/p>\n\n\n\n<p>&nbsp;Wenn es um die Region Kemer geht, denkt man an alle St\u00e4dte zwischen Beldibi und Tekirova, darunter G\u00f6yn\u00fck, Kemer, Kiri\u015f und \u00c7amyuva.&nbsp; Unser Tauchzentrum (Octopus Diving Center) befindet sich im Zentrum von Kemer und steht Ihnen zur Verf\u00fcgung, um die Kemer Region zwischen dem 1. M\u00e4rz und dem 15. Dezember unter Wasser bekannt zu machen.<\/p>\n\n\n\n<p>&nbsp;PARIS Shipwreck, das 31 Meter tief vor der G-Marine Kemer Marina liegt, ist eines der wichtigsten Wracks der Region.<\/p>\n\n\n\n<p>&nbsp;In 3 ADALAR, einem reichhaltigen Tauchplatz in der Region, kann man gro\u00dfe Zackenbarsche, Mur\u00e4nen, Zackenbarsche, Thunfischschulen zu bestimmten Zeiten des Jahres, Barrakudaschulen und sogar gef\u00e4hrdete Mittelmeerrobben antreffen.<\/p>\n<\/div>\n<\/div>\n<\/div>\n<\/div>\n<\/div><\/div>\n<\/div>\n<\/div>\n","protected":false},"excerpt":{"rendered":"","protected":false},"author":1,"featured_media":96,"parent":0,"menu_order":0,"comment_status":"closed","ping_status":"closed","template":"","meta":{"footnotes":""},"class_list":["post-140","page","type-page","status-publish","has-post-thumbnail","hentry"],"_links":{"self":[{"href":"https:\/\/octopus-kemer.com\/de\/wp-json\/wp\/v2\/pages\/140","targetHints":{"allow":["GET"]}}],"collection":[{"href":"https:\/\/octopus-kemer.com\/de\/wp-json\/wp\/v2\/pages"}],"about":[{"href":"https:\/\/octopus-kemer.com\/de\/wp-json\/wp\/v2\/types\/page"}],"author":[{"embeddable":true,"href":"https:\/\/octopus-kemer.com\/de\/wp-json\/wp\/v2\/users\/1"}],"replies":[{"embeddable":true,"href":"https:\/\/octopus-kemer.com\/de\/wp-json\/wp\/v2\/comments?post=140"}],"version-history":[{"count":25,"href":"https:\/\/octopus-kemer.com\/de\/wp-json\/wp\/v2\/pages\/140\/revisions"}],"predecessor-version":[{"id":672,"href":"https:\/\/octopus-kemer.com\/de\/wp-json\/wp\/v2\/pages\/140\/revisions\/672"}],"wp:featuredmedia":[{"embeddable":true,"href":"https:\/\/octopus-kemer.com\/de\/wp-json\/wp\/v2\/media\/96"}],"wp:attachment":[{"href":"https:\/\/octopus-kemer.com\/de\/wp-json\/wp\/v2\/media?parent=140"}],"curies":[{"name":"wp","href":"https:\/\/api.w.org\/{rel}","templated":true}]}}